{"id":981,"date":"2020-03-20T14:22:14","date_gmt":"2020-03-20T13:22:14","guid":{"rendered":"http:\/\/szkolawszpitalu.ovh\/?page_id=981"},"modified":"2020-05-18T07:31:50","modified_gmt":"2020-05-18T05:31:50","slug":"gry-i-zabawy-on-line","status":"publish","type":"page","link":"https:\/\/szkolawszpitalu.ovh\/?page_id=981","title":{"rendered":"Gry i zabawy"},"content":{"rendered":"\n<ul class=\"wp-block-list\"><li><strong><span class=\"has-inline-color has-vivid-cyan-blue-color\">PROPOZYCJA ZABAWY &#8211; GRA &#8222;DOBBLE &#8211; KOLORY I KSZTA\u0141TY&#8221;- MGR EWELINA WIELG\u00d3CKA<\/span><\/strong><\/li><\/ul>\n\n\n\n<p><span class=\"has-inline-color has-vivid-cyan-blue-color\">\u0179R\u00d3D\u0141O: <\/span><a href=\"https:\/\/www.facebook.com\/fabrykapotworowPL\/\">https:\/\/www.facebook.com\/fabrykapotworowPL\/<\/a><\/p>\n\n\n\n<figure class=\"wp-block-image size-large is-resized\"><a href=\"https:\/\/szkolawszpitalu.ovh\/wp-content\/uploads\/2020\/03\/d1.jpg\"><img loading=\"lazy\" decoding=\"async\" src=\"https:\/\/szkolawszpitalu.ovh\/wp-content\/uploads\/2020\/03\/d1.jpg\" alt=\"\" class=\"wp-image-1207\" width=\"389\" height=\"541\" srcset=\"https:\/\/szkolawszpitalu.ovh\/wp-content\/uploads\/2020\/03\/d1.jpg 607w, https:\/\/szkolawszpitalu.ovh\/wp-content\/uploads\/2020\/03\/d1-216x300.jpg 216w\" sizes=\"auto, (max-width: 389px) 100vw, 389px\" \/><\/a><\/figure>\n\n\n\n<figure class=\"wp-block-image size-large is-resized\"><a href=\"https:\/\/szkolawszpitalu.ovh\/wp-content\/uploads\/2020\/03\/d2.jpg\"><img loading=\"lazy\" decoding=\"async\" src=\"https:\/\/szkolawszpitalu.ovh\/wp-content\/uploads\/2020\/03\/d2.jpg\" alt=\"\" class=\"wp-image-1208\" width=\"394\" height=\"526\" srcset=\"https:\/\/szkolawszpitalu.ovh\/wp-content\/uploads\/2020\/03\/d2.jpg 504w, https:\/\/szkolawszpitalu.ovh\/wp-content\/uploads\/2020\/03\/d2-225x300.jpg 225w\" sizes=\"auto, (max-width: 394px) 100vw, 394px\" \/><\/a><\/figure>\n\n\n\n<figure class=\"wp-block-image size-large is-resized\"><a href=\"https:\/\/szkolawszpitalu.ovh\/wp-content\/uploads\/2020\/03\/d3.jpg\"><img loading=\"lazy\" decoding=\"async\" src=\"https:\/\/szkolawszpitalu.ovh\/wp-content\/uploads\/2020\/03\/d3.jpg\" alt=\"\" class=\"wp-image-1209\" width=\"393\" height=\"524\" srcset=\"https:\/\/szkolawszpitalu.ovh\/wp-content\/uploads\/2020\/03\/d3.jpg 500w, https:\/\/szkolawszpitalu.ovh\/wp-content\/uploads\/2020\/03\/d3-225x300.jpg 225w\" sizes=\"auto, (max-width: 393px) 100vw, 393px\" \/><\/a><\/figure>\n\n\n\n<figure class=\"wp-block-image size-large is-resized\"><a href=\"https:\/\/szkolawszpitalu.ovh\/wp-content\/uploads\/2020\/03\/d4.jpg\"><img loading=\"lazy\" decoding=\"async\" src=\"https:\/\/szkolawszpitalu.ovh\/wp-content\/uploads\/2020\/03\/d4.jpg\" alt=\"\" class=\"wp-image-1210\" width=\"392\" height=\"528\" srcset=\"https:\/\/szkolawszpitalu.ovh\/wp-content\/uploads\/2020\/03\/d4.jpg 503w, https:\/\/szkolawszpitalu.ovh\/wp-content\/uploads\/2020\/03\/d4-223x300.jpg 223w\" sizes=\"auto, (max-width: 392px) 100vw, 392px\" \/><\/a><\/figure>\n\n\n\n<figure class=\"wp-block-image size-large is-resized\"><a href=\"https:\/\/szkolawszpitalu.ovh\/wp-content\/uploads\/2020\/03\/d5.jpg\"><img loading=\"lazy\" decoding=\"async\" src=\"https:\/\/szkolawszpitalu.ovh\/wp-content\/uploads\/2020\/03\/d5.jpg\" alt=\"\" class=\"wp-image-1211\" width=\"386\" height=\"534\" srcset=\"https:\/\/szkolawszpitalu.ovh\/wp-content\/uploads\/2020\/03\/d5.jpg 499w, https:\/\/szkolawszpitalu.ovh\/wp-content\/uploads\/2020\/03\/d5-217x300.jpg 217w\" sizes=\"auto, (max-width: 386px) 100vw, 386px\" \/><\/a><\/figure>\n\n\n\n<ul class=\"wp-block-list\"><li><strong><span style=\"color:#0095cc\" class=\"has-inline-color\">PROPOZYCJA ZABAWY &#8222;UBIERAMY LALKI&#8221; &#8211; MGR JUSTYNA OSIECKA<\/span><\/strong><\/li><\/ul>\n\n\n\n<p><span style=\"color:#058dc7\" class=\"has-inline-color\">\u017bR\u00d3D\u0141O: <\/span><a href=\"https:\/\/pl-pl.facebook.com\/mariezeliepl\/\">https:\/\/pl-pl.facebook.com\/mariezeliepl\/<\/a><\/p>\n\n\n\n<figure class=\"wp-block-image size-large is-resized\"><a href=\"https:\/\/szkolawszpitalu.ovh\/wp-content\/uploads\/2020\/05\/lalki1.jpg\"><img loading=\"lazy\" decoding=\"async\" src=\"https:\/\/szkolawszpitalu.ovh\/wp-content\/uploads\/2020\/05\/lalki1.jpg\" alt=\"\" class=\"wp-image-1455\" width=\"382\" height=\"284\" srcset=\"https:\/\/szkolawszpitalu.ovh\/wp-content\/uploads\/2020\/05\/lalki1.jpg 805w, https:\/\/szkolawszpitalu.ovh\/wp-content\/uploads\/2020\/05\/lalki1-300x223.jpg 300w, https:\/\/szkolawszpitalu.ovh\/wp-content\/uploads\/2020\/05\/lalki1-768x571.jpg 768w\" sizes=\"auto, (max-width: 382px) 100vw, 382px\" \/><\/a><\/figure>\n\n\n\n<figure class=\"wp-block-image size-large is-resized\"><a href=\"https:\/\/szkolawszpitalu.ovh\/wp-content\/uploads\/2020\/05\/lalki2.jpg\"><img loading=\"lazy\" decoding=\"async\" src=\"https:\/\/szkolawszpitalu.ovh\/wp-content\/uploads\/2020\/05\/lalki2-700x1024.jpg\" alt=\"\" class=\"wp-image-1456\" width=\"381\" height=\"557\" srcset=\"https:\/\/szkolawszpitalu.ovh\/wp-content\/uploads\/2020\/05\/lalki2-700x1024.jpg 700w, https:\/\/szkolawszpitalu.ovh\/wp-content\/uploads\/2020\/05\/lalki2-205x300.jpg 205w, https:\/\/szkolawszpitalu.ovh\/wp-content\/uploads\/2020\/05\/lalki2.jpg 728w\" sizes=\"auto, (max-width: 381px) 100vw, 381px\" \/><\/a><\/figure>\n\n\n\n<figure class=\"wp-block-image size-large is-resized\"><a href=\"https:\/\/szkolawszpitalu.ovh\/wp-content\/uploads\/2020\/05\/lalki3.jpg\"><img loading=\"lazy\" decoding=\"async\" src=\"https:\/\/szkolawszpitalu.ovh\/wp-content\/uploads\/2020\/05\/lalki3-693x1024.jpg\" alt=\"\" class=\"wp-image-1457\" width=\"381\" height=\"563\" srcset=\"https:\/\/szkolawszpitalu.ovh\/wp-content\/uploads\/2020\/05\/lalki3-693x1024.jpg 693w, https:\/\/szkolawszpitalu.ovh\/wp-content\/uploads\/2020\/05\/lalki3-203x300.jpg 203w, https:\/\/szkolawszpitalu.ovh\/wp-content\/uploads\/2020\/05\/lalki3.jpg 721w\" sizes=\"auto, (max-width: 381px) 100vw, 381px\" \/><\/a><\/figure>\n\n\n\n<figure class=\"wp-block-image size-large is-resized\"><a href=\"https:\/\/szkolawszpitalu.ovh\/wp-content\/uploads\/2020\/05\/lalki4.jpg\"><img loading=\"lazy\" decoding=\"async\" src=\"https:\/\/szkolawszpitalu.ovh\/wp-content\/uploads\/2020\/05\/lalki4-694x1024.jpg\" alt=\"\" class=\"wp-image-1458\" width=\"336\" height=\"495\" srcset=\"https:\/\/szkolawszpitalu.ovh\/wp-content\/uploads\/2020\/05\/lalki4-694x1024.jpg 694w, https:\/\/szkolawszpitalu.ovh\/wp-content\/uploads\/2020\/05\/lalki4-203x300.jpg 203w, https:\/\/szkolawszpitalu.ovh\/wp-content\/uploads\/2020\/05\/lalki4.jpg 721w\" sizes=\"auto, (max-width: 336px) 100vw, 336px\" \/><\/a><\/figure>\n\n\n\n<figure class=\"wp-block-image size-large is-resized\"><a href=\"https:\/\/szkolawszpitalu.ovh\/wp-content\/uploads\/2020\/05\/lalki5.jpg\"><img loading=\"lazy\" decoding=\"async\" src=\"https:\/\/szkolawszpitalu.ovh\/wp-content\/uploads\/2020\/05\/lalki5-694x1024.jpg\" alt=\"\" class=\"wp-image-1459\" width=\"369\" height=\"544\" srcset=\"https:\/\/szkolawszpitalu.ovh\/wp-content\/uploads\/2020\/05\/lalki5-694x1024.jpg 694w, https:\/\/szkolawszpitalu.ovh\/wp-content\/uploads\/2020\/05\/lalki5-203x300.jpg 203w, https:\/\/szkolawszpitalu.ovh\/wp-content\/uploads\/2020\/05\/lalki5.jpg 720w\" sizes=\"auto, (max-width: 369px) 100vw, 369px\" \/><\/a><\/figure>\n\n\n\n<figure class=\"wp-block-image size-large is-resized\"><a href=\"https:\/\/szkolawszpitalu.ovh\/wp-content\/uploads\/2020\/05\/lalki6.jpg\"><img loading=\"lazy\" decoding=\"async\" src=\"https:\/\/szkolawszpitalu.ovh\/wp-content\/uploads\/2020\/05\/lalki6-696x1024.jpg\" alt=\"\" class=\"wp-image-1460\" width=\"360\" height=\"529\" srcset=\"https:\/\/szkolawszpitalu.ovh\/wp-content\/uploads\/2020\/05\/lalki6-696x1024.jpg 696w, https:\/\/szkolawszpitalu.ovh\/wp-content\/uploads\/2020\/05\/lalki6-204x300.jpg 204w, https:\/\/szkolawszpitalu.ovh\/wp-content\/uploads\/2020\/05\/lalki6.jpg 723w\" sizes=\"auto, (max-width: 360px) 100vw, 360px\" \/><\/a><\/figure>\n\n\n\n<figure class=\"wp-block-image size-large is-resized\"><a href=\"https:\/\/szkolawszpitalu.ovh\/wp-content\/uploads\/2020\/05\/lalki7.jpg\"><img loading=\"lazy\" decoding=\"async\" src=\"https:\/\/szkolawszpitalu.ovh\/wp-content\/uploads\/2020\/05\/lalki7-702x1024.jpg\" alt=\"\" class=\"wp-image-1461\" width=\"354\" height=\"516\" srcset=\"https:\/\/szkolawszpitalu.ovh\/wp-content\/uploads\/2020\/05\/lalki7-702x1024.jpg 702w, https:\/\/szkolawszpitalu.ovh\/wp-content\/uploads\/2020\/05\/lalki7-206x300.jpg 206w, https:\/\/szkolawszpitalu.ovh\/wp-content\/uploads\/2020\/05\/lalki7.jpg 729w\" sizes=\"auto, (max-width: 354px) 100vw, 354px\" \/><\/a><\/figure>\n\n\n\n<figure class=\"wp-block-image size-large is-resized\"><a href=\"https:\/\/szkolawszpitalu.ovh\/wp-content\/uploads\/2020\/05\/lalki8.jpg\"><img loading=\"lazy\" decoding=\"async\" src=\"https:\/\/szkolawszpitalu.ovh\/wp-content\/uploads\/2020\/05\/lalki8-701x1024.jpg\" alt=\"\" class=\"wp-image-1462\" width=\"349\" height=\"509\" srcset=\"https:\/\/szkolawszpitalu.ovh\/wp-content\/uploads\/2020\/05\/lalki8-701x1024.jpg 701w, https:\/\/szkolawszpitalu.ovh\/wp-content\/uploads\/2020\/05\/lalki8-205x300.jpg 205w, https:\/\/szkolawszpitalu.ovh\/wp-content\/uploads\/2020\/05\/lalki8.jpg 728w\" sizes=\"auto, (max-width: 349px) 100vw, 349px\" \/><\/a><\/figure>\n\n\n\n<figure class=\"wp-block-image size-large is-resized\"><a href=\"https:\/\/szkolawszpitalu.ovh\/wp-content\/uploads\/2020\/05\/lalki9.jpg\"><img loading=\"lazy\" decoding=\"async\" src=\"https:\/\/szkolawszpitalu.ovh\/wp-content\/uploads\/2020\/05\/lalki9-703x1024.jpg\" alt=\"\" class=\"wp-image-1463\" width=\"370\" height=\"538\" srcset=\"https:\/\/szkolawszpitalu.ovh\/wp-content\/uploads\/2020\/05\/lalki9-703x1024.jpg 703w, https:\/\/szkolawszpitalu.ovh\/wp-content\/uploads\/2020\/05\/lalki9-206x300.jpg 206w, https:\/\/szkolawszpitalu.ovh\/wp-content\/uploads\/2020\/05\/lalki9.jpg 730w\" sizes=\"auto, (max-width: 370px) 100vw, 370px\" \/><\/a><\/figure>\n\n\n\n<figure class=\"wp-block-image size-large is-resized\"><a href=\"https:\/\/szkolawszpitalu.ovh\/wp-content\/uploads\/2020\/05\/lalki10.jpg\"><img loading=\"lazy\" decoding=\"async\" src=\"https:\/\/szkolawszpitalu.ovh\/wp-content\/uploads\/2020\/05\/lalki10-724x1024.jpg\" alt=\"\" class=\"wp-image-1464\" width=\"379\" height=\"535\" srcset=\"https:\/\/szkolawszpitalu.ovh\/wp-content\/uploads\/2020\/05\/lalki10-724x1024.jpg 724w, https:\/\/szkolawszpitalu.ovh\/wp-content\/uploads\/2020\/05\/lalki10-212x300.jpg 212w, https:\/\/szkolawszpitalu.ovh\/wp-content\/uploads\/2020\/05\/lalki10.jpg 752w\" sizes=\"auto, (max-width: 379px) 100vw, 379px\" \/><\/a><\/figure>\n\n\n\n<figure class=\"wp-block-image size-large is-resized\"><a href=\"https:\/\/szkolawszpitalu.ovh\/wp-content\/uploads\/2020\/05\/lalki11.jpg\"><img loading=\"lazy\" decoding=\"async\" src=\"https:\/\/szkolawszpitalu.ovh\/wp-content\/uploads\/2020\/05\/lalki11-718x1024.jpg\" alt=\"\" class=\"wp-image-1465\" width=\"382\" height=\"544\" srcset=\"https:\/\/szkolawszpitalu.ovh\/wp-content\/uploads\/2020\/05\/lalki11-718x1024.jpg 718w, https:\/\/szkolawszpitalu.ovh\/wp-content\/uploads\/2020\/05\/lalki11-210x300.jpg 210w, https:\/\/szkolawszpitalu.ovh\/wp-content\/uploads\/2020\/05\/lalki11.jpg 745w\" sizes=\"auto, (max-width: 382px) 100vw, 382px\" \/><\/a><\/figure>\n\n\n\n<ul class=\"wp-block-list\"><li><strong><span class=\"has-inline-color has-vivid-cyan-blue-color\">GRY I ZABAWY ONLINE:<\/span><\/strong><\/li><\/ul>\n\n\n\n<p><a href=\"http:\/\/www.eduzabawy.com\">www.eduzabawy.com<\/a><\/p>\n\n\n\n<p><a href=\"http:\/\/www.rysopisy.eduzabawy.com\">www.rysopisy.eduzabawy.com<\/a><\/p>\n\n\n\n<p><\/p>\n","protected":false},"excerpt":{"rendered":"<p>PROPOZYCJA ZABAWY &#8211; GRA &#8222;DOBBLE &#8211; KOLORY I KSZTA\u0141TY&#8221;- MGR EWELINA WIELG\u00d3CKA \u0179R\u00d3D\u0141O: https:\/\/www.facebook.com\/fabrykapotworowPL\/ PROPOZYCJA ZABAWY &#8222;UBIERAMY LALKI&#8221; &#8211; MGR JUSTYNA OSIECKA \u017bR\u00d3D\u0141O: https:\/\/pl-pl.facebook.com\/mariezeliepl\/ GRY I ZABAWY ONLINE: www.eduzabawy.com www.rysopisy.eduzabawy.com<\/p>\n","protected":false},"author":1,"featured_media":0,"parent":934,"menu_order":4,"comment_status":"closed","ping_status":"closed","template":"","meta":{"footnotes":""},"class_list":["post-981","page","type-page","status-publish","hentry"],"_links":{"self":[{"href":"https:\/\/szkolawszpitalu.ovh\/index.php?rest_route=\/wp\/v2\/pages\/981","targetHints":{"allow":["GET"]}}],"collection":[{"href":"https:\/\/szkolawszpitalu.ovh\/index.php?rest_route=\/wp\/v2\/pages"}],"about":[{"href":"https:\/\/szkolawszpitalu.ovh\/index.php?rest_route=\/wp\/v2\/types\/page"}],"author":[{"embeddable":true,"href":"https:\/\/szkolawszpitalu.ovh\/index.php?rest_route=\/wp\/v2\/users\/1"}],"replies":[{"embeddable":true,"href":"https:\/\/szkolawszpitalu.ovh\/index.php?rest_route=%2Fwp%2Fv2%2Fcomments&post=981"}],"version-history":[{"count":15,"href":"https:\/\/szkolawszpitalu.ovh\/index.php?rest_route=\/wp\/v2\/pages\/981\/revisions"}],"predecessor-version":[{"id":1506,"href":"https:\/\/szkolawszpitalu.ovh\/index.php?rest_route=\/wp\/v2\/pages\/981\/revisions\/1506"}],"up":[{"embeddable":true,"href":"https:\/\/szkolawszpitalu.ovh\/index.php?rest_route=\/wp\/v2\/pages\/934"}],"wp:attachment":[{"href":"https:\/\/szkolawszpitalu.ovh\/index.php?rest_route=%2Fwp%2Fv2%2Fmedia&parent=981"}],"curies":[{"name":"wp","href":"https:\/\/api.w.org\/{rel}","templated":true}]}}