{"id":970,"date":"2020-03-20T14:13:03","date_gmt":"2020-03-20T13:13:03","guid":{"rendered":"http:\/\/szkolawszpitalu.ovh\/?page_id=970"},"modified":"2020-06-15T17:47:32","modified_gmt":"2020-06-15T15:47:32","slug":"kreatywne-prace-plastyczne","status":"publish","type":"page","link":"https:\/\/szkolawszpitalu.ovh\/?page_id=970","title":{"rendered":"Kreatywne prace plastyczne"},"content":{"rendered":"\n<ol class=\"wp-block-list\"><li><span class=\"has-inline-color has-vivid-cyan-blue-color\"><strong>KARTKI OKOLICZNO\u015aCIOWE:<\/strong><\/span><\/li><\/ol>\n\n\n\n<ul class=\"wp-block-list\"><li><strong><span class=\"has-inline-color has-vivid-cyan-blue-color\">KARTKI NA &#8222;DZIE\u0143 S\u0141U\u017bBY ZDROWIA&#8221; &#8211; MGR DANUTA SADOWSKA<\/span><\/strong><\/li><\/ul>\n\n\n\n<figure class=\"wp-block-image size-large is-resized\"><a href=\"https:\/\/szkolawszpitalu.ovh\/wp-content\/uploads\/2020\/03\/kartki3.jpg\"><img loading=\"lazy\" decoding=\"async\" src=\"https:\/\/szkolawszpitalu.ovh\/wp-content\/uploads\/2020\/03\/kartki3-1024x768.jpg\" alt=\"\" class=\"wp-image-972\" width=\"387\" height=\"290\" srcset=\"https:\/\/szkolawszpitalu.ovh\/wp-content\/uploads\/2020\/03\/kartki3-1024x768.jpg 1024w, https:\/\/szkolawszpitalu.ovh\/wp-content\/uploads\/2020\/03\/kartki3-300x225.jpg 300w, https:\/\/szkolawszpitalu.ovh\/wp-content\/uploads\/2020\/03\/kartki3-768x576.jpg 768w, https:\/\/szkolawszpitalu.ovh\/wp-content\/uploads\/2020\/03\/kartki3-1536x1152.jpg 1536w, https:\/\/szkolawszpitalu.ovh\/wp-content\/uploads\/2020\/03\/kartki3.jpg 1687w\" sizes=\"auto, (max-width: 387px) 100vw, 387px\" \/><\/a><\/figure>\n\n\n\n<ul class=\"wp-block-list\"><li><strong><span class=\"has-inline-color has-vivid-cyan-blue-color\">KARTKI WIELKANOCNE &#8211; MGR DANUTA SADOWSKA<\/span><\/strong><\/li><\/ul>\n\n\n\n<figure class=\"wp-block-image size-large is-resized\"><a href=\"https:\/\/szkolawszpitalu.ovh\/wp-content\/uploads\/2020\/03\/kartki9.jpg\"><img loading=\"lazy\" decoding=\"async\" src=\"https:\/\/szkolawszpitalu.ovh\/wp-content\/uploads\/2020\/03\/kartki9-1024x805.jpg\" alt=\"\" class=\"wp-image-1098\" width=\"389\" height=\"305\" srcset=\"https:\/\/szkolawszpitalu.ovh\/wp-content\/uploads\/2020\/03\/kartki9-1024x805.jpg 1024w, https:\/\/szkolawszpitalu.ovh\/wp-content\/uploads\/2020\/03\/kartki9-300x236.jpg 300w, https:\/\/szkolawszpitalu.ovh\/wp-content\/uploads\/2020\/03\/kartki9-768x604.jpg 768w, https:\/\/szkolawszpitalu.ovh\/wp-content\/uploads\/2020\/03\/kartki9-1536x1207.jpg 1536w, https:\/\/szkolawszpitalu.ovh\/wp-content\/uploads\/2020\/03\/kartki9.jpg 1566w\" sizes=\"auto, (max-width: 389px) 100vw, 389px\" \/><\/a><\/figure>\n\n\n\n<ul class=\"wp-block-list\"><li><strong><span class=\"has-inline-color has-vivid-cyan-blue-color\">KARTKI WIELKANOCNE &#8211; MGR JUSTYNA OSIECKA<\/span><\/strong><\/li><\/ul>\n\n\n\n<figure class=\"wp-block-image size-large is-resized\"><a href=\"https:\/\/szkolawszpitalu.ovh\/wp-content\/uploads\/2020\/03\/kartki8-scaled.jpg\"><img loading=\"lazy\" decoding=\"async\" src=\"https:\/\/szkolawszpitalu.ovh\/wp-content\/uploads\/2020\/03\/kartki8-1024x828.jpg\" alt=\"\" class=\"wp-image-1005\" width=\"388\" height=\"313\" srcset=\"https:\/\/szkolawszpitalu.ovh\/wp-content\/uploads\/2020\/03\/kartki8-1024x828.jpg 1024w, https:\/\/szkolawszpitalu.ovh\/wp-content\/uploads\/2020\/03\/kartki8-300x243.jpg 300w, https:\/\/szkolawszpitalu.ovh\/wp-content\/uploads\/2020\/03\/kartki8-768x621.jpg 768w, https:\/\/szkolawszpitalu.ovh\/wp-content\/uploads\/2020\/03\/kartki8-1536x1243.jpg 1536w, https:\/\/szkolawszpitalu.ovh\/wp-content\/uploads\/2020\/03\/kartki8-2048x1657.jpg 2048w\" sizes=\"auto, (max-width: 388px) 100vw, 388px\" \/><\/a><\/figure>\n\n\n\n<figure class=\"wp-block-image size-large is-resized\"><a href=\"https:\/\/szkolawszpitalu.ovh\/wp-content\/uploads\/2020\/03\/kartki7-scaled.jpg\"><img loading=\"lazy\" decoding=\"async\" src=\"https:\/\/szkolawszpitalu.ovh\/wp-content\/uploads\/2020\/03\/kartki7-1024x575.jpg\" alt=\"\" class=\"wp-image-1004\" width=\"384\" height=\"215\" srcset=\"https:\/\/szkolawszpitalu.ovh\/wp-content\/uploads\/2020\/03\/kartki7-1024x575.jpg 1024w, https:\/\/szkolawszpitalu.ovh\/wp-content\/uploads\/2020\/03\/kartki7-300x168.jpg 300w, https:\/\/szkolawszpitalu.ovh\/wp-content\/uploads\/2020\/03\/kartki7-768x431.jpg 768w, https:\/\/szkolawszpitalu.ovh\/wp-content\/uploads\/2020\/03\/kartki7-1536x862.jpg 1536w, https:\/\/szkolawszpitalu.ovh\/wp-content\/uploads\/2020\/03\/kartki7-2048x1150.jpg 2048w\" sizes=\"auto, (max-width: 384px) 100vw, 384px\" \/><\/a><\/figure>\n\n\n\n<figure class=\"wp-block-image size-large is-resized\"><a href=\"https:\/\/szkolawszpitalu.ovh\/wp-content\/uploads\/2020\/03\/kartki6-scaled.jpg\"><img loading=\"lazy\" decoding=\"async\" src=\"https:\/\/szkolawszpitalu.ovh\/wp-content\/uploads\/2020\/03\/kartki6-1024x844.jpg\" alt=\"\" class=\"wp-image-1003\" width=\"384\" height=\"316\" srcset=\"https:\/\/szkolawszpitalu.ovh\/wp-content\/uploads\/2020\/03\/kartki6-1024x844.jpg 1024w, https:\/\/szkolawszpitalu.ovh\/wp-content\/uploads\/2020\/03\/kartki6-300x247.jpg 300w, https:\/\/szkolawszpitalu.ovh\/wp-content\/uploads\/2020\/03\/kartki6-768x633.jpg 768w, https:\/\/szkolawszpitalu.ovh\/wp-content\/uploads\/2020\/03\/kartki6-1536x1266.jpg 1536w, https:\/\/szkolawszpitalu.ovh\/wp-content\/uploads\/2020\/03\/kartki6-2048x1688.jpg 2048w\" sizes=\"auto, (max-width: 384px) 100vw, 384px\" \/><\/a><\/figure>\n\n\n\n<figure class=\"wp-block-image size-large is-resized\"><a href=\"https:\/\/szkolawszpitalu.ovh\/wp-content\/uploads\/2020\/03\/kartki5-scaled.jpg\"><img loading=\"lazy\" decoding=\"async\" src=\"https:\/\/szkolawszpitalu.ovh\/wp-content\/uploads\/2020\/03\/kartki5-1024x810.jpg\" alt=\"\" class=\"wp-image-1002\" width=\"386\" height=\"305\" srcset=\"https:\/\/szkolawszpitalu.ovh\/wp-content\/uploads\/2020\/03\/kartki5-1024x810.jpg 1024w, https:\/\/szkolawszpitalu.ovh\/wp-content\/uploads\/2020\/03\/kartki5-300x237.jpg 300w, https:\/\/szkolawszpitalu.ovh\/wp-content\/uploads\/2020\/03\/kartki5-768x607.jpg 768w, https:\/\/szkolawszpitalu.ovh\/wp-content\/uploads\/2020\/03\/kartki5-1536x1214.jpg 1536w, https:\/\/szkolawszpitalu.ovh\/wp-content\/uploads\/2020\/03\/kartki5-2048x1619.jpg 2048w\" sizes=\"auto, (max-width: 386px) 100vw, 386px\" \/><\/a><\/figure>\n\n\n\n<ul class=\"wp-block-list\"><li><strong><span class=\"has-inline-color has-vivid-cyan-blue-color\">KARTKI WIOSENNE &#8211; MGR MIROS\u0141AWA K\u0118DZIERSKA<\/span><\/strong><\/li><\/ul>\n\n\n\n<figure class=\"wp-block-image size-large is-resized\"><a href=\"https:\/\/szkolawszpitalu.ovh\/wp-content\/uploads\/2020\/04\/kartki10-scaled.jpg\"><img loading=\"lazy\" decoding=\"async\" src=\"https:\/\/szkolawszpitalu.ovh\/wp-content\/uploads\/2020\/04\/kartki10-745x1024.jpg\" alt=\"\" class=\"wp-image-1339\" width=\"346\" height=\"476\" srcset=\"https:\/\/szkolawszpitalu.ovh\/wp-content\/uploads\/2020\/04\/kartki10-745x1024.jpg 745w, https:\/\/szkolawszpitalu.ovh\/wp-content\/uploads\/2020\/04\/kartki10-218x300.jpg 218w, https:\/\/szkolawszpitalu.ovh\/wp-content\/uploads\/2020\/04\/kartki10-768x1056.jpg 768w, https:\/\/szkolawszpitalu.ovh\/wp-content\/uploads\/2020\/04\/kartki10-1117x1536.jpg 1117w, https:\/\/szkolawszpitalu.ovh\/wp-content\/uploads\/2020\/04\/kartki10-1489x2048.jpg 1489w, https:\/\/szkolawszpitalu.ovh\/wp-content\/uploads\/2020\/04\/kartki10-scaled.jpg 1861w\" sizes=\"auto, (max-width: 346px) 100vw, 346px\" \/><\/a><\/figure>\n\n\n\n<figure class=\"wp-block-image size-large is-resized\"><a href=\"https:\/\/szkolawszpitalu.ovh\/wp-content\/uploads\/2020\/04\/kartki11-scaled.jpg\"><img loading=\"lazy\" decoding=\"async\" src=\"https:\/\/szkolawszpitalu.ovh\/wp-content\/uploads\/2020\/04\/kartki11-744x1024.jpg\" alt=\"\" class=\"wp-image-1340\" width=\"341\" height=\"469\" srcset=\"https:\/\/szkolawszpitalu.ovh\/wp-content\/uploads\/2020\/04\/kartki11-744x1024.jpg 744w, https:\/\/szkolawszpitalu.ovh\/wp-content\/uploads\/2020\/04\/kartki11-218x300.jpg 218w, https:\/\/szkolawszpitalu.ovh\/wp-content\/uploads\/2020\/04\/kartki11-768x1056.jpg 768w, https:\/\/szkolawszpitalu.ovh\/wp-content\/uploads\/2020\/04\/kartki11-1117x1536.jpg 1117w, https:\/\/szkolawszpitalu.ovh\/wp-content\/uploads\/2020\/04\/kartki11-1489x2048.jpg 1489w, https:\/\/szkolawszpitalu.ovh\/wp-content\/uploads\/2020\/04\/kartki11-scaled.jpg 1861w\" sizes=\"auto, (max-width: 341px) 100vw, 341px\" \/><\/a><\/figure>\n\n\n\n<ul class=\"wp-block-list\"><li><strong><span style=\"color:#007ccc\" class=\"has-inline-color\">KARTKI NA &#8222;DZIE\u0143 MATKI&#8221; &#8211; <\/span><span style=\"color:#008fcc\" class=\"has-inline-color\">MGR DANUTA SADOWSKA<\/span><\/strong><\/li><\/ul>\n\n\n\n<figure class=\"wp-block-image size-large is-resized\"><a href=\"https:\/\/szkolawszpitalu.ovh\/wp-content\/uploads\/2020\/05\/kartki10-scaled.jpg\"><img loading=\"lazy\" decoding=\"async\" src=\"https:\/\/szkolawszpitalu.ovh\/wp-content\/uploads\/2020\/05\/kartki10-1024x768.jpg\" alt=\"\" class=\"wp-image-1499\" width=\"387\" height=\"290\" srcset=\"https:\/\/szkolawszpitalu.ovh\/wp-content\/uploads\/2020\/05\/kartki10-1024x768.jpg 1024w, https:\/\/szkolawszpitalu.ovh\/wp-content\/uploads\/2020\/05\/kartki10-300x225.jpg 300w, https:\/\/szkolawszpitalu.ovh\/wp-content\/uploads\/2020\/05\/kartki10-768x576.jpg 768w, https:\/\/szkolawszpitalu.ovh\/wp-content\/uploads\/2020\/05\/kartki10-1536x1152.jpg 1536w, https:\/\/szkolawszpitalu.ovh\/wp-content\/uploads\/2020\/05\/kartki10-2048x1536.jpg 2048w\" sizes=\"auto, (max-width: 387px) 100vw, 387px\" \/><\/a><\/figure>\n\n\n\n<figure class=\"wp-block-image size-large is-resized\"><a href=\"https:\/\/szkolawszpitalu.ovh\/wp-content\/uploads\/2020\/05\/kartki11-scaled.jpg\"><img loading=\"lazy\" decoding=\"async\" src=\"https:\/\/szkolawszpitalu.ovh\/wp-content\/uploads\/2020\/05\/kartki11-1024x768.jpg\" alt=\"\" class=\"wp-image-1500\" width=\"387\" height=\"289\" srcset=\"https:\/\/szkolawszpitalu.ovh\/wp-content\/uploads\/2020\/05\/kartki11-1024x768.jpg 1024w, https:\/\/szkolawszpitalu.ovh\/wp-content\/uploads\/2020\/05\/kartki11-300x225.jpg 300w, https:\/\/szkolawszpitalu.ovh\/wp-content\/uploads\/2020\/05\/kartki11-768x576.jpg 768w, https:\/\/szkolawszpitalu.ovh\/wp-content\/uploads\/2020\/05\/kartki11-1536x1152.jpg 1536w, https:\/\/szkolawszpitalu.ovh\/wp-content\/uploads\/2020\/05\/kartki11-2048x1536.jpg 2048w\" sizes=\"auto, (max-width: 387px) 100vw, 387px\" \/><\/a><\/figure>\n\n\n\n<figure class=\"wp-block-image size-large is-resized\"><a href=\"https:\/\/szkolawszpitalu.ovh\/wp-content\/uploads\/2020\/05\/kartki12-scaled.jpg\"><img loading=\"lazy\" decoding=\"async\" src=\"https:\/\/szkolawszpitalu.ovh\/wp-content\/uploads\/2020\/05\/kartki12-1024x768.jpg\" alt=\"\" class=\"wp-image-1501\" width=\"385\" height=\"289\" srcset=\"https:\/\/szkolawszpitalu.ovh\/wp-content\/uploads\/2020\/05\/kartki12-1024x768.jpg 1024w, https:\/\/szkolawszpitalu.ovh\/wp-content\/uploads\/2020\/05\/kartki12-300x225.jpg 300w, https:\/\/szkolawszpitalu.ovh\/wp-content\/uploads\/2020\/05\/kartki12-768x576.jpg 768w, https:\/\/szkolawszpitalu.ovh\/wp-content\/uploads\/2020\/05\/kartki12-1536x1152.jpg 1536w, https:\/\/szkolawszpitalu.ovh\/wp-content\/uploads\/2020\/05\/kartki12-2048x1536.jpg 2048w\" sizes=\"auto, (max-width: 385px) 100vw, 385px\" \/><\/a><\/figure>\n\n\n\n<ul class=\"wp-block-list\"><li><strong><span style=\"color:#0d96d1\" class=\"has-inline-color\">KARTKI NA &#8222;DZIE\u0143 OJCA&#8221; &#8211; MGR DANUTA SADOWSKA<\/span><\/strong><\/li><\/ul>\n\n\n\n<figure class=\"wp-block-image size-large is-resized\"><a href=\"https:\/\/szkolawszpitalu.ovh\/wp-content\/uploads\/2020\/06\/kartki13-scaled.jpg\"><img loading=\"lazy\" decoding=\"async\" src=\"https:\/\/szkolawszpitalu.ovh\/wp-content\/uploads\/2020\/06\/kartki13-768x1024.jpg\" alt=\"\" class=\"wp-image-1645\" width=\"388\" height=\"517\" srcset=\"https:\/\/szkolawszpitalu.ovh\/wp-content\/uploads\/2020\/06\/kartki13-768x1024.jpg 768w, https:\/\/szkolawszpitalu.ovh\/wp-content\/uploads\/2020\/06\/kartki13-225x300.jpg 225w, https:\/\/szkolawszpitalu.ovh\/wp-content\/uploads\/2020\/06\/kartki13-1152x1536.jpg 1152w, https:\/\/szkolawszpitalu.ovh\/wp-content\/uploads\/2020\/06\/kartki13-1536x2048.jpg 1536w, https:\/\/szkolawszpitalu.ovh\/wp-content\/uploads\/2020\/06\/kartki13-scaled.jpg 1920w\" sizes=\"auto, (max-width: 388px) 100vw, 388px\" \/><\/a><\/figure>\n\n\n\n<figure class=\"wp-block-image size-large is-resized\"><a href=\"https:\/\/szkolawszpitalu.ovh\/wp-content\/uploads\/2020\/06\/kartki14-scaled.jpg\"><img loading=\"lazy\" decoding=\"async\" src=\"https:\/\/szkolawszpitalu.ovh\/wp-content\/uploads\/2020\/06\/kartki14-1024x768.jpg\" alt=\"\" class=\"wp-image-1646\" width=\"387\" height=\"290\" srcset=\"https:\/\/szkolawszpitalu.ovh\/wp-content\/uploads\/2020\/06\/kartki14-1024x768.jpg 1024w, https:\/\/szkolawszpitalu.ovh\/wp-content\/uploads\/2020\/06\/kartki14-300x225.jpg 300w, https:\/\/szkolawszpitalu.ovh\/wp-content\/uploads\/2020\/06\/kartki14-768x576.jpg 768w, https:\/\/szkolawszpitalu.ovh\/wp-content\/uploads\/2020\/06\/kartki14-1536x1152.jpg 1536w, https:\/\/szkolawszpitalu.ovh\/wp-content\/uploads\/2020\/06\/kartki14-2048x1536.jpg 2048w\" sizes=\"auto, (max-width: 387px) 100vw, 387px\" \/><\/a><\/figure>\n\n\n\n<figure class=\"wp-block-image size-large is-resized\"><a href=\"https:\/\/szkolawszpitalu.ovh\/wp-content\/uploads\/2020\/06\/kartki15-scaled.jpg\"><img loading=\"lazy\" decoding=\"async\" src=\"https:\/\/szkolawszpitalu.ovh\/wp-content\/uploads\/2020\/06\/kartki15-1024x768.jpg\" alt=\"\" class=\"wp-image-1647\" width=\"388\" height=\"290\" srcset=\"https:\/\/szkolawszpitalu.ovh\/wp-content\/uploads\/2020\/06\/kartki15-1024x768.jpg 1024w, https:\/\/szkolawszpitalu.ovh\/wp-content\/uploads\/2020\/06\/kartki15-300x225.jpg 300w, https:\/\/szkolawszpitalu.ovh\/wp-content\/uploads\/2020\/06\/kartki15-768x576.jpg 768w, https:\/\/szkolawszpitalu.ovh\/wp-content\/uploads\/2020\/06\/kartki15-1536x1152.jpg 1536w, https:\/\/szkolawszpitalu.ovh\/wp-content\/uploads\/2020\/06\/kartki15-2048x1536.jpg 2048w\" sizes=\"auto, (max-width: 388px) 100vw, 388px\" \/><\/a><\/figure>\n\n\n\n<p>2. <span class=\"has-inline-color has-vivid-cyan-blue-color\"><strong>KREATYWNE PRACE PLASTYCZNE NAUCZYCIELI:<\/strong><\/span><\/p>\n\n\n\n<ul class=\"wp-block-list\"><li><strong><span class=\"has-inline-color has-vivid-cyan-blue-color\">&#8222;WIOSENNE KWIATY&#8221; &#8211; MGR ANNA BACZY\u0143SKA<\/span><\/strong><\/li><\/ul>\n\n\n\n<figure class=\"wp-block-image size-large is-resized\"><a href=\"https:\/\/szkolawszpitalu.ovh\/wp-content\/uploads\/2020\/03\/origami.jpg\"><img loading=\"lazy\" decoding=\"async\" src=\"https:\/\/szkolawszpitalu.ovh\/wp-content\/uploads\/2020\/03\/origami.jpg\" alt=\"\" class=\"wp-image-942\" width=\"356\" height=\"474\" srcset=\"https:\/\/szkolawszpitalu.ovh\/wp-content\/uploads\/2020\/03\/origami.jpg 600w, https:\/\/szkolawszpitalu.ovh\/wp-content\/uploads\/2020\/03\/origami-225x300.jpg 225w\" sizes=\"auto, (max-width: 356px) 100vw, 356px\" \/><\/a><\/figure>\n\n\n\n<ul class=\"wp-block-list\"><li><strong><span class=\"has-inline-color has-vivid-cyan-blue-color\">POMYS\u0141Y NA WIELKANOCNE STROIKI &#8211; MGR MA\u0141GORZATA ZAWADA<\/span><\/strong><\/li><\/ul>\n\n\n\n<figure class=\"wp-block-image size-large is-resized\"><a href=\"https:\/\/szkolawszpitalu.ovh\/wp-content\/uploads\/2020\/04\/stroik2-scaled.jpg\"><img loading=\"lazy\" decoding=\"async\" src=\"https:\/\/szkolawszpitalu.ovh\/wp-content\/uploads\/2020\/04\/stroik2-1024x768.jpg\" alt=\"\" class=\"wp-image-1246\" width=\"413\" height=\"310\" srcset=\"https:\/\/szkolawszpitalu.ovh\/wp-content\/uploads\/2020\/04\/stroik2-1024x768.jpg 1024w, https:\/\/szkolawszpitalu.ovh\/wp-content\/uploads\/2020\/04\/stroik2-300x225.jpg 300w, https:\/\/szkolawszpitalu.ovh\/wp-content\/uploads\/2020\/04\/stroik2-768x576.jpg 768w, https:\/\/szkolawszpitalu.ovh\/wp-content\/uploads\/2020\/04\/stroik2-1536x1152.jpg 1536w, https:\/\/szkolawszpitalu.ovh\/wp-content\/uploads\/2020\/04\/stroik2-2048x1536.jpg 2048w\" sizes=\"auto, (max-width: 413px) 100vw, 413px\" \/><\/a><\/figure>\n\n\n\n<figure class=\"wp-block-image size-large is-resized\"><a href=\"https:\/\/szkolawszpitalu.ovh\/wp-content\/uploads\/2020\/04\/stroik4.jpg\"><img loading=\"lazy\" decoding=\"async\" src=\"https:\/\/szkolawszpitalu.ovh\/wp-content\/uploads\/2020\/04\/stroik4-1024x727.jpg\" alt=\"\" class=\"wp-image-1247\" width=\"416\" height=\"295\" srcset=\"https:\/\/szkolawszpitalu.ovh\/wp-content\/uploads\/2020\/04\/stroik4-1024x727.jpg 1024w, https:\/\/szkolawszpitalu.ovh\/wp-content\/uploads\/2020\/04\/stroik4-300x213.jpg 300w, https:\/\/szkolawszpitalu.ovh\/wp-content\/uploads\/2020\/04\/stroik4-768x546.jpg 768w, https:\/\/szkolawszpitalu.ovh\/wp-content\/uploads\/2020\/04\/stroik4-1536x1091.jpg 1536w, https:\/\/szkolawszpitalu.ovh\/wp-content\/uploads\/2020\/04\/stroik4-2048x1455.jpg 2048w\" sizes=\"auto, (max-width: 416px) 100vw, 416px\" \/><\/a><\/figure>\n\n\n\n<figure class=\"wp-block-image size-large is-resized\"><a href=\"https:\/\/szkolawszpitalu.ovh\/wp-content\/uploads\/2020\/04\/stroik5.jpg\"><img loading=\"lazy\" decoding=\"async\" src=\"https:\/\/szkolawszpitalu.ovh\/wp-content\/uploads\/2020\/04\/stroik5-1024x1019.jpg\" alt=\"\" class=\"wp-image-1248\" width=\"419\" height=\"417\" srcset=\"https:\/\/szkolawszpitalu.ovh\/wp-content\/uploads\/2020\/04\/stroik5-1024x1019.jpg 1024w, https:\/\/szkolawszpitalu.ovh\/wp-content\/uploads\/2020\/04\/stroik5-300x300.jpg 300w, https:\/\/szkolawszpitalu.ovh\/wp-content\/uploads\/2020\/04\/stroik5-150x150.jpg 150w, https:\/\/szkolawszpitalu.ovh\/wp-content\/uploads\/2020\/04\/stroik5-768x764.jpg 768w, https:\/\/szkolawszpitalu.ovh\/wp-content\/uploads\/2020\/04\/stroik5-1536x1529.jpg 1536w, https:\/\/szkolawszpitalu.ovh\/wp-content\/uploads\/2020\/04\/stroik5-2048x2038.jpg 2048w\" sizes=\"auto, (max-width: 419px) 100vw, 419px\" \/><\/a><\/figure>\n\n\n\n<figure class=\"wp-block-image size-large is-resized\"><a href=\"https:\/\/szkolawszpitalu.ovh\/wp-content\/uploads\/2020\/05\/stroik1-scaled.jpg\"><img loading=\"lazy\" decoding=\"async\" src=\"https:\/\/szkolawszpitalu.ovh\/wp-content\/uploads\/2020\/05\/stroik1-1024x768.jpg\" alt=\"\" class=\"wp-image-1423\" width=\"424\" height=\"317\" srcset=\"https:\/\/szkolawszpitalu.ovh\/wp-content\/uploads\/2020\/05\/stroik1-1024x768.jpg 1024w, https:\/\/szkolawszpitalu.ovh\/wp-content\/uploads\/2020\/05\/stroik1-300x225.jpg 300w, https:\/\/szkolawszpitalu.ovh\/wp-content\/uploads\/2020\/05\/stroik1-768x576.jpg 768w, https:\/\/szkolawszpitalu.ovh\/wp-content\/uploads\/2020\/05\/stroik1-1536x1152.jpg 1536w, https:\/\/szkolawszpitalu.ovh\/wp-content\/uploads\/2020\/05\/stroik1-2048x1536.jpg 2048w\" sizes=\"auto, (max-width: 424px) 100vw, 424px\" \/><\/a><\/figure>\n\n\n\n<figure class=\"wp-block-image size-large is-resized\"><a href=\"https:\/\/szkolawszpitalu.ovh\/wp-content\/uploads\/2020\/05\/stroik3-scaled.jpg\"><img loading=\"lazy\" decoding=\"async\" src=\"https:\/\/szkolawszpitalu.ovh\/wp-content\/uploads\/2020\/05\/stroik3-1024x768.jpg\" alt=\"\" class=\"wp-image-1424\" width=\"424\" height=\"317\" srcset=\"https:\/\/szkolawszpitalu.ovh\/wp-content\/uploads\/2020\/05\/stroik3-1024x768.jpg 1024w, https:\/\/szkolawszpitalu.ovh\/wp-content\/uploads\/2020\/05\/stroik3-300x225.jpg 300w, https:\/\/szkolawszpitalu.ovh\/wp-content\/uploads\/2020\/05\/stroik3-768x576.jpg 768w, https:\/\/szkolawszpitalu.ovh\/wp-content\/uploads\/2020\/05\/stroik3-1536x1152.jpg 1536w, https:\/\/szkolawszpitalu.ovh\/wp-content\/uploads\/2020\/05\/stroik3-2048x1536.jpg 2048w\" sizes=\"auto, (max-width: 424px) 100vw, 424px\" \/><\/a><\/figure>\n\n\n\n<p>3. <span class=\"has-inline-color has-vivid-cyan-blue-color\"><strong>KOLOROWANKI DO POBRANIA:<\/strong><\/span><\/p>\n\n\n\n<p><a href=\"http:\/\/www.jakoloruje.pl\">www.jakoloruje.pl<\/a>, <\/p>\n\n\n\n<p><a href=\"http:\/\/www.e-kolorowanki.eu\">www.e-kolorowanki.eu<\/a>, <\/p>\n\n\n\n<p><a href=\"http:\/\/www.miastodzieci.pl\/kolorowanki\">www.miastodzieci.pl\/kolorowanki<\/a><\/p>\n\n\n\n<p>4. <span class=\"has-inline-color has-vivid-cyan-blue-color\"><strong>KREATYWNE PRACE PLASTYCZNE:<\/strong><\/span><\/p>\n\n\n\n<p><a href=\"http:\/\/www.kreatywnepraceplastyczne.blogspot.com\">www.kreatywnepraceplastyczne.blogspot.com<\/a><\/p>\n\n\n\n<p><a href=\"http:\/\/www.maluchwdomu.pl\">www.maluchwdomu.pl<\/a><\/p>\n","protected":false},"excerpt":{"rendered":"<p>KARTKI OKOLICZNO\u015aCIOWE: KARTKI NA &#8222;DZIE\u0143 S\u0141U\u017bBY ZDROWIA&#8221; &#8211; MGR DANUTA SADOWSKA KARTKI WIELKANOCNE &#8211; MGR DANUTA SADOWSKA KARTKI WIELKANOCNE &#8211; MGR JUSTYNA OSIECKA KARTKI WIOSENNE &#8211; MGR MIROS\u0141AWA K\u0118DZIERSKA KARTKI NA &#8222;DZIE\u0143 MATKI&#8221; &#8211; MGR DANUTA SADOWSKA KARTKI NA &#8222;DZIE\u0143 &hellip; <a href=\"https:\/\/szkolawszpitalu.ovh\/?page_id=970\">Czytaj dalej <span class=\"meta-nav\">&rarr;<\/span><\/a><\/p>\n","protected":false},"author":1,"featured_media":0,"parent":934,"menu_order":3,"comment_status":"closed","ping_status":"closed","template":"","meta":{"footnotes":""},"class_list":["post-970","page","type-page","status-publish","hentry"],"_links":{"self":[{"href":"https:\/\/szkolawszpitalu.ovh\/index.php?rest_route=\/wp\/v2\/pages\/970","targetHints":{"allow":["GET"]}}],"collection":[{"href":"https:\/\/szkolawszpitalu.ovh\/index.php?rest_route=\/wp\/v2\/pages"}],"about":[{"href":"https:\/\/szkolawszpitalu.ovh\/index.php?rest_route=\/wp\/v2\/types\/page"}],"author":[{"embeddable":true,"href":"https:\/\/szkolawszpitalu.ovh\/index.php?rest_route=\/wp\/v2\/users\/1"}],"replies":[{"embeddable":true,"href":"https:\/\/szkolawszpitalu.ovh\/index.php?rest_route=%2Fwp%2Fv2%2Fcomments&post=970"}],"version-history":[{"count":20,"href":"https:\/\/szkolawszpitalu.ovh\/index.php?rest_route=\/wp\/v2\/pages\/970\/revisions"}],"predecessor-version":[{"id":1652,"href":"https:\/\/szkolawszpitalu.ovh\/index.php?rest_route=\/wp\/v2\/pages\/970\/revisions\/1652"}],"up":[{"embeddable":true,"href":"https:\/\/szkolawszpitalu.ovh\/index.php?rest_route=\/wp\/v2\/pages\/934"}],"wp:attachment":[{"href":"https:\/\/szkolawszpitalu.ovh\/index.php?rest_route=%2Fwp%2Fv2%2Fmedia&parent=970"}],"curies":[{"name":"wp","href":"https:\/\/api.w.org\/{rel}","templated":true}]}}