{"id":963,"date":"2020-03-20T14:09:25","date_gmt":"2020-03-20T13:09:25","guid":{"rendered":"http:\/\/szkolawszpitalu.ovh\/?page_id=963"},"modified":"2020-06-22T07:42:55","modified_gmt":"2020-06-22T05:42:55","slug":"dekoracje-oddzialow","status":"publish","type":"page","link":"https:\/\/szkolawszpitalu.ovh\/?page_id=963","title":{"rendered":"Dekoracje oddzia\u0142\u00f3w"},"content":{"rendered":"\n<ul class=\"wp-block-list\"><li><strong><span class=\"has-inline-color has-vivid-cyan-blue-color\">GAZETKA TEMATYCZNA &#8222;KORONAWIRUS&#8221; &#8211; MGR ANNA BACZY\u0143SKA, MGR BARBARA NOWAKOWSKA, MGR EWELINA WIELG\u00d3CKA<\/span><\/strong><\/li><\/ul>\n\n\n\n<figure class=\"wp-block-image size-large is-resized\"><a href=\"https:\/\/szkolawszpitalu.ovh\/wp-content\/uploads\/2020\/04\/gazetka3-scaled.jpeg\"><img loading=\"lazy\" decoding=\"async\" src=\"https:\/\/szkolawszpitalu.ovh\/wp-content\/uploads\/2020\/04\/gazetka3-768x1024.jpeg\" alt=\"\" class=\"wp-image-1337\" width=\"373\" height=\"497\" srcset=\"https:\/\/szkolawszpitalu.ovh\/wp-content\/uploads\/2020\/04\/gazetka3-768x1024.jpeg 768w, https:\/\/szkolawszpitalu.ovh\/wp-content\/uploads\/2020\/04\/gazetka3-225x300.jpeg 225w, https:\/\/szkolawszpitalu.ovh\/wp-content\/uploads\/2020\/04\/gazetka3-1152x1536.jpeg 1152w, https:\/\/szkolawszpitalu.ovh\/wp-content\/uploads\/2020\/04\/gazetka3-1536x2048.jpeg 1536w, https:\/\/szkolawszpitalu.ovh\/wp-content\/uploads\/2020\/04\/gazetka3-scaled.jpeg 1920w\" sizes=\"auto, (max-width: 373px) 100vw, 373px\" \/><\/a><\/figure>\n\n\n\n<ul class=\"wp-block-list\"><li><strong><span class=\"has-inline-color has-vivid-cyan-blue-color\">GAZETKA OKOLICZNO\u015aCIOWA &#8222;URODZINY GDYNI&#8221; &#8211; MGR ANNA BACZY\u0143SKA, MGR AGNIESZKA ALEKSANDROWICZ, MGR KATARZYNA DRYKA<\/span><\/strong><\/li><\/ul>\n\n\n\n<figure class=\"wp-block-image size-large is-resized\"><a href=\"https:\/\/szkolawszpitalu.ovh\/wp-content\/uploads\/2020\/04\/gazetka2-scaled.jpeg\"><img loading=\"lazy\" decoding=\"async\" src=\"https:\/\/szkolawszpitalu.ovh\/wp-content\/uploads\/2020\/04\/gazetka2-697x1024.jpeg\" alt=\"\" class=\"wp-image-1336\" width=\"378\" height=\"555\" srcset=\"https:\/\/szkolawszpitalu.ovh\/wp-content\/uploads\/2020\/04\/gazetka2-697x1024.jpeg 697w, https:\/\/szkolawszpitalu.ovh\/wp-content\/uploads\/2020\/04\/gazetka2-204x300.jpeg 204w, https:\/\/szkolawszpitalu.ovh\/wp-content\/uploads\/2020\/04\/gazetka2-768x1129.jpeg 768w, https:\/\/szkolawszpitalu.ovh\/wp-content\/uploads\/2020\/04\/gazetka2-1045x1536.jpeg 1045w, https:\/\/szkolawszpitalu.ovh\/wp-content\/uploads\/2020\/04\/gazetka2-1393x2048.jpeg 1393w, https:\/\/szkolawszpitalu.ovh\/wp-content\/uploads\/2020\/04\/gazetka2-scaled.jpeg 1742w\" sizes=\"auto, (max-width: 378px) 100vw, 378px\" \/><\/a><\/figure>\n\n\n\n<ul class=\"wp-block-list\"><li><strong><span class=\"has-inline-color has-vivid-cyan-blue-color\">GAZETKA OKOLICZNO\u015aCIOWA &#8222;WIOSNA&#8221; &#8211; MGR JUSTYNA OSIECKA I MGR MA\u0141GORZATA ZAWADA<\/span><\/strong><\/li><\/ul>\n\n\n\n<figure class=\"wp-block-image size-large is-resized\"><a href=\"https:\/\/szkolawszpitalu.ovh\/wp-content\/uploads\/2020\/03\/gazetka.jpg\"><img loading=\"lazy\" decoding=\"async\" src=\"https:\/\/szkolawszpitalu.ovh\/wp-content\/uploads\/2020\/03\/gazetka-1024x962.jpg\" alt=\"\" class=\"wp-image-945\" width=\"374\" height=\"350\" srcset=\"https:\/\/szkolawszpitalu.ovh\/wp-content\/uploads\/2020\/03\/gazetka-1024x962.jpg 1024w, https:\/\/szkolawszpitalu.ovh\/wp-content\/uploads\/2020\/03\/gazetka-300x282.jpg 300w, https:\/\/szkolawszpitalu.ovh\/wp-content\/uploads\/2020\/03\/gazetka-1536x1443.jpg 1536w, https:\/\/szkolawszpitalu.ovh\/wp-content\/uploads\/2020\/03\/gazetka.jpg 1819w\" sizes=\"auto, (max-width: 374px) 100vw, 374px\" \/><\/a><\/figure>\n\n\n\n<ul class=\"wp-block-list\"><li><strong><span class=\"has-inline-color has-vivid-cyan-blue-color\">DEKORACJE WIELKANOCNE &#8211; MGR DOROTA KAPELA<\/span><\/strong><\/li><\/ul>\n\n\n\n<figure class=\"wp-block-image size-large is-resized\"><a href=\"https:\/\/szkolawszpitalu.ovh\/wp-content\/uploads\/2020\/03\/dekoracja7.jpg\"><img loading=\"lazy\" decoding=\"async\" src=\"https:\/\/szkolawszpitalu.ovh\/wp-content\/uploads\/2020\/03\/dekoracja7-1024x768.jpg\" alt=\"\" class=\"wp-image-944\" width=\"373\" height=\"280\" srcset=\"https:\/\/szkolawszpitalu.ovh\/wp-content\/uploads\/2020\/03\/dekoracja7-1024x768.jpg 1024w, https:\/\/szkolawszpitalu.ovh\/wp-content\/uploads\/2020\/03\/dekoracja7-300x225.jpg 300w, https:\/\/szkolawszpitalu.ovh\/wp-content\/uploads\/2020\/03\/dekoracja7-768x576.jpg 768w, https:\/\/szkolawszpitalu.ovh\/wp-content\/uploads\/2020\/03\/dekoracja7-1536x1152.jpg 1536w, https:\/\/szkolawszpitalu.ovh\/wp-content\/uploads\/2020\/03\/dekoracja7-2048x1536.jpg 2048w\" sizes=\"auto, (max-width: 373px) 100vw, 373px\" \/><\/a><\/figure>\n\n\n\n<figure class=\"wp-block-image size-large is-resized\"><a href=\"https:\/\/szkolawszpitalu.ovh\/wp-content\/uploads\/2020\/03\/dekoracja6.jpg\"><img loading=\"lazy\" decoding=\"async\" src=\"https:\/\/szkolawszpitalu.ovh\/wp-content\/uploads\/2020\/03\/dekoracja6-1024x685.jpg\" alt=\"\" class=\"wp-image-943\" width=\"381\" height=\"254\" srcset=\"https:\/\/szkolawszpitalu.ovh\/wp-content\/uploads\/2020\/03\/dekoracja6-1024x685.jpg 1024w, https:\/\/szkolawszpitalu.ovh\/wp-content\/uploads\/2020\/03\/dekoracja6-300x201.jpg 300w, https:\/\/szkolawszpitalu.ovh\/wp-content\/uploads\/2020\/03\/dekoracja6-768x514.jpg 768w, https:\/\/szkolawszpitalu.ovh\/wp-content\/uploads\/2020\/03\/dekoracja6-1536x1028.jpg 1536w, https:\/\/szkolawszpitalu.ovh\/wp-content\/uploads\/2020\/03\/dekoracja6-2048x1370.jpg 2048w\" sizes=\"auto, (max-width: 381px) 100vw, 381px\" \/><\/a><\/figure>\n\n\n\n<ul class=\"wp-block-list\"><li><strong><span class=\"has-inline-color has-vivid-cyan-blue-color\">DEKORACJE WIOSENNE &#8211; MGR DANUTA SADOWSKA<\/span><\/strong><\/li><\/ul>\n\n\n\n<figure class=\"wp-block-image size-large is-resized\"><a href=\"https:\/\/szkolawszpitalu.ovh\/wp-content\/uploads\/2020\/03\/wiosna2-scaled.jpg\"><img loading=\"lazy\" decoding=\"async\" src=\"https:\/\/szkolawszpitalu.ovh\/wp-content\/uploads\/2020\/03\/wiosna2-1024x768.jpg\" alt=\"\" class=\"wp-image-1006\" width=\"388\" height=\"291\" srcset=\"https:\/\/szkolawszpitalu.ovh\/wp-content\/uploads\/2020\/03\/wiosna2-1024x768.jpg 1024w, https:\/\/szkolawszpitalu.ovh\/wp-content\/uploads\/2020\/03\/wiosna2-300x225.jpg 300w, https:\/\/szkolawszpitalu.ovh\/wp-content\/uploads\/2020\/03\/wiosna2-768x576.jpg 768w, https:\/\/szkolawszpitalu.ovh\/wp-content\/uploads\/2020\/03\/wiosna2-1536x1152.jpg 1536w, https:\/\/szkolawszpitalu.ovh\/wp-content\/uploads\/2020\/03\/wiosna2-2048x1536.jpg 2048w\" sizes=\"auto, (max-width: 388px) 100vw, 388px\" \/><\/a><\/figure>\n\n\n\n<figure class=\"wp-block-image size-large is-resized\"><a href=\"https:\/\/szkolawszpitalu.ovh\/wp-content\/uploads\/2020\/03\/wiosna3-scaled.jpg\"><img loading=\"lazy\" decoding=\"async\" src=\"https:\/\/szkolawszpitalu.ovh\/wp-content\/uploads\/2020\/03\/wiosna3-1024x768.jpg\" alt=\"\" class=\"wp-image-1007\" width=\"395\" height=\"296\" srcset=\"https:\/\/szkolawszpitalu.ovh\/wp-content\/uploads\/2020\/03\/wiosna3-1024x768.jpg 1024w, https:\/\/szkolawszpitalu.ovh\/wp-content\/uploads\/2020\/03\/wiosna3-300x225.jpg 300w, https:\/\/szkolawszpitalu.ovh\/wp-content\/uploads\/2020\/03\/wiosna3-768x576.jpg 768w, https:\/\/szkolawszpitalu.ovh\/wp-content\/uploads\/2020\/03\/wiosna3-1536x1152.jpg 1536w, https:\/\/szkolawszpitalu.ovh\/wp-content\/uploads\/2020\/03\/wiosna3-2048x1536.jpg 2048w\" sizes=\"auto, (max-width: 395px) 100vw, 395px\" \/><\/a><\/figure>\n\n\n\n<figure class=\"wp-block-image size-large is-resized\"><a href=\"https:\/\/szkolawszpitalu.ovh\/wp-content\/uploads\/2020\/03\/wiosna4-scaled.jpg\"><img loading=\"lazy\" decoding=\"async\" src=\"https:\/\/szkolawszpitalu.ovh\/wp-content\/uploads\/2020\/03\/wiosna4-1024x768.jpg\" alt=\"\" class=\"wp-image-1008\" width=\"397\" height=\"298\" srcset=\"https:\/\/szkolawszpitalu.ovh\/wp-content\/uploads\/2020\/03\/wiosna4-1024x768.jpg 1024w, https:\/\/szkolawszpitalu.ovh\/wp-content\/uploads\/2020\/03\/wiosna4-300x225.jpg 300w, https:\/\/szkolawszpitalu.ovh\/wp-content\/uploads\/2020\/03\/wiosna4-768x576.jpg 768w, https:\/\/szkolawszpitalu.ovh\/wp-content\/uploads\/2020\/03\/wiosna4-1536x1152.jpg 1536w, https:\/\/szkolawszpitalu.ovh\/wp-content\/uploads\/2020\/03\/wiosna4-2048x1536.jpg 2048w\" sizes=\"auto, (max-width: 397px) 100vw, 397px\" \/><\/a><\/figure>\n\n\n\n<figure class=\"wp-block-image size-large is-resized\"><a href=\"https:\/\/szkolawszpitalu.ovh\/wp-content\/uploads\/2020\/03\/wiosna5-scaled.jpg\"><img loading=\"lazy\" decoding=\"async\" src=\"https:\/\/szkolawszpitalu.ovh\/wp-content\/uploads\/2020\/03\/wiosna5-1024x768.jpg\" alt=\"\" class=\"wp-image-1009\" width=\"401\" height=\"301\" srcset=\"https:\/\/szkolawszpitalu.ovh\/wp-content\/uploads\/2020\/03\/wiosna5-1024x768.jpg 1024w, https:\/\/szkolawszpitalu.ovh\/wp-content\/uploads\/2020\/03\/wiosna5-300x225.jpg 300w, https:\/\/szkolawszpitalu.ovh\/wp-content\/uploads\/2020\/03\/wiosna5-768x576.jpg 768w, https:\/\/szkolawszpitalu.ovh\/wp-content\/uploads\/2020\/03\/wiosna5-1536x1152.jpg 1536w, https:\/\/szkolawszpitalu.ovh\/wp-content\/uploads\/2020\/03\/wiosna5-2048x1536.jpg 2048w\" sizes=\"auto, (max-width: 401px) 100vw, 401px\" \/><\/a><\/figure>\n\n\n\n<figure class=\"wp-block-image size-large is-resized\"><a href=\"https:\/\/szkolawszpitalu.ovh\/wp-content\/uploads\/2020\/04\/wiosna6-scaled.jpg\"><img loading=\"lazy\" decoding=\"async\" src=\"https:\/\/szkolawszpitalu.ovh\/wp-content\/uploads\/2020\/04\/wiosna6-1024x736.jpg\" alt=\"\" class=\"wp-image-1367\" width=\"402\" height=\"288\" srcset=\"https:\/\/szkolawszpitalu.ovh\/wp-content\/uploads\/2020\/04\/wiosna6-1024x736.jpg 1024w, https:\/\/szkolawszpitalu.ovh\/wp-content\/uploads\/2020\/04\/wiosna6-300x216.jpg 300w, https:\/\/szkolawszpitalu.ovh\/wp-content\/uploads\/2020\/04\/wiosna6-768x552.jpg 768w, https:\/\/szkolawszpitalu.ovh\/wp-content\/uploads\/2020\/04\/wiosna6-1536x1104.jpg 1536w, https:\/\/szkolawszpitalu.ovh\/wp-content\/uploads\/2020\/04\/wiosna6-2048x1472.jpg 2048w\" sizes=\"auto, (max-width: 402px) 100vw, 402px\" \/><\/a><\/figure>\n\n\n\n<figure class=\"wp-block-image size-large is-resized\"><a href=\"https:\/\/szkolawszpitalu.ovh\/wp-content\/uploads\/2020\/05\/wiosna7-scaled.jpg\"><img loading=\"lazy\" decoding=\"async\" src=\"https:\/\/szkolawszpitalu.ovh\/wp-content\/uploads\/2020\/05\/wiosna7-1024x768.jpg\" alt=\"\" class=\"wp-image-1531\" width=\"406\" height=\"304\" srcset=\"https:\/\/szkolawszpitalu.ovh\/wp-content\/uploads\/2020\/05\/wiosna7-1024x768.jpg 1024w, https:\/\/szkolawszpitalu.ovh\/wp-content\/uploads\/2020\/05\/wiosna7-300x225.jpg 300w, https:\/\/szkolawszpitalu.ovh\/wp-content\/uploads\/2020\/05\/wiosna7-768x576.jpg 768w, https:\/\/szkolawszpitalu.ovh\/wp-content\/uploads\/2020\/05\/wiosna7-1536x1152.jpg 1536w, https:\/\/szkolawszpitalu.ovh\/wp-content\/uploads\/2020\/05\/wiosna7-2048x1536.jpg 2048w\" sizes=\"auto, (max-width: 406px) 100vw, 406px\" \/><\/a><\/figure>\n\n\n\n<ul class=\"wp-block-list\"><li><strong><span class=\"has-inline-color has-vivid-cyan-blue-color\">DEKORACJE WIELKANOCNE &#8211; MGR DANUTA SADOWSKA<\/span><\/strong><\/li><\/ul>\n\n\n\n<figure class=\"wp-block-image size-large is-resized\"><a href=\"https:\/\/szkolawszpitalu.ovh\/wp-content\/uploads\/2020\/03\/wielkanoc3-scaled.jpg\"><img loading=\"lazy\" decoding=\"async\" src=\"https:\/\/szkolawszpitalu.ovh\/wp-content\/uploads\/2020\/03\/wielkanoc3-1024x768.jpg\" alt=\"\" class=\"wp-image-1101\" width=\"407\" height=\"305\" srcset=\"https:\/\/szkolawszpitalu.ovh\/wp-content\/uploads\/2020\/03\/wielkanoc3-1024x768.jpg 1024w, https:\/\/szkolawszpitalu.ovh\/wp-content\/uploads\/2020\/03\/wielkanoc3-300x225.jpg 300w, https:\/\/szkolawszpitalu.ovh\/wp-content\/uploads\/2020\/03\/wielkanoc3-768x576.jpg 768w, https:\/\/szkolawszpitalu.ovh\/wp-content\/uploads\/2020\/03\/wielkanoc3-1536x1152.jpg 1536w, https:\/\/szkolawszpitalu.ovh\/wp-content\/uploads\/2020\/03\/wielkanoc3-2048x1536.jpg 2048w\" sizes=\"auto, (max-width: 407px) 100vw, 407px\" \/><\/a><\/figure>\n\n\n\n<figure class=\"wp-block-image size-large is-resized\"><a href=\"https:\/\/szkolawszpitalu.ovh\/wp-content\/uploads\/2020\/03\/wielkanoc2-scaled.jpg\"><img loading=\"lazy\" decoding=\"async\" src=\"https:\/\/szkolawszpitalu.ovh\/wp-content\/uploads\/2020\/03\/wielkanoc2-1024x768.jpg\" alt=\"\" class=\"wp-image-1100\" width=\"408\" height=\"306\" srcset=\"https:\/\/szkolawszpitalu.ovh\/wp-content\/uploads\/2020\/03\/wielkanoc2-1024x768.jpg 1024w, https:\/\/szkolawszpitalu.ovh\/wp-content\/uploads\/2020\/03\/wielkanoc2-300x225.jpg 300w, https:\/\/szkolawszpitalu.ovh\/wp-content\/uploads\/2020\/03\/wielkanoc2-768x576.jpg 768w, https:\/\/szkolawszpitalu.ovh\/wp-content\/uploads\/2020\/03\/wielkanoc2-1536x1152.jpg 1536w, https:\/\/szkolawszpitalu.ovh\/wp-content\/uploads\/2020\/03\/wielkanoc2-2048x1536.jpg 2048w\" sizes=\"auto, (max-width: 408px) 100vw, 408px\" \/><\/a><\/figure>\n\n\n\n<figure class=\"wp-block-image size-large is-resized\"><a href=\"https:\/\/szkolawszpitalu.ovh\/wp-content\/uploads\/2020\/03\/wielkanoc1-scaled.jpg\"><img loading=\"lazy\" decoding=\"async\" src=\"https:\/\/szkolawszpitalu.ovh\/wp-content\/uploads\/2020\/03\/wielkanoc1-1024x768.jpg\" alt=\"\" class=\"wp-image-1099\" width=\"407\" height=\"305\" srcset=\"https:\/\/szkolawszpitalu.ovh\/wp-content\/uploads\/2020\/03\/wielkanoc1-1024x768.jpg 1024w, https:\/\/szkolawszpitalu.ovh\/wp-content\/uploads\/2020\/03\/wielkanoc1-300x225.jpg 300w, https:\/\/szkolawszpitalu.ovh\/wp-content\/uploads\/2020\/03\/wielkanoc1-768x576.jpg 768w, https:\/\/szkolawszpitalu.ovh\/wp-content\/uploads\/2020\/03\/wielkanoc1-1536x1152.jpg 1536w, https:\/\/szkolawszpitalu.ovh\/wp-content\/uploads\/2020\/03\/wielkanoc1-2048x1536.jpg 2048w\" sizes=\"auto, (max-width: 407px) 100vw, 407px\" \/><\/a><\/figure>\n\n\n\n<ul class=\"wp-block-list\"><li><strong><span style=\"color:#0caef3\" class=\"has-inline-color\">DZIE\u0143 DZIECKA &#8211; MGR DANUTA SADOWSKA<\/span><\/strong><\/li><\/ul>\n\n\n\n<figure class=\"wp-block-image size-large is-resized\"><a href=\"https:\/\/szkolawszpitalu.ovh\/wp-content\/uploads\/2020\/05\/dekodzieci.jpg\"><img loading=\"lazy\" decoding=\"async\" src=\"https:\/\/szkolawszpitalu.ovh\/wp-content\/uploads\/2020\/05\/dekodzieci-1024x720.jpg\" alt=\"\" class=\"wp-image-1578\" width=\"406\" height=\"285\" srcset=\"https:\/\/szkolawszpitalu.ovh\/wp-content\/uploads\/2020\/05\/dekodzieci-1024x720.jpg 1024w, https:\/\/szkolawszpitalu.ovh\/wp-content\/uploads\/2020\/05\/dekodzieci-300x211.jpg 300w, https:\/\/szkolawszpitalu.ovh\/wp-content\/uploads\/2020\/05\/dekodzieci-768x540.jpg 768w, https:\/\/szkolawszpitalu.ovh\/wp-content\/uploads\/2020\/05\/dekodzieci.jpg 1150w\" sizes=\"auto, (max-width: 406px) 100vw, 406px\" \/><\/a><\/figure>\n\n\n\n<ul class=\"wp-block-list\"><li><strong><span style=\"color:#0595d2\" class=\"has-inline-color\">\u015aWI\u0118TO RODZINY &#8211; MGR JUSTYNA OSIECKA<\/span><\/strong><\/li><\/ul>\n\n\n\n<figure class=\"wp-block-image size-large is-resized\"><a href=\"https:\/\/szkolawszpitalu.ovh\/wp-content\/uploads\/2020\/06\/rodz1.jpg\"><img loading=\"lazy\" decoding=\"async\" src=\"https:\/\/szkolawszpitalu.ovh\/wp-content\/uploads\/2020\/06\/rodz1-1024x801.jpg\" alt=\"\" class=\"wp-image-1594\" width=\"412\" height=\"322\" srcset=\"https:\/\/szkolawszpitalu.ovh\/wp-content\/uploads\/2020\/06\/rodz1-1024x801.jpg 1024w, https:\/\/szkolawszpitalu.ovh\/wp-content\/uploads\/2020\/06\/rodz1-300x235.jpg 300w, https:\/\/szkolawszpitalu.ovh\/wp-content\/uploads\/2020\/06\/rodz1-768x601.jpg 768w, https:\/\/szkolawszpitalu.ovh\/wp-content\/uploads\/2020\/06\/rodz1.jpg 1445w\" sizes=\"auto, (max-width: 412px) 100vw, 412px\" \/><\/a><\/figure>\n\n\n\n<figure class=\"wp-block-image size-large is-resized\"><a href=\"https:\/\/szkolawszpitalu.ovh\/wp-content\/uploads\/2020\/06\/rodz2.jpg\"><img loading=\"lazy\" decoding=\"async\" src=\"https:\/\/szkolawszpitalu.ovh\/wp-content\/uploads\/2020\/06\/rodz2-1024x640.jpg\" alt=\"\" class=\"wp-image-1595\" width=\"413\" height=\"257\" srcset=\"https:\/\/szkolawszpitalu.ovh\/wp-content\/uploads\/2020\/06\/rodz2-1024x640.jpg 1024w, https:\/\/szkolawszpitalu.ovh\/wp-content\/uploads\/2020\/06\/rodz2-300x188.jpg 300w, https:\/\/szkolawszpitalu.ovh\/wp-content\/uploads\/2020\/06\/rodz2-768x480.jpg 768w, https:\/\/szkolawszpitalu.ovh\/wp-content\/uploads\/2020\/06\/rodz2-1536x960.jpg 1536w, https:\/\/szkolawszpitalu.ovh\/wp-content\/uploads\/2020\/06\/rodz2.jpg 1806w\" sizes=\"auto, (max-width: 413px) 100vw, 413px\" \/><\/a><\/figure>\n\n\n\n<figure class=\"wp-block-image size-large is-resized\"><a href=\"https:\/\/szkolawszpitalu.ovh\/wp-content\/uploads\/2020\/06\/rodz3.jpg\"><img loading=\"lazy\" decoding=\"async\" src=\"https:\/\/szkolawszpitalu.ovh\/wp-content\/uploads\/2020\/06\/rodz3-1024x789.jpg\" alt=\"\" class=\"wp-image-1596\" width=\"413\" height=\"318\" srcset=\"https:\/\/szkolawszpitalu.ovh\/wp-content\/uploads\/2020\/06\/rodz3-1024x789.jpg 1024w, https:\/\/szkolawszpitalu.ovh\/wp-content\/uploads\/2020\/06\/rodz3-300x231.jpg 300w, https:\/\/szkolawszpitalu.ovh\/wp-content\/uploads\/2020\/06\/rodz3-768x591.jpg 768w, https:\/\/szkolawszpitalu.ovh\/wp-content\/uploads\/2020\/06\/rodz3.jpg 1466w\" sizes=\"auto, (max-width: 413px) 100vw, 413px\" \/><\/a><\/figure>\n\n\n\n<figure class=\"wp-block-image size-large is-resized\"><a href=\"https:\/\/szkolawszpitalu.ovh\/wp-content\/uploads\/2020\/06\/rodz4.jpg\"><img loading=\"lazy\" decoding=\"async\" src=\"https:\/\/szkolawszpitalu.ovh\/wp-content\/uploads\/2020\/06\/rodz4-1024x621.jpg\" alt=\"\" class=\"wp-image-1657\" width=\"415\" height=\"251\" srcset=\"https:\/\/szkolawszpitalu.ovh\/wp-content\/uploads\/2020\/06\/rodz4-1024x621.jpg 1024w, https:\/\/szkolawszpitalu.ovh\/wp-content\/uploads\/2020\/06\/rodz4-300x182.jpg 300w, https:\/\/szkolawszpitalu.ovh\/wp-content\/uploads\/2020\/06\/rodz4-768x465.jpg 768w, https:\/\/szkolawszpitalu.ovh\/wp-content\/uploads\/2020\/06\/rodz4-1536x931.jpg 1536w, https:\/\/szkolawszpitalu.ovh\/wp-content\/uploads\/2020\/06\/rodz4.jpg 1871w\" sizes=\"auto, (max-width: 415px) 100vw, 415px\" \/><\/a><\/figure>\n\n\n\n<ul class=\"wp-block-list\"><li><strong><span style=\"color:#1c9ed5\" class=\"has-inline-color\">PODWODNY \u015aWIAT NEPTUNA &#8211; MGR DANUTA SADOWSKA<\/span><\/strong><\/li><\/ul>\n\n\n\n<figure class=\"wp-block-image size-large is-resized\"><a href=\"https:\/\/szkolawszpitalu.ovh\/wp-content\/uploads\/2020\/06\/morze.jpg\"><img loading=\"lazy\" decoding=\"async\" src=\"https:\/\/szkolawszpitalu.ovh\/wp-content\/uploads\/2020\/06\/morze-1024x733.jpg\" alt=\"\" class=\"wp-image-1620\" width=\"423\" height=\"302\" srcset=\"https:\/\/szkolawszpitalu.ovh\/wp-content\/uploads\/2020\/06\/morze-1024x733.jpg 1024w, https:\/\/szkolawszpitalu.ovh\/wp-content\/uploads\/2020\/06\/morze-300x215.jpg 300w, https:\/\/szkolawszpitalu.ovh\/wp-content\/uploads\/2020\/06\/morze-768x549.jpg 768w, https:\/\/szkolawszpitalu.ovh\/wp-content\/uploads\/2020\/06\/morze.jpg 1198w\" sizes=\"auto, (max-width: 423px) 100vw, 423px\" \/><\/a><\/figure>\n","protected":false},"excerpt":{"rendered":"<p>GAZETKA TEMATYCZNA &#8222;KORONAWIRUS&#8221; &#8211; MGR ANNA BACZY\u0143SKA, MGR BARBARA NOWAKOWSKA, MGR EWELINA WIELG\u00d3CKA GAZETKA OKOLICZNO\u015aCIOWA &#8222;URODZINY GDYNI&#8221; &#8211; MGR ANNA BACZY\u0143SKA, MGR AGNIESZKA ALEKSANDROWICZ, MGR KATARZYNA DRYKA GAZETKA OKOLICZNO\u015aCIOWA &#8222;WIOSNA&#8221; &#8211; MGR JUSTYNA OSIECKA I MGR MA\u0141GORZATA ZAWADA DEKORACJE WIELKANOCNE &hellip; <a href=\"https:\/\/szkolawszpitalu.ovh\/?page_id=963\">Czytaj dalej <span class=\"meta-nav\">&rarr;<\/span><\/a><\/p>\n","protected":false},"author":1,"featured_media":0,"parent":934,"menu_order":2,"comment_status":"closed","ping_status":"closed","template":"","meta":{"footnotes":""},"class_list":["post-963","page","type-page","status-publish","hentry"],"_links":{"self":[{"href":"https:\/\/szkolawszpitalu.ovh\/index.php?rest_route=\/wp\/v2\/pages\/963","targetHints":{"allow":["GET"]}}],"collection":[{"href":"https:\/\/szkolawszpitalu.ovh\/index.php?rest_route=\/wp\/v2\/pages"}],"about":[{"href":"https:\/\/szkolawszpitalu.ovh\/index.php?rest_route=\/wp\/v2\/types\/page"}],"author":[{"embeddable":true,"href":"https:\/\/szkolawszpitalu.ovh\/index.php?rest_route=\/wp\/v2\/users\/1"}],"replies":[{"embeddable":true,"href":"https:\/\/szkolawszpitalu.ovh\/index.php?rest_route=%2Fwp%2Fv2%2Fcomments&post=963"}],"version-history":[{"count":17,"href":"https:\/\/szkolawszpitalu.ovh\/index.php?rest_route=\/wp\/v2\/pages\/963\/revisions"}],"predecessor-version":[{"id":1667,"href":"https:\/\/szkolawszpitalu.ovh\/index.php?rest_route=\/wp\/v2\/pages\/963\/revisions\/1667"}],"up":[{"embeddable":true,"href":"https:\/\/szkolawszpitalu.ovh\/index.php?rest_route=\/wp\/v2\/pages\/934"}],"wp:attachment":[{"href":"https:\/\/szkolawszpitalu.ovh\/index.php?rest_route=%2Fwp%2Fv2%2Fmedia&parent=963"}],"curies":[{"name":"wp","href":"https:\/\/api.w.org\/{rel}","templated":true}]}}