{"id":934,"date":"2020-03-20T13:35:08","date_gmt":"2020-03-20T12:35:08","guid":{"rendered":"http:\/\/szkolawszpitalu.ovh\/?page_id=934"},"modified":"2020-10-19T07:37:24","modified_gmt":"2020-10-19T05:37:24","slug":"materialy","status":"publish","type":"page","link":"https:\/\/szkolawszpitalu.ovh\/?page_id=934","title":{"rendered":"Materia\u0142y &#8211; praca zdalna"},"content":{"rendered":"\n<p class=\"has-blue-color has-text-color\">Tu znajduj\u0105 si\u0119 r\u00f3\u017cnorodne materia\u0142y do zaj\u0119\u0107 dydaktycznych i wychowawczych oraz publikacje przygotowane przez nauczycieli naszej szko\u0142y w ramach pracy zdalnej. Zosta\u0142y one opracowane w okresie od 12 marca do 26 czerwca 2020r., kiedy to decyzj\u0105 Ministra Edukacji Narodowej funkcjonowanie jednostek systemu o\u015bwiaty zosta\u0142o czasowo ograniczone.<\/p>\n","protected":false},"excerpt":{"rendered":"<p>Tu znajduj\u0105 si\u0119 r\u00f3\u017cnorodne materia\u0142y do zaj\u0119\u0107 dydaktycznych i wychowawczych oraz publikacje przygotowane przez nauczycieli naszej szko\u0142y w ramach pracy zdalnej. Zosta\u0142y one opracowane w okresie od 12 marca do 26 czerwca 2020r., kiedy to decyzj\u0105 Ministra Edukacji Narodowej funkcjonowanie &hellip; <a href=\"https:\/\/szkolawszpitalu.ovh\/?page_id=934\">Czytaj dalej <span class=\"meta-nav\">&rarr;<\/span><\/a><\/p>\n","protected":false},"author":1,"featured_media":0,"parent":0,"menu_order":0,"comment_status":"closed","ping_status":"closed","template":"","meta":{"footnotes":""},"class_list":["post-934","page","type-page","status-publish","hentry"],"_links":{"self":[{"href":"https:\/\/szkolawszpitalu.ovh\/index.php?rest_route=\/wp\/v2\/pages\/934","targetHints":{"allow":["GET"]}}],"collection":[{"href":"https:\/\/szkolawszpitalu.ovh\/index.php?rest_route=\/wp\/v2\/pages"}],"about":[{"href":"https:\/\/szkolawszpitalu.ovh\/index.php?rest_route=\/wp\/v2\/types\/page"}],"author":[{"embeddable":true,"href":"https:\/\/szkolawszpitalu.ovh\/index.php?rest_route=\/wp\/v2\/users\/1"}],"replies":[{"embeddable":true,"href":"https:\/\/szkolawszpitalu.ovh\/index.php?rest_route=%2Fwp%2Fv2%2Fcomments&post=934"}],"version-history":[{"count":10,"href":"https:\/\/szkolawszpitalu.ovh\/index.php?rest_route=\/wp\/v2\/pages\/934\/revisions"}],"predecessor-version":[{"id":1674,"href":"https:\/\/szkolawszpitalu.ovh\/index.php?rest_route=\/wp\/v2\/pages\/934\/revisions\/1674"}],"wp:attachment":[{"href":"https:\/\/szkolawszpitalu.ovh\/index.php?rest_route=%2Fwp%2Fv2%2Fmedia&parent=934"}],"curies":[{"name":"wp","href":"https:\/\/api.w.org\/{rel}","templated":true}]}}