{"id":830,"date":"2018-09-18T22:44:05","date_gmt":"2018-09-18T20:44:05","guid":{"rendered":"http:\/\/szkolawszpitalu.ovh\/?page_id=830"},"modified":"2022-01-06T09:02:09","modified_gmt":"2022-01-06T08:02:09","slug":"informacje-dotyczace-ochrony-danych-osobowych","status":"publish","type":"page","link":"https:\/\/szkolawszpitalu.ovh\/?page_id=830","title":{"rendered":"Informacje dotycz\u0105ce ochrony danych osobowych"},"content":{"rendered":"<hr \/>\n<p><span style=\"color: #3366ff;\"><strong>Obowi\u0105zek informacyjny wynikaj\u0105cy z og\u00f3lnego rozporz\u0105dzenia o ochronie<\/strong><strong>\u00a0danych osobowych z dnia 27 kwietnia 2016 r. (RODO)<\/strong><\/span><\/p>\n<p><span style=\"color: #3366ff;\">Zgodnie z art. 13 ust. 1 i ust. 2 og\u00f3lnego rozporz\u0105dzenia o ochronie danych osobowych z dnia 27 kwietnia 2016 r. informuj\u0119, i\u017c:<\/span><\/p>\n<ol>\n<li><span style=\"color: #3366ff;\">Administratorem Pani\/Pana danych osobowych jest Zesp\u00f3\u0142 Szk\u00f3\u0142 Specjalnych Nr 17 w Gdyni, ul. Witomi\u0144ska 25\/27, 81-311, e-mail: sekretariat@zss17.edu.gdynia.pl<\/span><\/li>\n<li><span style=\"color: #3366ff;\">Inspektorem Ochrony Danych Osobowych jest Aleksandra Nodzy\u0144ska, e-mail: iod.edu@gdynia.pl<\/span><\/li>\n<li><span style=\"color: #3366ff;\">Dane osobowe przetwarzane b\u0119d\u0105 na podstawie art. 6 ust. 1 lit. c og\u00f3lnego rozporz\u0105dzenia o ochronie danych osobowych a dnia 27 kwietnia 2016 r. tylko i wy\u0142\u0105cznie:<\/span><\/li>\n<\/ol>\n<ul>\n<li><span style=\"color: #3366ff;\">kiedy osoba, kt\u00f3rej dane dotycz\u0105 wyrazi\u0142a na to pisemn\u0105 zgod\u0119,<\/span><\/li>\n<li><span style=\"color: #3366ff;\">w zakresie niezb\u0119dnym do prawid\u0142owego wykonywania obowi\u0105zk\u00f3w szko\u0142y, w zwi\u0105zku z realizowaniem przez ni\u0105 cel\u00f3w statutowych w przedmiocie dzia\u0142alno\u015bci na rzecz dzieci.<\/span><\/li>\n<\/ul>\n<ol start=\"5\">\n<li><span style=\"color: #3366ff;\">Administrator danych osobowych przetwarza dane w celu:<\/span><\/li>\n<\/ol>\n<ul>\n<li><span style=\"color: #3366ff;\">realizowania obowi\u0105zku edukacyjnego,<\/span><\/li>\n<li><span style=\"color: #3366ff;\">promowania dzia\u0142alno\u015bci szko\u0142y oraz sukces\u00f3w i osi\u0105gni\u0119\u0107 dziecka, (przetwarzanie i publikowanie wizerunku dziecka \u2013 zdj\u0119cia\/filmy w kronice szkolnej, gazetce szkolnej, na stronie internetowej szko\u0142y),<\/span><\/li>\n<li><span style=\"color: #3366ff;\">umo\u017cliwienia udzia\u0142u dziecka w konkursach, olimpiadach, zawodach oraz spe\u0142nieniu wymaga\u0144 stawianych przez organizator\u00f3w zewn\u0119trznych.<\/span><\/li>\n<\/ul>\n<ol start=\"6\">\n<li><span style=\"color: #3366ff;\">Dane osobowe dziecka b\u0119d\u0105 przekazywane instytucjom zewn\u0119trznym (np.: pogotowie ratunkowe, szpital, policja, stra\u017c po\u017carna itp.) tylko i wy\u0142\u0105cznie w celu udzielenia pomocy w sytuacjach nag\u0142ych, gdy zaistnieje zagro\u017cenie zdrowia\/\u017cycia dziecka.<\/span><\/li>\n<li><span style=\"color: #3366ff;\">Dane osobowe mog\u0105 by\u0107 udost\u0119pnianie wy\u0142\u0105cznie podmiotom uprawnionym do uzyskania danych osobowych na podstawie przepis\u00f3w prawa.<\/span><\/li>\n<li><span style=\"color: #3366ff;\">Dane osobowe b\u0119d\u0105 przechowywane zgodnie z instrukcj\u0105 kancelaryjn\u0105 wynikaj\u0105c\u0105 z Rozporz\u0105dzenia Prezesa Rady Ministr\u00f3w z dnia 22 grudnia 1999 r. w sprawie instrukcji kancelaryjnej dla organ\u00f3w gmin i zwi\u0105zk\u00f3w mi\u0119dzygminnych (Dz.U. Nr 112, poz. 1319).<\/span><\/li>\n<\/ol>\n<p><span style=\"color: #3366ff;\">9\u00a0\u00a0\u00a0\u00a0 W zwi\u0105zku z przetwarzaniem danych osobowych przys\u0142uguje:<\/span><\/p>\n<ul>\n<li><span style=\"color: #3366ff;\">prawo dost\u0119pu do swoich danych lub dziecka, na podstawie art. 15 Rozporz\u0105dzenia RODO,<\/span><\/li>\n<li><span style=\"color: #3366ff;\">prawo do sprostowania swoich danych lub dziecka, na podstawie art. 16 Rozporz\u0105dzenia RODO,<\/span><\/li>\n<li><span style=\"color: #3366ff;\">prawo do usuni\u0119cia swoich danych lub dziecka, na podstawie art. 18 Rozporz\u0105dzenia RODO,<\/span><\/li>\n<li><span style=\"color: #3366ff;\">prawo do wniesienia sprzeciwu wobec przetwarzania swoich danych lub dziecka, na podstawie art. 21 Rozporz\u0105dzenia RODO,<\/span><\/li>\n<li><span style=\"color: #3366ff;\">prawo do przenoszenia swoich danych lub dziecka, na podstawie art. 20 Rozporz\u0105dzenia RODO,<\/span><\/li>\n<li><span style=\"color: #3366ff;\">prawo do wniesienia skargi do organu nadzorczego gdy uzna Pan\/Pani, i\u017c przetwarzanie danych osobowych Pani\/Pana lub dziecka narusza przepisy Rozporz\u0105dzenia RODO,<\/span><\/li>\n<li><span style=\"color: #3366ff;\">prawo do cofni\u0119cia zgody w dowolnie wybranym momencie.<\/span><\/li>\n<\/ul>\n<hr \/>\n","protected":false},"excerpt":{"rendered":"<p>Obowi\u0105zek informacyjny wynikaj\u0105cy z og\u00f3lnego rozporz\u0105dzenia o ochronie\u00a0danych osobowych z dnia 27 kwietnia 2016 r. (RODO) Zgodnie z art. 13 ust. 1 i ust. 2 og\u00f3lnego rozporz\u0105dzenia o ochronie danych osobowych z dnia 27 kwietnia 2016 r. informuj\u0119, i\u017c: Administratorem &hellip; <a href=\"https:\/\/szkolawszpitalu.ovh\/?page_id=830\">Czytaj dalej <span class=\"meta-nav\">&rarr;<\/span><\/a><\/p>\n","protected":false},"author":1,"featured_media":0,"parent":0,"menu_order":0,"comment_status":"closed","ping_status":"closed","template":"","meta":{"footnotes":""},"class_list":["post-830","page","type-page","status-publish","hentry"],"_links":{"self":[{"href":"https:\/\/szkolawszpitalu.ovh\/index.php?rest_route=\/wp\/v2\/pages\/830","targetHints":{"allow":["GET"]}}],"collection":[{"href":"https:\/\/szkolawszpitalu.ovh\/index.php?rest_route=\/wp\/v2\/pages"}],"about":[{"href":"https:\/\/szkolawszpitalu.ovh\/index.php?rest_route=\/wp\/v2\/types\/page"}],"author":[{"embeddable":true,"href":"https:\/\/szkolawszpitalu.ovh\/index.php?rest_route=\/wp\/v2\/users\/1"}],"replies":[{"embeddable":true,"href":"https:\/\/szkolawszpitalu.ovh\/index.php?rest_route=%2Fwp%2Fv2%2Fcomments&post=830"}],"version-history":[{"count":8,"href":"https:\/\/szkolawszpitalu.ovh\/index.php?rest_route=\/wp\/v2\/pages\/830\/revisions"}],"predecessor-version":[{"id":1782,"href":"https:\/\/szkolawszpitalu.ovh\/index.php?rest_route=\/wp\/v2\/pages\/830\/revisions\/1782"}],"wp:attachment":[{"href":"https:\/\/szkolawszpitalu.ovh\/index.php?rest_route=%2Fwp%2Fv2%2Fmedia&parent=830"}],"curies":[{"name":"wp","href":"https:\/\/api.w.org\/{rel}","templated":true}]}}