{"id":823,"date":"2018-09-18T20:44:13","date_gmt":"2018-09-18T18:44:13","guid":{"rendered":"http:\/\/szkolawszpitalu.ovh\/?page_id=823"},"modified":"2018-10-16T15:16:00","modified_gmt":"2018-10-16T13:16:00","slug":"polityka-prywatnosci","status":"publish","type":"page","link":"https:\/\/szkolawszpitalu.ovh\/?page_id=823","title":{"rendered":"Polityka prywatno\u015bci"},"content":{"rendered":"<div class=\"policy-text\">\n<div class=\"wp-suggested-text\">\n<hr \/>\n<ol>\n<li><span style=\"color: #3366ff;\">Administratorem strony szkolawszpitalu.ovh jest <strong>Szko\u0142a Przyszpitalna w Gdyni,<\/strong> wchodz\u0105ca w sk\u0142ad\u00a0<strong>Zespo\u0142u Szk\u00f3\u0142 Specjalnych Nr 17 w Gdyni.<\/strong><\/span><\/li>\n<li><span style=\"color: #3366ff;\">Podczas wizyt na stronie zbierane s\u0105 dane gromadzone automatycznie i zapisywane w logach serwera. Obejmuj\u0105 one m.in.: adres IP, dat\u0119 i czas serwera, informacje o przegl\u0105darce internetowej i systemie operacyjnym.\u00a0<\/span><span style=\"color: #3366ff;\">Dane zapisane w logach serwera nie s\u0105 kojarzone z konkretn\u0105 osob\u0105, a ich zawarto\u015b\u0107 nie jest ujawniana nikomu poza osobami upowa\u017cnionymi do administrowania serwerem.\u00a0S\u0142u\u017c\u0105 one wy\u0142\u0105cznie sprawdzaniu prawid\u0142owego dzia\u0142ania strony.<\/span><\/li>\n<li><span style=\"color: #3366ff;\">Dostawca us\u0142ug hostingowych zbiera anonimowe dane statystyczne, kt\u00f3re nie s\u0105 powi\u0105zane z danymi osobowymi u\u017cytkownik\u00f3w.<\/span><\/li>\n<li><span style=\"color: #3366ff;\">Strona posiada zainstalowan\u0105 wtyczk\u0119, kt\u00f3ra nie gromadzi \u017cadnych danych osobowych.<\/span><\/li>\n<li><span style=\"color: #3366ff;\">Pliki cookies zbierane na stronie nie s\u0142u\u017c\u0105 identyfikacji u\u017cytkownik\u00f3w i w \u017caden spos\u00f3b nie \u0142\u0105cz\u0105 si\u0119 z danymi osobowymi odwiedzaj\u0105cych stron\u0119.<\/span><\/li>\n<li><span style=\"color: #3366ff;\">Pliki cookies s\u0105 plikami tekstowymi, kt\u00f3re s\u0105 zapisywane w\u00a0urz\u0105dzeniu ko\u0144cowym u\u017cytkownika. Wykorzystywane s\u0105 w celach statystycznych.<\/span><\/li>\n<li><span style=\"color: #3366ff;\">W celu ograniczenia, zablokowania lub usuni\u0119cia plik\u00f3w cookies z tej strony internetowej, nale\u017cy u\u017cy\u0107 przegl\u0105darki internetowej.<\/span><\/li>\n<li><span style=\"color: #3366ff;\">U\u017cytkownik mo\u017ce w\u00a0ka\u017cdej chwili dokona\u0107 zmiany ustawie\u0144 swojej przegl\u0105darki, aby zablokowa\u0107 obs\u0142ug\u0119 plik\u00f3w (cookies) lub ka\u017cdorazowo uzyskiwa\u0107 informacje o\u00a0ich umieszczeniu w\u00a0swoim urz\u0105dzeniu.<\/span><\/li>\n<\/ol>\n<p>&nbsp;<\/p>\n<p>&nbsp;<\/p>\n<p>&nbsp;<\/p>\n<p>&nbsp;<\/p>\n<h2><\/h2>\n<p>&nbsp;<\/p>\n<p class=\"privacy-policy-tutorial\">\n<\/div>\n<\/div>\n<h3><\/h3>\n<h3><\/h3>\n","protected":false},"excerpt":{"rendered":"<p>Administratorem strony szkolawszpitalu.ovh jest Szko\u0142a Przyszpitalna w Gdyni, wchodz\u0105ca w sk\u0142ad\u00a0Zespo\u0142u Szk\u00f3\u0142 Specjalnych Nr 17 w Gdyni. Podczas wizyt na stronie zbierane s\u0105 dane gromadzone automatycznie i zapisywane w logach serwera. Obejmuj\u0105 one m.in.: adres IP, dat\u0119 i czas serwera, &hellip; <a href=\"https:\/\/szkolawszpitalu.ovh\/?page_id=823\">Czytaj dalej <span class=\"meta-nav\">&rarr;<\/span><\/a><\/p>\n","protected":false},"author":1,"featured_media":0,"parent":0,"menu_order":0,"comment_status":"closed","ping_status":"closed","template":"","meta":{"footnotes":""},"class_list":["post-823","page","type-page","status-publish","hentry"],"_links":{"self":[{"href":"https:\/\/szkolawszpitalu.ovh\/index.php?rest_route=\/wp\/v2\/pages\/823","targetHints":{"allow":["GET"]}}],"collection":[{"href":"https:\/\/szkolawszpitalu.ovh\/index.php?rest_route=\/wp\/v2\/pages"}],"about":[{"href":"https:\/\/szkolawszpitalu.ovh\/index.php?rest_route=\/wp\/v2\/types\/page"}],"author":[{"embeddable":true,"href":"https:\/\/szkolawszpitalu.ovh\/index.php?rest_route=\/wp\/v2\/users\/1"}],"replies":[{"embeddable":true,"href":"https:\/\/szkolawszpitalu.ovh\/index.php?rest_route=%2Fwp%2Fv2%2Fcomments&post=823"}],"version-history":[{"count":37,"href":"https:\/\/szkolawszpitalu.ovh\/index.php?rest_route=\/wp\/v2\/pages\/823\/revisions"}],"predecessor-version":[{"id":890,"href":"https:\/\/szkolawszpitalu.ovh\/index.php?rest_route=\/wp\/v2\/pages\/823\/revisions\/890"}],"wp:attachment":[{"href":"https:\/\/szkolawszpitalu.ovh\/index.php?rest_route=%2Fwp%2Fv2%2Fmedia&parent=823"}],"curies":[{"name":"wp","href":"https:\/\/api.w.org\/{rel}","templated":true}]}}