{"id":437,"date":"2017-05-20T17:28:58","date_gmt":"2017-05-20T15:28:58","guid":{"rendered":"http:\/\/szkolawszpitalu.ovh\/?page_id=437"},"modified":"2020-10-18T17:12:49","modified_gmt":"2020-10-18T15:12:49","slug":"wydarzenia-z-zycia-szkoly","status":"publish","type":"page","link":"https:\/\/szkolawszpitalu.ovh\/?page_id=437","title":{"rendered":"Z \u017cycia szko\u0142y"},"content":{"rendered":"<hr>\n<p><span style=\"color: #3366ff;\">Codziennej pracy dydaktyczno-wychowawczej<\/span><br \/>\n<span style=\"color: #3366ff;\">towarzysz\u0105 r\u00f3wnie\u017c rozmaite uroczysto\u015bci okoliczno\u015bciowe, wizyty go\u015bci, ciekawe szkolenia jak r\u00f3wnie\u017c Og\u00f3lnopolski konkurs plastyczny, organizowany ka\u017cdego roku przez nasz\u0105 szko\u0142\u0119.<\/span><\/p>\n<hr>\n<p>&nbsp;<\/p>\n","protected":false},"excerpt":{"rendered":"<p>Codziennej pracy dydaktyczno-wychowawczej towarzysz\u0105 r\u00f3wnie\u017c rozmaite uroczysto\u015bci okoliczno\u015bciowe, wizyty go\u015bci, ciekawe szkolenia jak r\u00f3wnie\u017c Og\u00f3lnopolski konkurs plastyczny, organizowany ka\u017cdego roku przez nasz\u0105 szko\u0142\u0119. &nbsp;<\/p>\n","protected":false},"author":1,"featured_media":0,"parent":0,"menu_order":0,"comment_status":"closed","ping_status":"closed","template":"","meta":{"footnotes":""},"class_list":["post-437","page","type-page","status-publish","hentry"],"_links":{"self":[{"href":"https:\/\/szkolawszpitalu.ovh\/index.php?rest_route=\/wp\/v2\/pages\/437","targetHints":{"allow":["GET"]}}],"collection":[{"href":"https:\/\/szkolawszpitalu.ovh\/index.php?rest_route=\/wp\/v2\/pages"}],"about":[{"href":"https:\/\/szkolawszpitalu.ovh\/index.php?rest_route=\/wp\/v2\/types\/page"}],"author":[{"embeddable":true,"href":"https:\/\/szkolawszpitalu.ovh\/index.php?rest_route=\/wp\/v2\/users\/1"}],"replies":[{"embeddable":true,"href":"https:\/\/szkolawszpitalu.ovh\/index.php?rest_route=%2Fwp%2Fv2%2Fcomments&post=437"}],"version-history":[{"count":10,"href":"https:\/\/szkolawszpitalu.ovh\/index.php?rest_route=\/wp\/v2\/pages\/437\/revisions"}],"predecessor-version":[{"id":1672,"href":"https:\/\/szkolawszpitalu.ovh\/index.php?rest_route=\/wp\/v2\/pages\/437\/revisions\/1672"}],"wp:attachment":[{"href":"https:\/\/szkolawszpitalu.ovh\/index.php?rest_route=%2Fwp%2Fv2%2Fmedia&parent=437"}],"curies":[{"name":"wp","href":"https:\/\/api.w.org\/{rel}","templated":true}]}}