{"id":29,"date":"2017-05-08T08:40:37","date_gmt":"2017-05-08T06:40:37","guid":{"rendered":"http:\/\/szkolawszpitalu.ovh\/?page_id=29"},"modified":"2024-04-19T14:11:33","modified_gmt":"2024-04-19T12:11:33","slug":"kontakt","status":"publish","type":"page","link":"https:\/\/szkolawszpitalu.ovh\/?page_id=29","title":{"rendered":"Kontakt"},"content":{"rendered":"\n<hr class=\"wp-block-separator has-alpha-channel-opacity\"\/>\n\n\n\n<p class=\"has-text-align-center\"><span style=\"color: #3366ff;\">Szko\u0142a Podstawowa Specjalna <\/span><span style=\"color: #3366ff;\">dla Dzieci Przewlekle Chorych Nr 38<\/span><br><span style=\"color: #3366ff;\"> wchodz\u0105ca w sk<span style=\"color: #0000ff;\">\u0142ad <a href=\"http:\/\/zss17.org\"><strong>Zespo\u0142u Szk\u00f3\u0142 Specjalnych Nr 17 w Gdyni<\/strong><\/a><\/span><\/span><\/p>\n\n\n\n<hr class=\"wp-block-separator has-alpha-channel-opacity\"\/>\n\n\n\n<p class=\"has-text-align-center\"><span style=\"color: #3366ff;\"><strong>Dane kontaktowe:<\/strong><\/span><\/p>\n\n\n\n<p class=\"has-text-align-center has-blue-color has-text-color has-link-color wp-elements-b5858ed330b8abf86badcdcde4e30a48\">Szpital im. Wincentego A&#8217;Paulo<br><span style=\"color: #3366ff;\"> ul. W\u00f3jta Radtkego 1, 81-348 Gdynia<\/span><br><span style=\"color: #3366ff;\">&nbsp; &nbsp; &nbsp; &nbsp; &nbsp; &nbsp; &nbsp; &nbsp; &nbsp; &nbsp; &nbsp; &nbsp; &nbsp; &nbsp; &nbsp; &nbsp; &nbsp; &nbsp; &nbsp; &nbsp; &nbsp; &nbsp; &nbsp; &nbsp; &nbsp; &nbsp; &nbsp; &nbsp; &nbsp; &nbsp; &nbsp; &nbsp; &nbsp; &nbsp; &nbsp; &nbsp; &nbsp; &nbsp; &nbsp; &nbsp; &nbsp; &nbsp; &nbsp; &nbsp; &nbsp; &nbsp;<\/span><\/p>\n\n\n\n<p class=\"has-text-align-center has-blue-color has-text-color has-link-color wp-elements-407de46f4d70d72f77d23cb25d270bcc\"><span style=\"color: #3366ff;\">Zesp\u00f3\u0142 Szk\u00f3\u0142 Specjalnych Nr 17 w Gdyni<\/span><br><span style=\"color: #3366ff;\"> ul. Witomi\u0144ska 25\/27, 81-311 Gdynia<\/span><br><span style=\"color: #3366ff;\">\u00a0 \u00a0 \u00a0 \u00a0 \u00a0 \u00a0 \u00a0 \u00a0 \u00a0 \u00a0 \u00a0 \u00a0 \u00a0 \u00a0 \u00a0 \u00a0 \u00a0 \u00a0 \u00a0 \u00a0 \u00a0 \u00a0 \u00a0 \u00a0 \u00a0 \u00a0 \u00a0 \u00a0 \u00a0 \u00a0 \u00a0 \u00a0 \u00a0 \u00a0 \u00a0tel. 58 620 72\u00a0 25 \u00a0 \u00a0 \u00a0 \u00a0 \u00a0 \u00a0 \u00a0 \u00a0 \u00a0 \u00a0 \u00a0 \u00a0 \u00a0 \u00a0 \u00a0 \u00a0 \u00a0 \u00a0 \u00a0 \u00a0 \u00a0 \u00a0 \u00a0 \u00a0 \u00a0 \u00a0 \u00a0 \u00a0 \u00a0 \u00a0 \u00a0 \u00a0 \u00a0 \u00a0 \u00a0 \u00a0e-mail: sekretariat@zss17.edu.gdynia.pl<\/span>; <span style=\"color: #3366ff;\">www: zss17.org<\/span><\/p>\n\n\n\n<hr class=\"wp-block-separator has-alpha-channel-opacity\"\/>\n\n\n\n<p class=\"has-text-align-center\">&nbsp;<\/p>\n","protected":false},"excerpt":{"rendered":"<p>Szko\u0142a Podstawowa Specjalna dla Dzieci Przewlekle Chorych Nr 38 wchodz\u0105ca w sk\u0142ad Zespo\u0142u Szk\u00f3\u0142 Specjalnych Nr 17 w Gdyni Dane kontaktowe: Szpital im. Wincentego A&#8217;Paulo ul. W\u00f3jta Radtkego 1, 81-348 Gdynia&nbsp; &nbsp; &nbsp; &nbsp; &nbsp; &nbsp; &nbsp; &nbsp; &nbsp; &nbsp; &hellip; <a href=\"https:\/\/szkolawszpitalu.ovh\/?page_id=29\">Czytaj dalej <span class=\"meta-nav\">&rarr;<\/span><\/a><\/p>\n","protected":false},"author":1,"featured_media":0,"parent":0,"menu_order":0,"comment_status":"closed","ping_status":"closed","template":"","meta":{"footnotes":""},"class_list":["post-29","page","type-page","status-publish","hentry"],"_links":{"self":[{"href":"https:\/\/szkolawszpitalu.ovh\/index.php?rest_route=\/wp\/v2\/pages\/29","targetHints":{"allow":["GET"]}}],"collection":[{"href":"https:\/\/szkolawszpitalu.ovh\/index.php?rest_route=\/wp\/v2\/pages"}],"about":[{"href":"https:\/\/szkolawszpitalu.ovh\/index.php?rest_route=\/wp\/v2\/types\/page"}],"author":[{"embeddable":true,"href":"https:\/\/szkolawszpitalu.ovh\/index.php?rest_route=\/wp\/v2\/users\/1"}],"replies":[{"embeddable":true,"href":"https:\/\/szkolawszpitalu.ovh\/index.php?rest_route=%2Fwp%2Fv2%2Fcomments&post=29"}],"version-history":[{"count":26,"href":"https:\/\/szkolawszpitalu.ovh\/index.php?rest_route=\/wp\/v2\/pages\/29\/revisions"}],"predecessor-version":[{"id":2549,"href":"https:\/\/szkolawszpitalu.ovh\/index.php?rest_route=\/wp\/v2\/pages\/29\/revisions\/2549"}],"wp:attachment":[{"href":"https:\/\/szkolawszpitalu.ovh\/index.php?rest_route=%2Fwp%2Fv2%2Fmedia&parent=29"}],"curies":[{"name":"wp","href":"https:\/\/api.w.org\/{rel}","templated":true}]}}