{"id":28,"date":"2017-05-08T08:40:37","date_gmt":"2017-05-08T06:40:37","guid":{"rendered":"http:\/\/szkolawszpitalu.ovh\/?page_id=28"},"modified":"2020-04-07T11:35:48","modified_gmt":"2020-04-07T09:35:48","slug":"o-nas","status":"publish","type":"page","link":"https:\/\/szkolawszpitalu.ovh\/?page_id=28","title":{"rendered":"Informacje o szkole"},"content":{"rendered":"<hr \/>\n<p><span style=\"color: #3366ff;\">Rewalidacji oraz dzia\u0142alno\u015bci dydaktycznej s\u0142u\u017cy<\/span><br \/>\n<span style=\"color: #3366ff;\"> prawid\u0142owo postawiona diagnoza pedagogiczna,<\/span><br \/>\n<span style=\"color: #3366ff;\"> kt\u00f3ra pozwala na okre\u015blenie <a href=\"indywidualny.pdf\" target=\"_blank\" rel=\"noopener noreferrer\"><strong>poziomu wydolno\u015bci wysi\u0142kowej<br \/>\ni indywidualne dostosowanie programu nauczania<\/strong><\/a><\/span><br \/>\n<span style=\"color: #3366ff;\"> do mo\u017cliwo\u015bci uczni\u00f3w-pacjent\u00f3w.<\/span><\/p>\n<hr \/>\n<p><span style=\"color: #3366ff;\">W terapii dziecka hospitalizowanego<\/span><br \/>\n<span style=\"color: #3366ff;\"> istotne jest kompleksowe dzia\u0142anie w oparciu<\/span><br \/>\n<span style=\"color: #3366ff;\"> o Scalony Zesp\u00f3\u0142 Oddzia\u0142ywa\u0144 Leczniczo-Pedagogicznych,<\/span><br \/>\n<span style=\"color: #3366ff;\"> w ramach kt\u00f3rego wsp\u00f3\u0142pracuj\u0105 z nami<\/span><br \/>\n<span style=\"color: #3366ff;\"> S\u0142u\u017cba Zdrowia oraz rodzice uczni\u00f3w-pacjent\u00f3w.<\/span><\/p>\n<hr \/>\n<p><span style=\"color: #3366ff;\">Na bie\u017c\u0105co wsp\u00f3\u0142pracujemy tak\u017ce z nauczycielami ze szk\u00f3\u0142 macierzystych,<\/span><br \/>\n<span style=\"color: #3366ff;\"> do kt\u00f3rych ucz\u0119szczaj\u0105 nasi uczniowie,<\/span><br \/>\n<span style=\"color: #3366ff;\"> w celu korelacji tre\u015bci programowych.<\/span><br \/>\n<span style=\"color: #3366ff;\"> Uczniom d\u0142u\u017cej le\u017c\u0105cycm wysy\u0142amy za\u015bwiadczenia, na kt\u00f3rych<\/span><br \/>\n<span style=\"color: #3366ff;\"> opr\u00f3cz ocen cz\u0105stkowych wpisujemy zakres przerobionego materia\u0142u.<\/span><br \/>\n<span style=\"color: #3366ff;\"> Wsp\u00f3\u0142praca ta to r\u00f3wnie\u017c udzia\u0142 w mi\u0119dzyszkolnych konkursach plastycznych,<\/span><br \/>\n<span style=\"color: #3366ff;\"> wymiana korespondencji i odwiedziny.<\/span><\/p>\n<hr \/>\n<p><span style=\"color: #3366ff;\">W razie potrzeby uczniowie mog\u0105 na terenie szko\u0142y<\/span><br \/>\n<span style=\"color: #3366ff;\"> przyst\u0105pi\u0107 do egzaminu \u00f3smoklasisty.<\/span><\/p>\n<hr \/>\n","protected":false},"excerpt":{"rendered":"<p>Rewalidacji oraz dzia\u0142alno\u015bci dydaktycznej s\u0142u\u017cy prawid\u0142owo postawiona diagnoza pedagogiczna, kt\u00f3ra pozwala na okre\u015blenie poziomu wydolno\u015bci wysi\u0142kowej i indywidualne dostosowanie programu nauczania do mo\u017cliwo\u015bci uczni\u00f3w-pacjent\u00f3w. W terapii dziecka hospitalizowanego istotne jest kompleksowe dzia\u0142anie w oparciu o Scalony Zesp\u00f3\u0142 Oddzia\u0142ywa\u0144 Leczniczo-Pedagogicznych, w &hellip; <a href=\"https:\/\/szkolawszpitalu.ovh\/?page_id=28\">Czytaj dalej <span class=\"meta-nav\">&rarr;<\/span><\/a><\/p>\n","protected":false},"author":1,"featured_media":0,"parent":0,"menu_order":0,"comment_status":"closed","ping_status":"closed","template":"","meta":{"footnotes":""},"class_list":["post-28","page","type-page","status-publish","hentry"],"_links":{"self":[{"href":"https:\/\/szkolawszpitalu.ovh\/index.php?rest_route=\/wp\/v2\/pages\/28","targetHints":{"allow":["GET"]}}],"collection":[{"href":"https:\/\/szkolawszpitalu.ovh\/index.php?rest_route=\/wp\/v2\/pages"}],"about":[{"href":"https:\/\/szkolawszpitalu.ovh\/index.php?rest_route=\/wp\/v2\/types\/page"}],"author":[{"embeddable":true,"href":"https:\/\/szkolawszpitalu.ovh\/index.php?rest_route=\/wp\/v2\/users\/1"}],"replies":[{"embeddable":true,"href":"https:\/\/szkolawszpitalu.ovh\/index.php?rest_route=%2Fwp%2Fv2%2Fcomments&post=28"}],"version-history":[{"count":21,"href":"https:\/\/szkolawszpitalu.ovh\/index.php?rest_route=\/wp\/v2\/pages\/28\/revisions"}],"predecessor-version":[{"id":1232,"href":"https:\/\/szkolawszpitalu.ovh\/index.php?rest_route=\/wp\/v2\/pages\/28\/revisions\/1232"}],"wp:attachment":[{"href":"https:\/\/szkolawszpitalu.ovh\/index.php?rest_route=%2Fwp%2Fv2%2Fmedia&parent=28"}],"curies":[{"name":"wp","href":"https:\/\/api.w.org\/{rel}","templated":true}]}}