{"id":277,"date":"2017-05-14T12:10:52","date_gmt":"2017-05-14T10:10:52","guid":{"rendered":"http:\/\/szkolawszpitalu.ovh\/?page_id=277"},"modified":"2022-08-23T12:44:44","modified_gmt":"2022-08-23T10:44:44","slug":"20132014-2","status":"publish","type":"page","link":"https:\/\/szkolawszpitalu.ovh\/?page_id=277","title":{"rendered":"Konkursy plastyczne"},"content":{"rendered":"\n<hr class=\"wp-block-separator has-alpha-channel-opacity\"\/>\n\n\n\n<p><span style=\"color: #3366ff;\">Nasza szko\u0142a od wielu lat organizuje&nbsp;Og\u00f3lnopolski Konkurs Plastyczny oraz Wojew\u00f3dzki Konkurs Plastyczny dla uczni\u00f3w szk\u00f3\u0142 przyszpitalnych.<\/span><\/p>\n\n\n\n<p><span style=\"color: #3366ff;\">Przyznajemy nagrody i wyr\u00f3\u017cnienia w kilku kategoriach wiekowych oraz dodatkowo nagrod\u0119 Dyrektora Szko\u0142y. Po ka\u017cdej edycji konkursu organizowana jest wystawa nagrodzonych pracy.<\/span><\/p>\n\n\n\n<p><strong><span style=\"color: #3366ff;\">Oto wybrana tematyka konkurs\u00f3w:<\/span><\/strong><\/p>\n\n\n\n<ol class=\"wp-block-list\"><li><span style=\"color: #3366ff;\">Og\u00f3lnopolski Konkurs Plastyczny dla uczni\u00f3w szk\u00f3\u0142 przyszpitalnych:<\/span><\/li><\/ol>\n\n\n\n<p><span style=\"color: #3366ff;\">&#8211; &#8222;Zapro\u015b nas na wakacje&#8221;<\/span><\/p>\n\n\n<div class=\"wp-block-image is-style-rounded\">\n<figure class=\"aligncenter is-resized\"><a href=\"https:\/\/szkolawszpitalu.ovh\/wp-content\/uploads\/2017\/05\/wakacje.jpg\"><img loading=\"lazy\" decoding=\"async\" src=\"https:\/\/szkolawszpitalu.ovh\/wp-content\/uploads\/2017\/05\/wakacje-300x229.jpg\" alt=\"\" class=\"wp-image-612\" width=\"372\" height=\"284\" srcset=\"https:\/\/szkolawszpitalu.ovh\/wp-content\/uploads\/2017\/05\/wakacje-300x229.jpg 300w, https:\/\/szkolawszpitalu.ovh\/wp-content\/uploads\/2017\/05\/wakacje.jpg 640w\" sizes=\"auto, (max-width: 372px) 100vw, 372px\" \/><\/a><\/figure><\/div>\n\n\n<hr class=\"wp-block-separator has-alpha-channel-opacity\"\/>\n\n\n\n<p><u><\/u><span style=\"color: #3366ff;\">&#8211; &#8222;Magiczny \u015bwiat i jego bohaterowie&#8221;<\/span><\/p>\n\n\n<div class=\"wp-block-image is-style-rounded\">\n<figure class=\"aligncenter is-resized\"><a href=\"https:\/\/szkolawszpitalu.ovh\/wp-content\/uploads\/2017\/05\/magia.jpg\"><img loading=\"lazy\" decoding=\"async\" src=\"https:\/\/szkolawszpitalu.ovh\/wp-content\/uploads\/2017\/05\/magia-300x262.jpg\" alt=\"\" class=\"wp-image-610\" width=\"386\" height=\"337\" srcset=\"https:\/\/szkolawszpitalu.ovh\/wp-content\/uploads\/2017\/05\/magia-300x262.jpg 300w, https:\/\/szkolawszpitalu.ovh\/wp-content\/uploads\/2017\/05\/magia.jpg 550w\" sizes=\"auto, (max-width: 386px) 100vw, 386px\" \/><\/a><\/figure><\/div>\n\n\n<hr class=\"wp-block-separator has-alpha-channel-opacity\"\/>\n\n\n\n<p><span style=\"color: #3366ff;\">&#8211; &#8222;Moja wymarzona podr\u00f3\u017c&#8221;<\/span><\/p>\n\n\n<div class=\"wp-block-image is-style-rounded\">\n<figure class=\"aligncenter is-resized\"><a href=\"https:\/\/szkolawszpitalu.ovh\/wp-content\/uploads\/2017\/05\/podroz.jpg\"><img loading=\"lazy\" decoding=\"async\" src=\"https:\/\/szkolawszpitalu.ovh\/wp-content\/uploads\/2017\/05\/podroz-300x280.jpg\" alt=\"\" class=\"wp-image-697\" width=\"379\" height=\"354\" srcset=\"https:\/\/szkolawszpitalu.ovh\/wp-content\/uploads\/2017\/05\/podroz-300x280.jpg 300w, https:\/\/szkolawszpitalu.ovh\/wp-content\/uploads\/2017\/05\/podroz-768x718.jpg 768w, https:\/\/szkolawszpitalu.ovh\/wp-content\/uploads\/2017\/05\/podroz-1024x957.jpg 1024w\" sizes=\"auto, (max-width: 379px) 100vw, 379px\" \/><\/a><\/figure><\/div>\n\n\n<hr class=\"wp-block-separator has-alpha-channel-opacity\"\/>\n\n\n\n<p class=\"has-blue-color has-text-color\">2. Wojew\u00f3dzki Konkurs Plastyczny dla uczni\u00f3w szk\u00f3\u0142 przyszpitalnych:<\/p>\n\n\n\n<p class=\"has-text-color\" style=\"color:#005aa3\"><mark style=\"background-color:rgba(0, 0, 0, 0)\" class=\"has-inline-color has-blue-color\">&#8211; &#8222;Kartka bo\u017conarodzeniowa&#8221;<\/mark><\/p>\n\n\n\n<figure class=\"wp-block-gallery has-nested-images columns-default is-cropped wp-block-gallery-1 is-layout-flex wp-block-gallery-is-layout-flex\">\n<figure class=\"wp-block-image size-large is-style-default\"><a href=\"https:\/\/szkolawszpitalu.ovh\/wp-content\/uploads\/2019\/02\/IMG_1066.jpg\"><img loading=\"lazy\" decoding=\"async\" width=\"944\" height=\"1078\" data-id=\"900\" src=\"https:\/\/szkolawszpitalu.ovh\/wp-content\/uploads\/2019\/02\/IMG_1066.jpg\" alt=\"\" class=\"wp-image-900\" srcset=\"https:\/\/szkolawszpitalu.ovh\/wp-content\/uploads\/2019\/02\/IMG_1066.jpg 944w, https:\/\/szkolawszpitalu.ovh\/wp-content\/uploads\/2019\/02\/IMG_1066-263x300.jpg 263w, https:\/\/szkolawszpitalu.ovh\/wp-content\/uploads\/2019\/02\/IMG_1066-768x877.jpg 768w, https:\/\/szkolawszpitalu.ovh\/wp-content\/uploads\/2019\/02\/IMG_1066-897x1024.jpg 897w\" sizes=\"auto, (max-width: 944px) 100vw, 944px\" \/><\/a><figcaption>2018\/2019<\/figcaption><\/figure>\n\n\n\n<figure class=\"wp-block-image size-large is-style-default\"><a href=\"https:\/\/szkolawszpitalu.ovh\/wp-content\/uploads\/2020\/03\/kartka1.jpeg\"><img loading=\"lazy\" decoding=\"async\" width=\"1238\" height=\"1080\" data-id=\"924\" src=\"https:\/\/szkolawszpitalu.ovh\/wp-content\/uploads\/2020\/03\/kartka1.jpeg\" alt=\"\" class=\"wp-image-924\" srcset=\"https:\/\/szkolawszpitalu.ovh\/wp-content\/uploads\/2020\/03\/kartka1.jpeg 1238w, https:\/\/szkolawszpitalu.ovh\/wp-content\/uploads\/2020\/03\/kartka1-300x262.jpeg 300w, https:\/\/szkolawszpitalu.ovh\/wp-content\/uploads\/2020\/03\/kartka1-1024x893.jpeg 1024w, https:\/\/szkolawszpitalu.ovh\/wp-content\/uploads\/2020\/03\/kartka1-768x670.jpeg 768w\" sizes=\"auto, (max-width: 1238px) 100vw, 1238px\" \/><\/a><figcaption>2019\/2020<\/figcaption><\/figure>\n\n\n\n<figure class=\"wp-block-image size-large is-style-default\"><a href=\"https:\/\/szkolawszpitalu.ovh\/wp-content\/uploads\/2021\/02\/konkurs21.jpeg\"><img loading=\"lazy\" decoding=\"async\" width=\"588\" height=\"470\" data-id=\"1676\" src=\"https:\/\/szkolawszpitalu.ovh\/wp-content\/uploads\/2021\/02\/konkurs21.jpeg\" alt=\"\" class=\"wp-image-1676\" srcset=\"https:\/\/szkolawszpitalu.ovh\/wp-content\/uploads\/2021\/02\/konkurs21.jpeg 588w, https:\/\/szkolawszpitalu.ovh\/wp-content\/uploads\/2021\/02\/konkurs21-300x240.jpeg 300w\" sizes=\"auto, (max-width: 588px) 100vw, 588px\" \/><\/a><figcaption>2020\/2021<\/figcaption><\/figure>\n<\/figure>\n\n\n\n<p class=\"has-text-color\" style=\"color:#0033a3\"><\/p>\n\n\n\n<p><mark style=\"background-color:rgba(0, 0, 0, 0)\" class=\"has-inline-color has-blue-color\">&#8211; &#8222;Kartka wielkanocna&#8221;<\/mark><\/p>\n\n\n<div class=\"wp-block-image is-style-rounded\">\n<figure class=\"aligncenter size-large is-resized\"><a href=\"https:\/\/szkolawszpitalu.ovh\/wp-content\/uploads\/2018\/05\/IMG_20180409_105355.jpg\"><img loading=\"lazy\" decoding=\"async\" src=\"https:\/\/szkolawszpitalu.ovh\/wp-content\/uploads\/2018\/05\/IMG_20180409_105355-1024x768.jpg\" alt=\"\" class=\"wp-image-768\" width=\"415\" height=\"310\" srcset=\"https:\/\/szkolawszpitalu.ovh\/wp-content\/uploads\/2018\/05\/IMG_20180409_105355-1024x768.jpg 1024w, https:\/\/szkolawszpitalu.ovh\/wp-content\/uploads\/2018\/05\/IMG_20180409_105355-300x225.jpg 300w, https:\/\/szkolawszpitalu.ovh\/wp-content\/uploads\/2018\/05\/IMG_20180409_105355-768x576.jpg 768w\" sizes=\"auto, (max-width: 415px) 100vw, 415px\" \/><\/a><figcaption>2020\/2021<\/figcaption><\/figure><\/div>\n\n\n<p><\/p>\n\n\n\n<p><strong><span class=\"has-inline-color has-blue-color\">Konkursy pozaszkolne<\/span><\/strong><\/p>\n\n\n\n<p><mark style=\"background-color:rgba(0, 0, 0, 0)\" class=\"has-inline-color has-blue-color\">Mali pacjenci, pod kierunkiem nauczycieli naszej szko\u0142y, bior\u0105 r\u00f3wnie\u017c udzia\u0142 w r\u00f3\u017cnorodnych konkursach plastycznych organizowanych przez inne szko\u0142y.<\/mark><\/p>\n\n\n\n<ol class=\"wp-block-list\"><li><strong><mark style=\"background-color:rgba(0, 0, 0, 0)\" class=\"has-inline-color has-blue-color\">Mi\u0119dzyszkolny konkurs plastyczny &#8222;\u015awi\u0105teczne Anio\u0142y&#8221; zorganizowany przez Szko\u0142\u0119 Podstawow\u0105 Nr 90 w Gda\u0144sku<\/mark>.<\/strong><\/li><\/ol>\n\n\n<div class=\"wp-block-image is-style-rounded\">\n<figure class=\"aligncenter size-full is-resized\"><a href=\"https:\/\/szkolawszpitalu.ovh\/wp-content\/uploads\/2021\/12\/image000000.jpg\"><img loading=\"lazy\" decoding=\"async\" src=\"https:\/\/szkolawszpitalu.ovh\/wp-content\/uploads\/2021\/12\/image000000.jpg\" alt=\"\" class=\"wp-image-1769\" width=\"313\" height=\"417\" srcset=\"https:\/\/szkolawszpitalu.ovh\/wp-content\/uploads\/2021\/12\/image000000.jpg 480w, https:\/\/szkolawszpitalu.ovh\/wp-content\/uploads\/2021\/12\/image000000-225x300.jpg 225w\" sizes=\"auto, (max-width: 313px) 100vw, 313px\" \/><\/a><\/figure><\/div>\n\n\n<ul class=\"wp-block-list\"><li><mark style=\"background-color:rgba(0, 0, 0, 0)\" class=\"has-inline-color has-blue-color\">Praca plastyczna wykonana przez uczennic\u0119 klasy V<\/mark><\/li><\/ul>\n\n\n\n<figure class=\"wp-block-gallery has-nested-images columns-default is-cropped wp-block-gallery-2 is-layout-flex wp-block-gallery-is-layout-flex\">\n<figure class=\"wp-block-image size-full is-style-rounded\"><a href=\"https:\/\/szkolawszpitalu.ovh\/wp-content\/uploads\/2021\/12\/image000000-3.jpg\"><img loading=\"lazy\" decoding=\"async\" width=\"480\" height=\"640\" data-id=\"1771\" src=\"https:\/\/szkolawszpitalu.ovh\/wp-content\/uploads\/2021\/12\/image000000-3.jpg\" alt=\"\" class=\"wp-image-1771\" srcset=\"https:\/\/szkolawszpitalu.ovh\/wp-content\/uploads\/2021\/12\/image000000-3.jpg 480w, https:\/\/szkolawszpitalu.ovh\/wp-content\/uploads\/2021\/12\/image000000-3-225x300.jpg 225w\" sizes=\"auto, (max-width: 480px) 100vw, 480px\" \/><\/a><\/figure>\n\n\n\n<figure class=\"wp-block-image size-full is-style-rounded\"><a href=\"https:\/\/szkolawszpitalu.ovh\/wp-content\/uploads\/2021\/12\/image000000-2.jpg\"><img loading=\"lazy\" decoding=\"async\" width=\"480\" height=\"640\" data-id=\"1770\" src=\"https:\/\/szkolawszpitalu.ovh\/wp-content\/uploads\/2021\/12\/image000000-2.jpg\" alt=\"\" class=\"wp-image-1770\" srcset=\"https:\/\/szkolawszpitalu.ovh\/wp-content\/uploads\/2021\/12\/image000000-2.jpg 480w, https:\/\/szkolawszpitalu.ovh\/wp-content\/uploads\/2021\/12\/image000000-2-225x300.jpg 225w\" sizes=\"auto, (max-width: 480px) 100vw, 480px\" \/><\/a><\/figure>\n<\/figure>\n\n\n\n<ul class=\"wp-block-list\"><li><mark style=\"background-color:rgba(0, 0, 0, 0)\" class=\"has-inline-color has-blue-color\">Prace plastyczne wykonane przez grup\u0119 przedszkoln\u0105<\/mark><\/li><\/ul>\n\n\n\n<p>2. <strong><strong><mark style=\"background-color:rgba(0, 0, 0, 0)\" class=\"has-inline-color has-blue-color\">Mi\u0119dzyszkolny konkurs plastyczno-literacki dla Szk\u00f3\u0142 Przyszpitalnych &#8222;Nasza Matka Ziemia&#8221; zorganizowany przez Szko\u0142\u0119 Podstawow\u0105 Nr 9 w Gda\u0144sku<\/mark>.<\/strong><\/strong><\/p>\n\n\n\n<ul class=\"wp-block-list\"><li><mark style=\"background-color:rgba(0, 0, 0, 0)\" class=\"has-inline-color has-blue-color\"><mark style=\"background-color:rgba(0, 0, 0, 0)\" class=\"has-inline-color has-blue-color\">Praca plastyczna wykonana przez uczennic\u0119 klasy &#8222;O&#8221; <\/mark><\/mark>&#8211; II miejsce<\/li><\/ul>\n\n\n<div class=\"wp-block-image is-style-rounded\">\n<figure class=\"aligncenter size-large is-resized\"><a href=\"https:\/\/szkolawszpitalu.ovh\/wp-content\/uploads\/2022\/05\/wiosna7-scaled.jpeg\"><img loading=\"lazy\" decoding=\"async\" src=\"https:\/\/szkolawszpitalu.ovh\/wp-content\/uploads\/2022\/08\/wiosna7-edited-scaled.jpeg\" alt=\"\" class=\"wp-image-2060\" width=\"366\" height=\"486\" srcset=\"https:\/\/szkolawszpitalu.ovh\/wp-content\/uploads\/2022\/08\/wiosna7-edited-scaled.jpeg 1923w, https:\/\/szkolawszpitalu.ovh\/wp-content\/uploads\/2022\/08\/wiosna7-edited-225x300.jpeg 225w, https:\/\/szkolawszpitalu.ovh\/wp-content\/uploads\/2022\/08\/wiosna7-edited-769x1024.jpeg 769w, https:\/\/szkolawszpitalu.ovh\/wp-content\/uploads\/2022\/08\/wiosna7-edited-768x1022.jpeg 768w, https:\/\/szkolawszpitalu.ovh\/wp-content\/uploads\/2022\/08\/wiosna7-edited-1154x1536.jpeg 1154w, https:\/\/szkolawszpitalu.ovh\/wp-content\/uploads\/2022\/08\/wiosna7-edited-1538x2048.jpeg 1538w\" sizes=\"auto, (max-width: 366px) 100vw, 366px\" \/><\/a><\/figure><\/div>\n\n\n<p><\/p>\n","protected":false},"excerpt":{"rendered":"<p>Nasza szko\u0142a od wielu lat organizuje&nbsp;Og\u00f3lnopolski Konkurs Plastyczny oraz Wojew\u00f3dzki Konkurs Plastyczny dla uczni\u00f3w szk\u00f3\u0142 przyszpitalnych. Przyznajemy nagrody i wyr\u00f3\u017cnienia w kilku kategoriach wiekowych oraz dodatkowo nagrod\u0119 Dyrektora Szko\u0142y. Po ka\u017cdej edycji konkursu organizowana jest wystawa nagrodzonych pracy. Oto wybrana &hellip; <a href=\"https:\/\/szkolawszpitalu.ovh\/?page_id=277\">Czytaj dalej <span class=\"meta-nav\">&rarr;<\/span><\/a><\/p>\n","protected":false},"author":1,"featured_media":0,"parent":437,"menu_order":3,"comment_status":"closed","ping_status":"closed","template":"","meta":{"footnotes":""},"class_list":["post-277","page","type-page","status-publish","hentry"],"_links":{"self":[{"href":"https:\/\/szkolawszpitalu.ovh\/index.php?rest_route=\/wp\/v2\/pages\/277","targetHints":{"allow":["GET"]}}],"collection":[{"href":"https:\/\/szkolawszpitalu.ovh\/index.php?rest_route=\/wp\/v2\/pages"}],"about":[{"href":"https:\/\/szkolawszpitalu.ovh\/index.php?rest_route=\/wp\/v2\/types\/page"}],"author":[{"embeddable":true,"href":"https:\/\/szkolawszpitalu.ovh\/index.php?rest_route=\/wp\/v2\/users\/1"}],"replies":[{"embeddable":true,"href":"https:\/\/szkolawszpitalu.ovh\/index.php?rest_route=%2Fwp%2Fv2%2Fcomments&post=277"}],"version-history":[{"count":59,"href":"https:\/\/szkolawszpitalu.ovh\/index.php?rest_route=\/wp\/v2\/pages\/277\/revisions"}],"predecessor-version":[{"id":2061,"href":"https:\/\/szkolawszpitalu.ovh\/index.php?rest_route=\/wp\/v2\/pages\/277\/revisions\/2061"}],"up":[{"embeddable":true,"href":"https:\/\/szkolawszpitalu.ovh\/index.php?rest_route=\/wp\/v2\/pages\/437"}],"wp:attachment":[{"href":"https:\/\/szkolawszpitalu.ovh\/index.php?rest_route=%2Fwp%2Fv2%2Fmedia&parent=277"}],"curies":[{"name":"wp","href":"https:\/\/api.w.org\/{rel}","templated":true}]}}