{"id":2640,"date":"2024-11-21T14:06:15","date_gmt":"2024-11-21T13:06:15","guid":{"rendered":"https:\/\/szkolawszpitalu.ovh\/?page_id=2640"},"modified":"2024-11-21T14:08:27","modified_gmt":"2024-11-21T13:08:27","slug":"roczny","status":"publish","type":"page","link":"https:\/\/szkolawszpitalu.ovh\/?page_id=2640","title":{"rendered":"Roczny Plan Pracy Szko\u0142y Przyszpitalnej"},"content":{"rendered":"\n<p><strong>Rok szkolny 2024\/2025<\/strong><\/p>\n\n\n\n<p><strong>Szko\u0142a realizuje koncepcj\u0119 pracy ukierunkowan\u0105 na rozw\u00f3j uczni\u00f3w<\/strong><\/p>\n\n\n\n<figure class=\"wp-block-table\"><table class=\"has-fixed-layout\"><tbody><tr><td>ZADANIA<\/td><td>TERMIN<\/td><td>ODPOWIEDZIALNI<\/td><\/tr><tr><td>Szko\u0142a dzia\u0142a zgodnie z przyj\u0119t\u0105 koncepcj\u0105 pracy szko\u0142y.<\/td><td>Ca\u0142y rok<\/td><td>Dyrektor szko\u0142y, Nauczyciele, wychowawcy<\/td><\/tr><tr><td>Realizacja rocznego planu pracy<\/td><td>Ca\u0142y rok<\/td><td>Dyrektor szko\u0142y, Nauczyciele, wychowawcy<\/td><\/tr><\/tbody><\/table><\/figure>\n\n\n\n<p><strong>Procesy edukacyjne s\u0105 zorganizowane w spos\u00f3b sprzyjaj\u0105cy uczeniu si\u0119<\/strong><\/p>\n\n\n\n<figure class=\"wp-block-table\"><table class=\"has-fixed-layout\"><tbody><tr><td>ZADANIA<\/td><td>TERMIN<\/td><td>ODPOWIEDZIALNI<\/td><\/tr><tr><td>Nauczyciele i wychowawcy na pocz\u0105tku roku szkolnego przygotowuj\u0105 plany pracy.<\/td><td>Wrzesie\u0144 2024<\/td><td>Nauczyciele, wychowawcy<\/td><\/tr><tr><td>Organizacja zaj\u0119\u0107 pozalekcyjnych<\/td><td>Wrzesie\u0144 2024<\/td><td>Rada Pedagogiczna<\/td><\/tr><tr><td>Ustalenie regu\u0142 wsp\u00f3\u0142pracy nauczyciela i uczni\u00f3w na lekcji<\/td><td>Wrzesie\u0144 2024<\/td><td>Nauczyciele<\/td><\/tr><tr><td>Stosowanie r\u00f3\u017cnorodnych metod i form pracy<\/td><td>Ca\u0142y rok<\/td><td>Nauczyciele, wychowawcy<\/td><\/tr><tr><td>Dostosowanie metod do bie\u017c\u0105cych potrzeb oraz zainteresowa\u0144 uczni\u00f3w<\/td><td>Ca\u0142y rok<\/td><td>Nauczyciele, wychowawcy<\/td><\/tr><tr><td>Uczniowie s\u0105 oceniani na bie\u017c\u0105co, stosowane s\u0105 r\u00f3\u017cne formy oceniania<\/td><td>Ca\u0142y rok<\/td><td>Nauczyciele<\/td><\/tr><\/tbody><\/table><\/figure>\n\n\n\n<p><strong>Uczniowie nabywaj\u0105 wiadomo\u015bci i umiej\u0119tno\u015bci okre\u015blone w podstawie programowej<\/strong><\/p>\n\n\n\n<figure class=\"wp-block-table\"><table class=\"has-fixed-layout\"><tbody><tr><td>ZADANIA<\/td><td>TERMIN<\/td><td>ODPOWIEDZIALNI<\/td><\/tr><tr><td>Nauczyciele tworz\u0105 plany pracy zgodne z podstaw\u0105 programow\u0105 oraz mo\u017cliwo\u015bciami uczni\u00f3w<\/td><td>Wrzesie\u0144 2024<\/td><td>Nauczyciele<\/td><\/tr><tr><td>Wychowawcy tworz\u0105 plany pracy w korelacji z programem wychowawczym i profilaktyki &nbsp;<\/td><td>Wrzesie\u0144 2024<\/td><td>Wychowawcy<\/td><\/tr><tr><td>Nauczyciele i wychowawcy monitoruj\u0105 i analizuj\u0105 osi\u0105gni\u0119cia ka\u017cdego ucznia z uwzgl\u0119dnieniem jego mo\u017cliwo\u015bci<\/td><td>Ca\u0142y rok<\/td><td>Nauczyciele, wychowawcy, zespo\u0142y samokszta\u0142ceniowe<\/td><\/tr><\/tbody><\/table><\/figure>\n\n\n\n<p><strong>Uczniowie s\u0105 aktywni<\/strong><\/p>\n\n\n\n<figure class=\"wp-block-table\"><table class=\"has-fixed-layout\"><tbody><tr><td>ZADANIA<\/td><td>TERMIN<\/td><td>ODPOWIEDZIALNI<\/td><\/tr><tr><td><strong><\/strong>Udzia\u0142 uczni\u00f3w w konkursach szkolnych i pozaszkolnych<\/td><td>Ca\u0142y rok<\/td><td>Nauczyciele, wychowawcy<\/td><\/tr><tr><td><strong><\/strong>Zaanga\u017cowanie wszystkich uczni\u00f3w, nauczycieli, wychowawc\u00f3w w organizacj\u0119 uroczysto\u015bci szkolnych<\/td><td>Ca\u0142y rok<\/td><td>Nauczyciele, wychowawcy<\/td><\/tr><tr><td><strong><\/strong>Anga\u017cowanie uczni\u00f3w w zaj\u0119cia prowadzone w szkole<\/td><td>Ca\u0142y rok<\/td><td>Nauczyciele, wychowawcy<\/td><\/tr><tr><td><strong><\/strong>Zach\u0119canie ka\u017cdego ucznia do podejmowania r\u00f3\u017cnorodnych aktywno\u015bci<\/td><td>Ca\u0142y rok<\/td><td>Nauczyciele, wychowawcy<\/td><\/tr><\/tbody><\/table><\/figure>\n\n\n\n<p><strong>Kszta\u0142towane s\u0105 postawy i respektowane normy spo\u0142eczne<\/strong><\/p>\n\n\n\n<figure class=\"wp-block-table\"><table class=\"has-fixed-layout\"><tbody><tr><td><strong><\/strong>Rozpoznanie problem\u00f3w wychowawczych uczni\u00f3w<\/td><td>Ca\u0142y rok<\/td><td>Wychowawcy<\/td><\/tr><tr><td><strong><\/strong>Realizacja przez szko\u0142\u0119 programu wychowawczego i profilaktyki<\/td><td>Ca\u0142y rok<\/td><td>Nauczyciele, wychowawcy<\/td><\/tr><tr><td><strong><\/strong>Kontynuowanie dzia\u0142a\u0144 na rzecz kszta\u0142towania postaw spo\u0142ecznych<\/td><td>Ca\u0142y rok<\/td><td>Nauczyciele, wychowawcy<\/td><\/tr><\/tbody><\/table><\/figure>\n\n\n\n<p><strong>Szko\u0142a wspomaga rozw\u00f3j uczni\u00f3w, z uwzgl\u0119dnieniem ich indywidualnej sytuacji<\/strong><\/p>\n\n\n\n<figure class=\"wp-block-table\"><table class=\"has-fixed-layout\"><tbody><tr><td>Rozpoznawane s\u0105 mo\u017cliwo\u015bci psychofizyczne. Rozpoznaje si\u0119 sytuacj\u0119 zwi\u0105zan\u0105 z chorob\u0105 ucznia<\/td><td>Ca\u0142y rok<\/td><td>Nauczyciele, wychowawcy<\/td><\/tr><tr><td>Dostosowywanie wymaga\u0144 do mo\u017cliwo\u015bci, potrzeb i aspiracji uczni\u00f3w<\/td><td>Ca\u0142y rok<\/td><td>Nauczyciele, wychowawcy, liderzy zespo\u0142\u00f3w<\/td><\/tr><\/tbody><\/table><\/figure>\n\n\n\n<p><strong>Nauczyciele wsp\u00f3\u0142pracuj\u0105 w planowaniu i realizowaniu proces\u00f3w edukacyjnych<\/strong><\/p>\n\n\n\n<figure class=\"wp-block-table\"><table class=\"has-fixed-layout\"><tbody><tr><td>Nauczyciele wsp\u00f3\u0142pracuj\u0105 w zespo\u0142ach samokszta\u0142ceniowych<\/td><td>Ca\u0142y rok<\/td><td>Dyrektor, nauczyciele<\/td><\/tr><tr><td>Nauczyciele prowadz\u0105 lekcje otwarte i kole\u017ce\u0144skie<\/td><td>Ca\u0142y rok<\/td><td>Nauczyciele<\/td><\/tr><tr><td>Wspieranie nauczycieli ubiegaj\u0105cych si\u0119 o kolejny stopie\u0144 awansu zawodowego<\/td><td>Ca\u0142y rok<\/td><td>Dyrektor<\/td><\/tr><tr><td>Nauczyciele i wychowawcy pomagaj\u0105 sobie nawzajem&nbsp;&nbsp;&nbsp;&nbsp;&nbsp;&nbsp;&nbsp;&nbsp;&nbsp;&nbsp;&nbsp;&nbsp;&nbsp;&nbsp;&nbsp;&nbsp; &nbsp;&nbsp;&nbsp;&nbsp;i wsp\u00f3lnie rozwi\u0105zuj\u0105 problemy<\/td><td>Ca\u0142y rok<\/td><td>Nauczyciele, wychowawcy<\/td><\/tr><\/tbody><\/table><\/figure>\n\n\n\n<p><strong>Promowana jest warto\u015b\u0107 edukacji<\/strong><\/p>\n\n\n\n<figure class=\"wp-block-table\"><table class=\"has-fixed-layout\"><tbody><tr><td>Prowadzenie dzia\u0142a\u0144 kszta\u0142tuj\u0105cych pozytywny klimat sprzyjaj\u0105cy uczeniu si\u0119<\/td><td>Ca\u0142y rok<\/td><td>Dyrektor, nauczyciele<\/td><\/tr><tr><td>Udzia\u0142 uczni\u00f3w w konkursach r\u00f3\u017cnego szczebla<\/td><td>Ca\u0142y rok<\/td><td>Nauczyciele, wychowawcy<\/td><\/tr><tr><td>Terminowa realizacja terminarza szko\u0142y<\/td><td>Ca\u0142y rok<\/td><td>Dyrektor, nauczyciele, wychowawcy<\/td><\/tr><\/tbody><\/table><\/figure>\n\n\n\n<p><strong>Rodzice s\u0105 partnerami szko\u0142y<\/strong><\/p>\n\n\n\n<figure class=\"wp-block-table\"><table class=\"has-fixed-layout\"><tbody><tr><td>Anga\u017cowanie rodzic\u00f3w w proces edukacyjny i wychowawczy ich dzieci<\/td><td>Ca\u0142y rok<\/td><td>Nauczyciele, wychowawcy<\/td><\/tr><tr><td>Rodzice wsp\u00f3\u0142decyduj\u0105 w sprawach szko\u0142y i uczestnicz\u0105 w podejmowanych dzia\u0142aniach<\/td><td>Ca\u0142y rok<\/td><td>Dyrektor, nauczyciele, wychowawcy<\/td><\/tr><tr><td>Szko\u0142a pozyskuje i wykorzystuje opinie rodzic\u00f3w na temat swojej pracy<\/td><td>Ca\u0142y rok<\/td><td>Dyrektor, nauczyciele, wychowawcy<\/td><\/tr><\/tbody><\/table><\/figure>\n\n\n\n<p><strong>Wykorzystywane s\u0105 zasoby szko\u0142y oraz \u015brodowiska lokalnego na rzecz wzajemnego rozwoju<\/strong><\/p>\n\n\n\n<figure class=\"wp-block-table\"><table class=\"has-fixed-layout\"><tbody><tr><td>Korzystanie z ofert&nbsp; organizacji, instytucji dzia\u0142aj\u0105cych na rzecz edukacji<\/td><td>Ca\u0142y rok<\/td><td>Nauczyciele<\/td><\/tr><tr><td>Kontynuowanie wsp\u00f3\u0142pracy&nbsp;&nbsp;&nbsp;&nbsp;&nbsp;&nbsp;&nbsp;&nbsp;&nbsp;&nbsp;&nbsp;&nbsp;&nbsp;&nbsp;&nbsp;&nbsp;&nbsp; z macierzystymi szko\u0142ami<\/td><td>Ca\u0142y rok<\/td><td>Nauczyciele<\/td><\/tr><\/tbody><\/table><\/figure>\n\n\n\n<p><strong>Zarz\u0105dzanie szko\u0142\u0105 s\u0142u\u017cy jej rozwojowi<\/strong><\/p>\n\n\n\n<figure class=\"wp-block-table\"><table class=\"has-fixed-layout\"><tbody><tr><td>Wnioski wynikaj\u0105ce z wewn\u0119trznego nadzoru pedagogicznego s\u0105 wykorzystywane do planowania pracy szko\u0142y<\/td><td>Ca\u0142y rok<\/td><td>Dyrektor, zesp\u00f3\u0142 ewaluacyjny<\/td><\/tr><tr><td>Nauczyciele wspieraj\u0105 dyrektora w tworzeniu i bie\u017c\u0105cej modyfikacji dokumentacji szko\u0142y<\/td><td>Ca\u0142y rok<\/td><td>Dyrektor, nauczyciele, wychowawcy<\/td><\/tr><tr><td>Podnoszenie jako\u015bci pracy szko\u0142y poprzez udzia\u0142 w wewn\u0119trznych i zewn\u0119trznych szkoleniach RP<\/td><td>Ca\u0142y rok<\/td><td>Dyrektor, nauczyciele, wychowawcy<\/td><\/tr><\/tbody><\/table><\/figure>\n\n\n\n<p><strong>Szko\u0142a wspiera dobrostan dzieci i m\u0142odzie\u017cy<\/strong><\/p>\n\n\n\n<figure class=\"wp-block-table\"><table class=\"has-fixed-layout\"><tbody><tr><td>Wspieranie zdrowia psychicznego dzieci i m\u0142odzie\u017cy<\/td><td>Ca\u0142y rok<\/td><td>Nauczyciele i wychowawcy<\/td><\/tr><tr><td>Rozwijanie u uczni\u00f3w i wychowank\u00f3w empatii, i wra\u017cliwo\u015bci na potrzeby innych<\/td><td>Ca\u0142y rok<\/td><td>&nbsp; Nauczyciele i wychowawcy<\/td><\/tr><\/tbody><\/table><\/figure>\n","protected":false},"excerpt":{"rendered":"<p>Rok szkolny 2024\/2025 Szko\u0142a realizuje koncepcj\u0119 pracy ukierunkowan\u0105 na rozw\u00f3j uczni\u00f3w ZADANIA TERMIN ODPOWIEDZIALNI Szko\u0142a dzia\u0142a zgodnie z przyj\u0119t\u0105 koncepcj\u0105 pracy szko\u0142y. Ca\u0142y rok Dyrektor szko\u0142y, Nauczyciele, wychowawcy Realizacja rocznego planu pracy Ca\u0142y rok Dyrektor szko\u0142y, Nauczyciele, wychowawcy Procesy edukacyjne &hellip; <a href=\"https:\/\/szkolawszpitalu.ovh\/?page_id=2640\">Czytaj dalej <span class=\"meta-nav\">&rarr;<\/span><\/a><\/p>\n","protected":false},"author":1,"featured_media":0,"parent":225,"menu_order":0,"comment_status":"closed","ping_status":"closed","template":"","meta":{"footnotes":""},"class_list":["post-2640","page","type-page","status-publish","hentry"],"_links":{"self":[{"href":"https:\/\/szkolawszpitalu.ovh\/index.php?rest_route=\/wp\/v2\/pages\/2640","targetHints":{"allow":["GET"]}}],"collection":[{"href":"https:\/\/szkolawszpitalu.ovh\/index.php?rest_route=\/wp\/v2\/pages"}],"about":[{"href":"https:\/\/szkolawszpitalu.ovh\/index.php?rest_route=\/wp\/v2\/types\/page"}],"author":[{"embeddable":true,"href":"https:\/\/szkolawszpitalu.ovh\/index.php?rest_route=\/wp\/v2\/users\/1"}],"replies":[{"embeddable":true,"href":"https:\/\/szkolawszpitalu.ovh\/index.php?rest_route=%2Fwp%2Fv2%2Fcomments&post=2640"}],"version-history":[{"count":1,"href":"https:\/\/szkolawszpitalu.ovh\/index.php?rest_route=\/wp\/v2\/pages\/2640\/revisions"}],"predecessor-version":[{"id":2642,"href":"https:\/\/szkolawszpitalu.ovh\/index.php?rest_route=\/wp\/v2\/pages\/2640\/revisions\/2642"}],"up":[{"embeddable":true,"href":"https:\/\/szkolawszpitalu.ovh\/index.php?rest_route=\/wp\/v2\/pages\/225"}],"wp:attachment":[{"href":"https:\/\/szkolawszpitalu.ovh\/index.php?rest_route=%2Fwp%2Fv2%2Fmedia&parent=2640"}],"curies":[{"name":"wp","href":"https:\/\/api.w.org\/{rel}","templated":true}]}}