{"id":229,"date":"2017-05-14T10:24:19","date_gmt":"2017-05-14T08:24:19","guid":{"rendered":"http:\/\/szkolawszpitalu.ovh\/?page_id=229"},"modified":"2020-05-25T15:46:43","modified_gmt":"2020-05-25T13:46:43","slug":"publikacje-nauczycieli","status":"publish","type":"page","link":"https:\/\/szkolawszpitalu.ovh\/?page_id=229","title":{"rendered":"Publikacje nauczycieli"},"content":{"rendered":"<hr \/>\n<p><span style=\"color: #3366ff;\"><a style=\"color: #3366ff;\" href=\"adaptacja.pdf\" target=\"_blank\" rel=\"noopener noreferrer\">&#8222;Plan adaptacji dziecka do warunk\u00f3w szpitalnych&#8221;<\/a><\/span><\/p>\n<p><a href=\"szpital.pdf\" target=\"_blank\" rel=\"noopener noreferrer\"><span style=\"color: #3366ff;\">Scenariusz zaj\u0119\u0107 z zakresu rewalidacji dla uczni\u00f3w I etapu edukacji &#8222;Nie b\u00f3j si\u0119 szpitala&#8221;<\/span><\/a><\/p>\n<hr \/>\n","protected":false},"excerpt":{"rendered":"<p>&#8222;Plan adaptacji dziecka do warunk\u00f3w szpitalnych&#8221; Scenariusz zaj\u0119\u0107 z zakresu rewalidacji dla uczni\u00f3w I etapu edukacji &#8222;Nie b\u00f3j si\u0119 szpitala&#8221;<\/p>\n","protected":false},"author":1,"featured_media":0,"parent":28,"menu_order":6,"comment_status":"closed","ping_status":"closed","template":"","meta":{"footnotes":""},"class_list":["post-229","page","type-page","status-publish","hentry"],"_links":{"self":[{"href":"https:\/\/szkolawszpitalu.ovh\/index.php?rest_route=\/wp\/v2\/pages\/229","targetHints":{"allow":["GET"]}}],"collection":[{"href":"https:\/\/szkolawszpitalu.ovh\/index.php?rest_route=\/wp\/v2\/pages"}],"about":[{"href":"https:\/\/szkolawszpitalu.ovh\/index.php?rest_route=\/wp\/v2\/types\/page"}],"author":[{"embeddable":true,"href":"https:\/\/szkolawszpitalu.ovh\/index.php?rest_route=\/wp\/v2\/users\/1"}],"replies":[{"embeddable":true,"href":"https:\/\/szkolawszpitalu.ovh\/index.php?rest_route=%2Fwp%2Fv2%2Fcomments&post=229"}],"version-history":[{"count":12,"href":"https:\/\/szkolawszpitalu.ovh\/index.php?rest_route=\/wp\/v2\/pages\/229\/revisions"}],"predecessor-version":[{"id":1584,"href":"https:\/\/szkolawszpitalu.ovh\/index.php?rest_route=\/wp\/v2\/pages\/229\/revisions\/1584"}],"up":[{"embeddable":true,"href":"https:\/\/szkolawszpitalu.ovh\/index.php?rest_route=\/wp\/v2\/pages\/28"}],"wp:attachment":[{"href":"https:\/\/szkolawszpitalu.ovh\/index.php?rest_route=%2Fwp%2Fv2%2Fmedia&parent=229"}],"curies":[{"name":"wp","href":"https:\/\/api.w.org\/{rel}","templated":true}]}}