{"id":225,"date":"2017-05-14T10:20:28","date_gmt":"2017-05-14T08:20:28","guid":{"rendered":"http:\/\/szkolawszpitalu.ovh\/?page_id=225"},"modified":"2024-11-21T14:09:28","modified_gmt":"2024-11-21T13:09:28","slug":"dokumentacja-szkolna","status":"publish","type":"page","link":"https:\/\/szkolawszpitalu.ovh\/?page_id=225","title":{"rendered":"Dokumentacja szkolna"},"content":{"rendered":"<p>&nbsp;<\/p>\n<hr \/>\n<p><a href=\"statut.pdf\" target=\"_blank\" rel=\"noopener\">Statut Szko\u0142y Przyszpitalnej<\/a><\/p>\n<p><span style=\"color: #3366ff;\"><a style=\"color: #3366ff;\" href=\"scalony.pdf\" target=\"_blank\" rel=\"noopener noreferrer\">Scalony Zesp\u00f3\u0142 Oddzia\u0142ywa\u0144 Leczniczo-Pedagogicznych<\/a><\/span><\/p>\n<p><a href=\"wychprof.pdf\" target=\"_blank\" rel=\"noopener\"><span style=\"color: #0000ff;\"><span style=\"color: #3366ff;\">Szkolny Program Wychowawczo-Profilaktyczny <\/span><\/span><\/a><\/p>\n<p><span style=\"color: #3366ff;\"><a style=\"color: #3366ff;\" href=\"WSO.pdf\" target=\"_blank\" rel=\"noopener noreferrer\">Wewn\u0105trzszkolny System Oceniania<\/a><\/span><\/p>\n<p><span style=\"color: #3366ff;\"><a style=\"color: #3366ff;\" href=\"indywidualny.pdf\" target=\"_blank\" rel=\"noopener noreferrer\">Plan Indywidualnej Pracy Dydaktyczno-Wychowawczej i Rewalidacyjnej<\/a><\/span><\/p>\n<p><span style=\"color: #3366ff;\"><a style=\"color: #3366ff;\" href=\"ocenianie.pdf\" target=\"_blank\" rel=\"noopener noreferrer\">Graficzny Model Systemu Oceniania w Szkole Przyszpitalnej<\/a><\/span><\/p>\n<p><span style=\"color: #3366ff;\"><a style=\"color: #3366ff;\" href=\"model.pdf\" target=\"_blank\" rel=\"noopener noreferrer\">Graficzny Model Wsp\u00f3\u0142pracy Szko\u0142y z Poszczeg\u00f3lnymi \u015arodowiskami<\/a><\/span><\/p>\n<p><a href=\"programy.pdf\" target=\"_blank\" rel=\"noopener\"><span style=\"color: #3366ff;\">Szkolny zestaw program\u00f3w 2024\/2025<\/span><\/a><\/p>\n<p><a href=\"innowacje.pdf\" target=\"_blank\" rel=\"noopener noreferrer\"><span style=\"color: #3366ff;\">Procedura wprowadzania innowacji pedagogicznej w Zespole Szk\u00f3\u0142 Specjalnych Nr 17 w Gdyni<\/span><\/a><\/p>\n<p><a href=\"procedury.pdf\" target=\"_blank\" rel=\"noopener noreferrer\">Procedura udzielania i organizacji pomocy psychologiczno-pedagogicznej w Szkole Podstawowej Specjalnej dla Dzieci Przewlekle Chorych Nr 38 w Gdyni<\/a><\/p>\n<p><a href=\"https:\/\/szkolawszpitalu.ovh\/?page_id=2640\">Roczny plan pracy<\/a><\/p>\n<hr \/>\n<p><span style=\"color: #3366ff;\"><a style=\"color: #3366ff;\" href=\"ewaluacja2011.pdf\" target=\"_blank\" rel=\"noopener noreferrer\">Raport z badania ewaluacji wewn\u0119trznej &#8222;Kszta\u0142tuje si\u0119 postawy uczni\u00f3w&#8221;<br \/>\nw obszarze II &#8222;Procesy zachodz\u0105ce w szkole lub plac\u00f3wce&#8221;<\/a><\/span><\/p>\n<p><span style=\"color: #3366ff;\"><a style=\"color: #3366ff;\" href=\"ewaluacja2012.pdf\" target=\"_blank\" rel=\"noopener noreferrer\">Raport z badania ewaluacji wewn\u0119trznej &#8222;Wychowankowie s\u0105 aktywni&#8221;<br \/>\nw obszarze I &#8222;Efekty dzia\u0142alno\u015bci dydaktycznej, wychowawczej i opieku\u0144czej<br \/>\noraz dzia\u0142alno\u015bci statutowej plac\u00f3wki&#8221;<\/a><\/span><\/p>\n<p><span style=\"color: #3366ff;\"><a style=\"color: #3366ff;\" href=\"ewaluacja2013.pdf\" target=\"_blank\" rel=\"noopener noreferrer\">Raport z badania ewaluacji wewn\u0119trznej &#8222;Rodzice s\u0105 partnerami szko\u0142y&#8221;<br \/>\nw obszarze &#8222;Funkcjonowanie szko\u0142y lub plac\u00f3wki w \u015brodowisku lokalnym&#8221;<\/a><\/span><\/p>\n<p><span style=\"color: #3366ff;\"><a style=\"color: #3366ff;\" href=\"ewaluacja2014.pdf\" target=\"_blank\" rel=\"noopener noreferrer\">Raport z badania ewaluacji wewn\u0119trznej &#8222;Funkcjonuje wsp\u00f3\u0142praca w zespo\u0142ach&#8221;<br \/>\nw obszarze &#8222;Zarz\u0105dzanie szko\u0142\u0105 lub plac\u00f3wk\u0105&#8221;<\/a><\/span><\/p>\n<p><span style=\"color: #3366ff;\"><a style=\"color: #3366ff;\" href=\"ewaluacja2015.pdf\" target=\"_blank\" rel=\"noopener noreferrer\">Raport z badania ewaluacji wewn\u0119trznej &#8222;Procesy edukacyjne<br \/>\ns\u0105 zorganizowane w spos\u00f3b sprzyjaj\u0105cy uczeniu si\u0119&#8221;<br \/>\nw obszarze &#8222;Procesy zachodz\u0105ce w szkole lub plac\u00f3wce&#8221;<\/a><\/span><\/p>\n<p><span style=\"color: #3366ff;\"><a style=\"color: #3366ff;\" href=\"ewaluacja2016.pdf\" target=\"_blank\" rel=\"noopener noreferrer\">Raport z badania ewaluacji wewn\u0119trznej &#8222;Nauczyciele wsp\u00f3\u0142pracuj\u0105<br \/>\nw planowaniu i realizowaniu proces\u00f3w edukacyjnych&#8221;<\/a><\/span><\/p>\n<p><a href=\"ewaluacja2017.pdf\" target=\"_blank\" rel=\"noopener noreferrer\">Raport z badania ewaluacji wewn\u0119trznej &#8222;Szko\u0142a wspomaga rozw\u00f3j uczni\u00f3w z uwzgl\u0119dnieniem ich indywidualnej sytuacji\u201d<\/a><\/p>\n<p><span style=\"color: #3366ff;\"><a style=\"color: #3366ff;\" href=\"ewaluacja2018.pdf\" target=\"_blank\" rel=\"noopener noreferrer\">Raport z badania ewaluacji wewn\u0119trznej &#8222;Uczniowie nabywaj\u0105 wiadomo\u015bci i umiej\u0119tno\u015bci okre\u015blone w podstawie programowej&#8221;<\/a><\/span><\/p>\n<p><span style=\"color: #3366ff;\"><a style=\"color: #3366ff;\" href=\"ewaluacja2019.pdf\" target=\"_blank\" rel=\"noopener noreferrer\">Raport z badania ewaluacji wewn\u0119trznej &#8222;Uczniowie s\u0105 aktywni&#8221;<\/a><\/span><\/p>\n<p><a href=\"ewaluacja2020.pdf\" target=\"_blank\" rel=\"noopener noreferrer\">Raport z badania ewaluacji wewn\u0119trznej &#8222;Szko\u0142a wspomaga rozw\u00f3j uczni\u00f3w z uwzgl\u0119dnieniem ich indywidualnej sytuacji\u201d 2019\/2020<\/a><\/p>\n<p><a href=\"ewaluacja2021.pdf\" target=\"_blank\" rel=\"noopener\"><span style=\"color: #3366ff;\">Raport z badania ewaluacji wewn\u0119trznej &#8222;Kszta\u0142tuje si\u0119 postawy uczni\u00f3w&#8221;<br \/>\nw obszarze II &#8222;Procesy zachodz\u0105ce w szkole lub plac\u00f3wce&#8221; 2020\/2021<\/span><\/a><\/p>\n<hr \/>\n","protected":false},"excerpt":{"rendered":"<p>&nbsp; Statut Szko\u0142y Przyszpitalnej Scalony Zesp\u00f3\u0142 Oddzia\u0142ywa\u0144 Leczniczo-Pedagogicznych Szkolny Program Wychowawczo-Profilaktyczny Wewn\u0105trzszkolny System Oceniania Plan Indywidualnej Pracy Dydaktyczno-Wychowawczej i Rewalidacyjnej Graficzny Model Systemu Oceniania w Szkole Przyszpitalnej Graficzny Model Wsp\u00f3\u0142pracy Szko\u0142y z Poszczeg\u00f3lnymi \u015arodowiskami Szkolny zestaw program\u00f3w 2024\/2025 Procedura wprowadzania &hellip; <a href=\"https:\/\/szkolawszpitalu.ovh\/?page_id=225\">Czytaj dalej <span class=\"meta-nav\">&rarr;<\/span><\/a><\/p>\n","protected":false},"author":1,"featured_media":0,"parent":28,"menu_order":5,"comment_status":"closed","ping_status":"closed","template":"","meta":{"footnotes":""},"class_list":["post-225","page","type-page","status-publish","hentry"],"_links":{"self":[{"href":"https:\/\/szkolawszpitalu.ovh\/index.php?rest_route=\/wp\/v2\/pages\/225","targetHints":{"allow":["GET"]}}],"collection":[{"href":"https:\/\/szkolawszpitalu.ovh\/index.php?rest_route=\/wp\/v2\/pages"}],"about":[{"href":"https:\/\/szkolawszpitalu.ovh\/index.php?rest_route=\/wp\/v2\/types\/page"}],"author":[{"embeddable":true,"href":"https:\/\/szkolawszpitalu.ovh\/index.php?rest_route=\/wp\/v2\/users\/1"}],"replies":[{"embeddable":true,"href":"https:\/\/szkolawszpitalu.ovh\/index.php?rest_route=%2Fwp%2Fv2%2Fcomments&post=225"}],"version-history":[{"count":50,"href":"https:\/\/szkolawszpitalu.ovh\/index.php?rest_route=\/wp\/v2\/pages\/225\/revisions"}],"predecessor-version":[{"id":2643,"href":"https:\/\/szkolawszpitalu.ovh\/index.php?rest_route=\/wp\/v2\/pages\/225\/revisions\/2643"}],"up":[{"embeddable":true,"href":"https:\/\/szkolawszpitalu.ovh\/index.php?rest_route=\/wp\/v2\/pages\/28"}],"wp:attachment":[{"href":"https:\/\/szkolawszpitalu.ovh\/index.php?rest_route=%2Fwp%2Fv2%2Fmedia&parent=225"}],"curies":[{"name":"wp","href":"https:\/\/api.w.org\/{rel}","templated":true}]}}