{"id":1756,"date":"2021-12-10T16:52:42","date_gmt":"2021-12-10T15:52:42","guid":{"rendered":"http:\/\/szkolawszpitalu.ovh\/?page_id=1756"},"modified":"2022-08-23T12:05:16","modified_gmt":"2022-08-23T10:05:16","slug":"oddzial-bajka-wedrujaca-szpitalna-biblioteka","status":"publish","type":"page","link":"https:\/\/szkolawszpitalu.ovh\/?page_id=1756","title":{"rendered":"Oddzia\u0142 Bajka &#8211; W\u0119druj\u0105ca Szpitalna Biblioteka"},"content":{"rendered":"\n<p><mark style=\"background-color:rgba(0, 0, 0, 0)\" class=\"has-inline-color has-blue-color\">Nasza szko\u0142a, we wsp\u00f3\u0142pracy z Fundacj\u0105 Serdecznik z siedzib\u0105 w Poznaniu, bierze udzia\u0142 w projekcie &#8222;Oddzia\u0142 Bajka &#8211; W\u0119druj\u0105ca Szpitalna Biblioteka&#8221;.<\/mark><\/p>\n\n\n\n<p><mark style=\"background-color:rgba(0, 0, 0, 0)\" class=\"has-inline-color has-blue-color\">W ramach tego projektu nauczyciele prowadz\u0105 warsztaty edukacyjne dla ma\u0142ych pacjent\u00f3w z wykorzystaniem Bajkowozu i rozmaitych akcesori\u00f3w.<\/mark><\/p>\n\n\n\n<p><mark style=\"background-color:rgba(0, 0, 0, 0)\" class=\"has-inline-color has-blue-color\">Warsztaty te maj\u0105 na celu rozwijanie zainteresowa\u0144 czytelniczych u dzieci, pog\u0142\u0119bianie wiedzy <\/mark>i <mark style=\"background-color:rgba(0, 0, 0, 0)\" class=\"has-inline-color has-blue-color\">wra\u017cliwo\u015bci poprzez prac\u0119 z tekstem literackim i r\u00f3\u017cnymi \u015brodkami artystycznego wyrazu.<\/mark><\/p>\n\n\n<div class=\"wp-block-image is-style-rounded\">\n<figure class=\"alignright size-large is-resized\"><a href=\"https:\/\/szkolawszpitalu.ovh\/wp-content\/uploads\/2021\/12\/20200131_111324-scaled.jpg\"><img loading=\"lazy\" decoding=\"async\" src=\"https:\/\/szkolawszpitalu.ovh\/wp-content\/uploads\/2021\/12\/20200131_111324-896x1024.jpg\" alt=\"\" class=\"wp-image-1714\" width=\"341\" height=\"390\" srcset=\"https:\/\/szkolawszpitalu.ovh\/wp-content\/uploads\/2021\/12\/20200131_111324-896x1024.jpg 896w, https:\/\/szkolawszpitalu.ovh\/wp-content\/uploads\/2021\/12\/20200131_111324-262x300.jpg 262w, https:\/\/szkolawszpitalu.ovh\/wp-content\/uploads\/2021\/12\/20200131_111324-768x878.jpg 768w, https:\/\/szkolawszpitalu.ovh\/wp-content\/uploads\/2021\/12\/20200131_111324-1344x1536.jpg 1344w, https:\/\/szkolawszpitalu.ovh\/wp-content\/uploads\/2021\/12\/20200131_111324-1792x2048.jpg 1792w\" sizes=\"auto, (max-width: 341px) 100vw, 341px\" \/><\/a><\/figure><\/div>\n\n<div class=\"wp-block-image is-style-rounded\">\n<figure class=\"alignleft size-large is-resized\"><a href=\"https:\/\/szkolawszpitalu.ovh\/wp-content\/uploads\/2021\/12\/20200131_114441-scaled.jpg\"><img loading=\"lazy\" decoding=\"async\" src=\"https:\/\/szkolawszpitalu.ovh\/wp-content\/uploads\/2021\/12\/20200131_114441-979x1024.jpg\" alt=\"\" class=\"wp-image-1717\" width=\"368\" height=\"384\" srcset=\"https:\/\/szkolawszpitalu.ovh\/wp-content\/uploads\/2021\/12\/20200131_114441-979x1024.jpg 979w, https:\/\/szkolawszpitalu.ovh\/wp-content\/uploads\/2021\/12\/20200131_114441-287x300.jpg 287w, https:\/\/szkolawszpitalu.ovh\/wp-content\/uploads\/2021\/12\/20200131_114441-768x803.jpg 768w, https:\/\/szkolawszpitalu.ovh\/wp-content\/uploads\/2021\/12\/20200131_114441-1469x1536.jpg 1469w, https:\/\/szkolawszpitalu.ovh\/wp-content\/uploads\/2021\/12\/20200131_114441-1958x2048.jpg 1958w\" sizes=\"auto, (max-width: 368px) 100vw, 368px\" \/><\/a><\/figure><\/div>\n\n<div class=\"wp-block-image is-style-rounded\">\n<figure class=\"alignright size-large is-resized\"><a href=\"https:\/\/szkolawszpitalu.ovh\/wp-content\/uploads\/2021\/12\/20200131_111638-scaled.jpg\"><img loading=\"lazy\" decoding=\"async\" src=\"https:\/\/szkolawszpitalu.ovh\/wp-content\/uploads\/2021\/12\/20200131_111638-729x1024.jpg\" alt=\"\" class=\"wp-image-1715\" width=\"354\" height=\"497\" srcset=\"https:\/\/szkolawszpitalu.ovh\/wp-content\/uploads\/2021\/12\/20200131_111638-729x1024.jpg 729w, https:\/\/szkolawszpitalu.ovh\/wp-content\/uploads\/2021\/12\/20200131_111638-214x300.jpg 214w, https:\/\/szkolawszpitalu.ovh\/wp-content\/uploads\/2021\/12\/20200131_111638-768x1079.jpg 768w, https:\/\/szkolawszpitalu.ovh\/wp-content\/uploads\/2021\/12\/20200131_111638-1093x1536.jpg 1093w, https:\/\/szkolawszpitalu.ovh\/wp-content\/uploads\/2021\/12\/20200131_111638-1458x2048.jpg 1458w, https:\/\/szkolawszpitalu.ovh\/wp-content\/uploads\/2021\/12\/20200131_111638-scaled.jpg 1822w\" sizes=\"auto, (max-width: 354px) 100vw, 354px\" \/><\/a><\/figure><\/div>","protected":false},"excerpt":{"rendered":"<p>Nasza szko\u0142a, we wsp\u00f3\u0142pracy z Fundacj\u0105 Serdecznik z siedzib\u0105 w Poznaniu, bierze udzia\u0142 w projekcie &#8222;Oddzia\u0142 Bajka &#8211; W\u0119druj\u0105ca Szpitalna Biblioteka&#8221;. W ramach tego projektu nauczyciele prowadz\u0105 warsztaty edukacyjne dla ma\u0142ych pacjent\u00f3w z wykorzystaniem Bajkowozu i rozmaitych akcesori\u00f3w. Warsztaty te &hellip; <a href=\"https:\/\/szkolawszpitalu.ovh\/?page_id=1756\">Czytaj dalej <span class=\"meta-nav\">&rarr;<\/span><\/a><\/p>\n","protected":false},"author":1,"featured_media":0,"parent":0,"menu_order":0,"comment_status":"closed","ping_status":"closed","template":"","meta":{"footnotes":""},"class_list":["post-1756","page","type-page","status-publish","hentry"],"_links":{"self":[{"href":"https:\/\/szkolawszpitalu.ovh\/index.php?rest_route=\/wp\/v2\/pages\/1756","targetHints":{"allow":["GET"]}}],"collection":[{"href":"https:\/\/szkolawszpitalu.ovh\/index.php?rest_route=\/wp\/v2\/pages"}],"about":[{"href":"https:\/\/szkolawszpitalu.ovh\/index.php?rest_route=\/wp\/v2\/types\/page"}],"author":[{"embeddable":true,"href":"https:\/\/szkolawszpitalu.ovh\/index.php?rest_route=\/wp\/v2\/users\/1"}],"replies":[{"embeddable":true,"href":"https:\/\/szkolawszpitalu.ovh\/index.php?rest_route=%2Fwp%2Fv2%2Fcomments&post=1756"}],"version-history":[{"count":5,"href":"https:\/\/szkolawszpitalu.ovh\/index.php?rest_route=\/wp\/v2\/pages\/1756\/revisions"}],"predecessor-version":[{"id":2034,"href":"https:\/\/szkolawszpitalu.ovh\/index.php?rest_route=\/wp\/v2\/pages\/1756\/revisions\/2034"}],"wp:attachment":[{"href":"https:\/\/szkolawszpitalu.ovh\/index.php?rest_route=%2Fwp%2Fv2%2Fmedia&parent=1756"}],"curies":[{"name":"wp","href":"https:\/\/api.w.org\/{rel}","templated":true}]}}