{"id":1542,"date":"2020-05-22T15:23:35","date_gmt":"2020-05-22T13:23:35","guid":{"rendered":"http:\/\/szkolawszpitalu.ovh\/?page_id=1542"},"modified":"2020-05-22T15:42:51","modified_gmt":"2020-05-22T13:42:51","slug":"rozwijanie-uzdolnien-plastycznych-dzieci-poprzez-roznorodne-dzialania-artystyczne-zbior-technik-plastycznych-jako-pomoc-dla-nauczyciela-mgr-barbara-nowakowska","status":"publish","type":"page","link":"https:\/\/szkolawszpitalu.ovh\/?page_id=1542","title":{"rendered":"&#8222;Rozwijanie uzdolnie\u0144 plastycznych dzieci poprzez r\u00f3\u017cnorodne dzia\u0142ania artystyczne&#8221;. Zbi\u00f3r technik plastycznych jako pomoc dla nauczyciela &#8211; mgr Barbara Nowakowska"},"content":{"rendered":"\n<p><strong>Dzia\u0142alno\u015b\u0107 plastyczna z wykorzystaniem podstawowych narz\u0119dzi plastycznych. <\/strong><\/p>\n\n\n\n<p><em>Rysunek kred\u0105 na papierze \u015bciernym.<\/em><\/p>\n\n\n\n<p>Na arkuszu drobnoziarnistego papieru \u015bciernego (najlepiej w ciemnym kolorze) wykonujemy rysunek kredkami o\u0142\u00f3wkowymi. Po sko\u0144czonym rysowaniu spryskujemy powierzchni\u0119 lakierem do w\u0142os\u00f3w aby kredka si\u0119 nie rozsypa\u0142a.<\/p>\n\n\n\n<figure class=\"wp-block-image size-large is-resized\"><img loading=\"lazy\" decoding=\"async\" src=\"https:\/\/szkolawszpitalu.ovh\/wp-content\/uploads\/2020\/05\/plas1.jpg\" alt=\"\" class=\"wp-image-1551\" width=\"209\" height=\"143\"\/><\/figure>\n\n\n\n<p><em>Rysunek pastelami suchymi\u00a0na papierze \u015bciernym.<\/em><\/p>\n\n\n\n<p>Na arkuszu drobnoziarnistego papieru \u015bciernego (najlepiej w ciemnym kolorze) wykonujemy rysunek pastelami (suchymi). Po sko\u0144czonym rysowaniu spryskujemy powierzchni\u0119 lakierem do w\u0142os\u00f3w, aby kredka si\u0119 nie zsypywa\u0142a.<\/p>\n\n\n\n<p><em>Rysowanie o\u0142\u00f3wkiem i gumk\u0105.<\/em><\/p>\n\n\n\n<p>Kartk\u0119 z bloku technicznego pokrywamy przy pomocy o\u0142\u00f3wka. Nast\u0119pnie\u00a0gumujemy na niej dowolne wzory.<\/p>\n\n\n\n<figure class=\"wp-block-image size-large is-resized\"><img loading=\"lazy\" decoding=\"async\" src=\"https:\/\/szkolawszpitalu.ovh\/wp-content\/uploads\/2020\/05\/plas2.jpg\" alt=\"\" class=\"wp-image-1552\" width=\"209\" height=\"149\"\/><\/figure>\n\n\n\n<p><em>Rysowanie w\u0119glem<\/em><\/p>\n\n\n\n<p>Do rysowania w\u0119glem najlepsze s\u0105 papiery o powierzchniach nieco szorstkich (pakowe, szare lub bia\u0142e, mo\u017cna te\u017c rysowa\u0107 na gazecie. Przy rysowaniu mo\u017cna uzyska\u0107 kreski o r\u00f3\u017cnych walorach od jasnej do czarnej. Na pocz\u0105tku pracy trzeba rysowa\u0107 lekko. Niepotrzebne linie dadz\u0105 si\u0119 \u0142atwo usun\u0105\u0107 np. kawa\u0142kiem flaneli. Nie pokrywamy ca\u0142ej powierzchni papieru w\u0119glem. Czyste plamy s\u0105 wa\u017cnym elementem w kompozycji, daj\u0105 kontrast. Utrwalamy lakierem do w\u0142os\u00f3w, mlekiem lub fiksatyw\u0105 sporz\u0105dzon\u0105 z ubitego kurzego bia\u0142ka rozcie\u0144czonego wod\u0105.<\/p>\n\n\n\n<figure class=\"wp-block-image size-large is-resized\"><img loading=\"lazy\" decoding=\"async\" src=\"https:\/\/szkolawszpitalu.ovh\/wp-content\/uploads\/2020\/05\/plas3.jpg\" alt=\"\" class=\"wp-image-1553\" width=\"162\" height=\"215\"\/><\/figure>\n\n\n\n<p><em>Malowanie rurk\u0105<\/em><\/p>\n\n\n\n<p>Rozpoczynamy prac\u0119 na wcze\u015bniej przygotowanych podk\u0142adzie czyli pokolorowanym w plamy barwne lub jednobarwnym. Potrzebne nam b\u0119d\u0105: rurka do napoj\u00f3w i farby plakatowe. Na kartk\u0119 nak\u0142adamy p\u0119dzlem kleksy rozcie\u0144czonej plakat\u00f3wki, nast\u0119pnie dmuchaj\u0105c w rurk\u0119 przybli\u017con\u0105 do kleksa rozdmuchujemy farb\u0119, mo\u017cna obraca\u0107 kartk\u0119 w r\u00f3\u017cnych kierunkach. Rozdmuchiwana farba tworzy najprzer\u00f3\u017cniejsze \u015blady, z kt\u00f3rych p\u00f3\u017aniej mo\u017cna wyczarowa\u0107 konkretne kszta\u0142ty, np.: stwory, kwiaty, ryby itp.<\/p>\n\n\n\n<figure class=\"wp-block-image size-large is-resized\"><img loading=\"lazy\" decoding=\"async\" src=\"https:\/\/szkolawszpitalu.ovh\/wp-content\/uploads\/2020\/05\/plas4.jpg\" alt=\"\" class=\"wp-image-1554\" width=\"212\" height=\"155\"\/><\/figure>\n\n\n\n<p><em>Malowanie na wilgotnym papierze (mokre w mokrym).<\/em><\/p>\n\n\n\n<p>Kartk\u0119 z bloku rysunkowego nawil\u017camy wod\u0105. Na mokrej powierzchni malujemy akwarelami. Kolory powinny si\u0119 zlewa\u0107 i \u0142\u0105czy\u0107 ze sob\u0105, tworz\u0105c jednocze\u015bnie ciekawe wzory. Obrazek po wyschni\u0119ciu ma bardzo delikatne barwy i lekko zaznaczone kontury przedmiot\u00f3w. Technik\u0119 t\u0119 mo\u017cna wykorzysta\u0107, przygotowuj\u0105c papier do wycinanek lub jako\u00a0t\u0142o obrazu. Mo\u017cna te\u017c arkusz bia\u0142ego papieru mocno zgnie\u015b\u0107 i dopiero zmoczy\u0107 w wodzie, a nast\u0119pnie wyci\u0105gn\u0105\u0107, roz\u0142o\u017cy\u0107 i malowa\u0107 po powsta\u0142ej fakturze. Wyci\u0105gamy, rozk\u0142adamy i malujemy. Na koniec prac\u0119 mo\u017cna przyklei\u0107 na arkusz brystolu i umie\u015bci\u0107\u00a0w ramce.<\/p>\n\n\n\n<figure class=\"wp-block-image size-large is-resized\"><img loading=\"lazy\" decoding=\"async\" src=\"https:\/\/szkolawszpitalu.ovh\/wp-content\/uploads\/2020\/05\/plas5.jpg\" alt=\"\" class=\"wp-image-1555\" width=\"223\" height=\"162\"\/><\/figure>\n\n\n\n<p><em>Malowanie na zmi\u0119tym papierze<\/em><\/p>\n\n\n\n<p>Po zmoczeniu kartki wod\u0105 delikatnie mniemy papier w kul\u0119. Nast\u0119pnie rozk\u0142adamy go uwa\u017caj\u0105c, aby si\u0119 nie podar\u0142. Po namalowaniu kompozycji plamy barwne r\u00f3wnie\u017c b\u0119d\u0105 mi\u0119kkie, ale dodatkowym efektem tej techniki jest specyficzna tekstura papieru. Po\u00a0wyschni\u0119ciu pracy mo\u017cemy nat\u0142u\u015bci\u0107 j\u0105 past\u0105 do pod\u0142ogi.<\/p>\n\n\n\n<figure class=\"wp-block-image size-large is-resized\"><img loading=\"lazy\" decoding=\"async\" src=\"https:\/\/szkolawszpitalu.ovh\/wp-content\/uploads\/2020\/05\/plas6.jpg\" alt=\"\" class=\"wp-image-1556\" width=\"190\" height=\"253\"\/><\/figure>\n\n\n\n<p><em>Malowanie farb\u0105 plakatow\u0105 na szkle<\/em><\/p>\n\n\n\n<p>\u0141atwo dost\u0119pnym i gotowym do ekspozycji szk\u0142em jest antyrama. Przed malowaniem na szkle dobrze jest wykona\u0107 projekt kompozycji i opracowa\u0107 go kolorystycznie. Nie zapominamy oczy\u015bci\u0107 szk\u0142a wod\u0105 z myd\u0142em lub denaturatem w celu odt\u0142uszczenia powierzchni. Specyfika tej techniki wymaga r\u00f3wnie\u017c kolejno\u015bci nak\u0142adania plam barwnych. Musimy pami\u0119ta\u0107 aby namalowa\u0107 najpierw wszystkie szczeg\u00f3\u0142y, a na samym ko\u0144cu to, co jest na najdalszym planie ekspozycji gdy\u017c w\u0142a\u015bciwy obraz b\u0119dzie odwr\u00f3cony. I tak np.: maluj\u0105c kolorowego ptaka najpierw namalujemy jego barwne pi\u00f3rka, a nast\u0119pnie po wyschni\u0119ciu farby zamalowujemy ca\u0142ego ptaka np. na \u017c\u00f3\u0142to.<\/p>\n\n\n\n<figure class=\"wp-block-image size-large is-resized\"><img loading=\"lazy\" decoding=\"async\" src=\"https:\/\/szkolawszpitalu.ovh\/wp-content\/uploads\/2020\/05\/plas7.jpg\" alt=\"\" class=\"wp-image-1557\" width=\"232\" height=\"173\"\/><\/figure>\n\n\n\n<p><strong>Dzia\u0142alno\u015b\u0107 plastyczna z wykorzystaniem materia\u0142\u00f3w codziennego u\u017cytku.<\/strong><\/p>\n\n\n\n<p><em>Nakrapiane obrazy.<\/em><\/p>\n\n\n\n<p>Z papieru wycinamy r\u00f3\u017cne kszta\u0142ty, uk\u0142adamy szablony na papierze, nast\u0119pnie rozprowadzamy kolorow\u0105, rozcie\u0144czon\u0105 farb\u0119 za pomoc\u0105 szczoteczki do z\u0119b\u00f3w i grzebienia, pocieraj\u0105c zamoczon\u0105 w farbie szczoteczk\u0119 o grzebie\u0144.\u00a0<\/p>\n\n\n\n<p><em>Dmuchanie plamy, czyli malowanie s\u0142omk\u0105<\/em>.<\/p>\n\n\n\n<p>Dziecko rozlewa kilka kolorowych plam tuszu na kartk\u0119. Nast\u0119pnie za pomoc\u0105 s\u0142omki, dmucha na rozlany tusz, spiesz\u0105c si\u0119, aby nie wysech\u0142.<\/p>\n\n\n\n<figure class=\"wp-block-image size-large is-resized\"><img loading=\"lazy\" decoding=\"async\" src=\"https:\/\/szkolawszpitalu.ovh\/wp-content\/uploads\/2020\/05\/plas8.jpg\" alt=\"\" class=\"wp-image-1558\" width=\"234\" height=\"175\"\/><\/figure>\n\n\n\n<p><em>Rysowanie patykiem na podk\u0142adzie z farby klejowej.<\/em><\/p>\n\n\n\n<p>Przygotowujemy farb\u0119 klejow\u0105 z wody i m\u0105ki, po czym zabarwiamy farb\u0105. Pokrywamy ni\u0105 kartk\u0119 bloku, i rysujemy patykiem, palcem na mokrym podk\u0142adzie.&nbsp;Zostawiamy prac\u0119 do wyschni\u0119cia.<\/p>\n\n\n\n<p><em>Rysowanie nitk\u0105.<\/em><\/p>\n\n\n\n<p>Przygotowujemy nitki r\u00f3\u017cnej grubo\u015bci oraz farby w kilku kolorach. Wybran\u0105 nitk\u0119 zanurzamy w farbie, unosimy j\u0105 nad kartk\u0105 i energicznie puszczamy. Nitka przybiera dowolny kszta\u0142t. Nakrywamy j\u0105 drug\u0105 czyst\u0105 kartk\u0105. Prac\u0119 przyciskamy ci\u0119\u017ckim przedmiotem i powoli wyci\u0105gamy nitk\u0119. Nast\u0119pnie rozdzielamy kartki. Dzia\u0142ania mo\u017cna powt\u00f3rzy\u0107 kilka razy, zanurzaj\u0105c nitki o r\u00f3\u017cnej grubo\u015bci w farbach o dowolnych kolorach.<\/p>\n\n\n\n<figure class=\"wp-block-image size-large is-resized\"><img loading=\"lazy\" decoding=\"async\" src=\"https:\/\/szkolawszpitalu.ovh\/wp-content\/uploads\/2020\/05\/plas9.jpg\" alt=\"\" class=\"wp-image-1559\" width=\"239\" height=\"167\"\/><\/figure>\n\n\n\n<p><em>Malowanie g\u0105bk\u0105<\/em>.<\/p>\n\n\n\n<p>Gotowy szablon nak\u0142adamy\u00a0na\u00a0kartk\u0119 papieru. Kawa\u0142kiem g\u0105bki namaczanej w farbie\u00a0lekko uderzamy w papier widoczny w\u00a0okienkach szablonu. Mo\u017cna u\u017cy\u0107 jednego koloru lub kilku. Trzeba tylko przygotowa\u0107 kilka kawa\u0142k\u00f3w g\u0105bki dla ka\u017cdego koloru osobno.<\/p>\n\n\n\n<figure class=\"wp-block-image size-large is-resized\"><img loading=\"lazy\" decoding=\"async\" src=\"https:\/\/szkolawszpitalu.ovh\/wp-content\/uploads\/2020\/05\/plas10.jpg\" alt=\"\" class=\"wp-image-1560\" width=\"243\" height=\"189\"\/><\/figure>\n\n\n\n<p><em>Malowanie na gazie.<\/em><\/p>\n\n\n\n<p>Na powierzchni k\u0142adziemy gaz\u0119 higieniczn\u0105. Dok\u0142adnie j\u0105 dociskamy, staraj\u0105c si\u0119 uzyska\u0107 jak najbardziej g\u0142adk\u0105 powierzchni\u0119. Nast\u0119pnie pokrywamy j\u0105 farbami plakatowymi, tworz\u0105c dowoln\u0105 kompozycj\u0119. Po wyschni\u0119ciu oprawiamy w ramk\u0119 lub\u00a0umieszczamy w antyramie.<\/p>\n\n\n\n<figure class=\"wp-block-image size-large is-resized\"><img loading=\"lazy\" decoding=\"async\" src=\"https:\/\/szkolawszpitalu.ovh\/wp-content\/uploads\/2020\/05\/plas11.jpg\" alt=\"\" class=\"wp-image-1561\" width=\"243\" height=\"187\"\/><\/figure>\n\n\n\n<p><em>Malowanie na cukrze.<\/em><\/p>\n\n\n\n<p>Na tack\u0119 wysypujemy cukier najlepiej gruboziarnisty i rozprowadzamy go w taki spos\u00f3b, aby r\u00f3wnomiernie pokry\u0142 ca\u0142\u0105 powierzchni\u0119. Z brystolu wycinamy szablon o okre\u015blonym kszta\u0142cie (np. jab\u0142ko, gruszka, serce, parasol). Szablon smarujemy dok\u0142adnie klejem i posmarowan\u0105 stron\u0105 k\u0142adziemy na powierzchni cukru. Po wyschni\u0119ciu powierzchni\u0119\u00a0pokrywamy farbami plakatowymi.<\/p>\n\n\n\n<figure class=\"wp-block-image size-large is-resized\"><img loading=\"lazy\" decoding=\"async\" src=\"https:\/\/szkolawszpitalu.ovh\/wp-content\/uploads\/2020\/05\/plas12.jpg\" alt=\"\" class=\"wp-image-1562\" width=\"253\" height=\"181\"\/><\/figure>\n\n\n\n<p><em>Malowanie chusteczkami higienicznymi.<\/em><\/p>\n\n\n\n<p>Chusteczk\u0119 higieniczn\u0105 rozk\u0142adamy na kartce. Delikatnie pokrywamy j\u0105 farb\u0105 przy pomocy dowolnego narz\u0119dzia malarskiego: wype\u0142nionego balonika, wacika, ga\u0142ganka, mi\u0119kkiego p\u0119dzla. Nale\u017cy uwa\u017ca\u0107, aby nie rozerwa\u0107 chusteczki. Po wyschni\u0119ciu delikatnie odrywamy chusteczk\u0119 od kartki i naklejamy j\u0105 na inn\u0105 kartk\u0119 w dowolnym kolorze. Brzegi kartki zawijamy na szeroko\u015b\u0107 jednego centymetra. W ten spos\u00f3b powstanie ramka\u00a0obrazka. Na tak przygotowanej chusteczce naklejamy dowolne, przygotowane\u00a0wcze\u015bniej elementy z kolorowego papieru lub innego materia\u0142u.\u00a0Podczas malowania\u00a0chusteczki, przenikaj\u0105ca przez ni\u0105 farba pokrywa znajduj\u0105c\u0105 si\u0119 pod spodem kartk\u0119. Tworzy na niej ciekawe wzory odbite przez chusteczk\u0119\u2013mo\u017cna j\u0105 wykorzysta\u0107 jako t\u0142o do innej\u00a0pracy plastycznej.<\/p>\n\n\n\n<figure class=\"wp-block-image size-large is-resized\"><img loading=\"lazy\" decoding=\"async\" src=\"https:\/\/szkolawszpitalu.ovh\/wp-content\/uploads\/2020\/05\/plas13.jpg\" alt=\"\" class=\"wp-image-1563\" width=\"213\" height=\"230\"\/><\/figure>\n\n\n\n<p><em>Posypane obrazki<\/em>.<\/p>\n\n\n\n<p>Na papierze lub kartonie (bia\u0142ym b\u0105d\u017a kolorowym) szkicujemy obrazek, a nast\u0119pnie malujemy klejem po liniach naszego rysunku. Bierzemy z woreczk\u00f3w gar\u015b\u0107\u00a0herbaty, piasku, kaszy lub innego sypkiego materia\u0142u i posypujemy obrazek. Dociskamy drobinki d\u0142o\u0144mi do pod\u0142o\u017ca i strz\u0105samy nadmiar materia\u0142u.<\/p>\n\n\n\n<figure class=\"wp-block-image size-large\"><img loading=\"lazy\" decoding=\"async\" width=\"257\" height=\"154\" src=\"https:\/\/szkolawszpitalu.ovh\/wp-content\/uploads\/2020\/05\/plas14.jpg\" alt=\"\" class=\"wp-image-1564\"\/><\/figure>\n\n\n\n<p><em>Malowanie na podk\u0142adzie z\u00a0kaszy.<\/em><\/p>\n\n\n\n<p>Kartk\u0119 grubego papieru-kartonu smarujemy bardzo dok\u0142adnie klejem ro\u015blinnym, po czym szybko posypujemy j\u0105 kasz\u0105 mann\u0105, kt\u00f3rej nadmiar po kilku minutach zsypujemy z kartki. Po zaschni\u0119ciu malujemy na tym podk\u0142adzie farbami plakatowymi lub\u00a0akwarelami.<\/p>\n\n\n\n<figure class=\"wp-block-image size-large\"><img loading=\"lazy\" decoding=\"async\" width=\"261\" height=\"188\" src=\"https:\/\/szkolawszpitalu.ovh\/wp-content\/uploads\/2020\/05\/plas15.jpg\" alt=\"\" class=\"wp-image-1565\"\/><\/figure>\n\n\n\n<p><em>Malowanie widelcem.<\/em><\/p>\n\n\n\n<p>Wykorzystujemy do tej techniki farby plakatowe w tubach.\u00a0Wyciskamy farb\u0119 do miseczki, dodaj\u0105c odrobin\u0119 wody. Zanurzamy widelec i malujemy nim r\u00f3\u017cne wzory na\u00a0kartce bloku technicznego.<\/p>\n\n\n\n<figure class=\"wp-block-image size-large\"><img loading=\"lazy\" decoding=\"async\" width=\"247\" height=\"164\" src=\"https:\/\/szkolawszpitalu.ovh\/wp-content\/uploads\/2020\/05\/plas16.jpg\" alt=\"\" class=\"wp-image-1566\"\/><\/figure>\n\n\n\n<p><em>Mozaika z makaronu<\/em>.<\/p>\n\n\n\n<p>Gromadzimy drobne makarony o r\u00f3\u017cnych kszta\u0142tach i kolorach. Na przygotowanym\u00a0kartonie\u00a0(bia\u0142ym lub kolorowym) uk\u0142adamy dowoln\u0105 kompozycj\u0119 i przyklejamy mocnym klejem. Makarony uk\u0142adamy g\u0119sto i dociskamy d\u0142oni\u0105 do pod\u0142o\u017ca. Kompozycj\u0119 mo\u017cemy r\u00f3wnie\u017c mocowa\u0107 na pod\u0142o\u017cu z plasteliny i uzyska\u0107 dodatkowo kolorowe t\u0142o. Fragmenty pracy mo\u017cna pomalowa\u0107 plakat\u00f3wk\u0105 lub akwarel\u0105.<\/p>\n\n\n\n<figure class=\"wp-block-image size-large\"><img loading=\"lazy\" decoding=\"async\" width=\"250\" height=\"186\" src=\"https:\/\/szkolawszpitalu.ovh\/wp-content\/uploads\/2020\/05\/plas17.jpg\" alt=\"\" class=\"wp-image-1567\"\/><\/figure>\n\n\n\n<p>Wykorzystano fragmenty ze stron:<\/p>\n\n\n\n<ul class=\"wp-block-list\"><li><a href=\"http:\/\/images.dlaprzedszkoli.eu\/przedszkole67-krakow\/program-wlasciowy-ani-chrustek-wersja-ostateczna.pdf\">http:\/\/images.dlaprzedszkoli.eu\/przedszkole67-krakow\/program-wlasciowy-ani-chrustek-wersja-ostateczna.pdf<\/a><\/li><li><a href=\"http:\/\/sp14.edunet.tarnow.pl\/pl\/oferta\/publikacje\/techniki_plastyczne\">http:\/\/sp14.edunet.tarnow.pl\/pl\/oferta\/publikacje\/techniki_plastyczne\u00a0<\/a><\/li><\/ul>\n\n\n\n<figure class=\"wp-block-embed-youtube wp-block-embed is-type-video is-provider-youtube wp-embed-aspect-16-9 wp-has-aspect-ratio\"><div class=\"wp-block-embed__wrapper\">\n<iframe loading=\"lazy\" title=\"Malowanie na cukrze - techniki plastyczne\" width=\"640\" height=\"360\" src=\"https:\/\/www.youtube.com\/embed\/ypm41E-0gwM?feature=oembed\" frameborder=\"0\" allow=\"accelerometer; autoplay; clipboard-write; encrypted-media; gyroscope; picture-in-picture; web-share\" referrerpolicy=\"strict-origin-when-cross-origin\" allowfullscreen><\/iframe>\n<\/div><\/figure>\n\n\n\n<p><\/p>\n","protected":false},"excerpt":{"rendered":"<p>Dzia\u0142alno\u015b\u0107 plastyczna z wykorzystaniem podstawowych narz\u0119dzi plastycznych. Rysunek kred\u0105 na papierze \u015bciernym. Na arkuszu drobnoziarnistego papieru \u015bciernego (najlepiej w ciemnym kolorze) wykonujemy rysunek kredkami o\u0142\u00f3wkowymi. Po sko\u0144czonym rysowaniu spryskujemy powierzchni\u0119 lakierem do w\u0142os\u00f3w aby kredka si\u0119 nie rozsypa\u0142a. Rysunek pastelami &hellip; <a href=\"https:\/\/szkolawszpitalu.ovh\/?page_id=1542\">Czytaj dalej <span class=\"meta-nav\">&rarr;<\/span><\/a><\/p>\n","protected":false},"author":1,"featured_media":0,"parent":0,"menu_order":0,"comment_status":"closed","ping_status":"closed","template":"","meta":{"footnotes":""},"class_list":["post-1542","page","type-page","status-publish","hentry"],"_links":{"self":[{"href":"https:\/\/szkolawszpitalu.ovh\/index.php?rest_route=\/wp\/v2\/pages\/1542","targetHints":{"allow":["GET"]}}],"collection":[{"href":"https:\/\/szkolawszpitalu.ovh\/index.php?rest_route=\/wp\/v2\/pages"}],"about":[{"href":"https:\/\/szkolawszpitalu.ovh\/index.php?rest_route=\/wp\/v2\/types\/page"}],"author":[{"embeddable":true,"href":"https:\/\/szkolawszpitalu.ovh\/index.php?rest_route=\/wp\/v2\/users\/1"}],"replies":[{"embeddable":true,"href":"https:\/\/szkolawszpitalu.ovh\/index.php?rest_route=%2Fwp%2Fv2%2Fcomments&post=1542"}],"version-history":[{"count":7,"href":"https:\/\/szkolawszpitalu.ovh\/index.php?rest_route=\/wp\/v2\/pages\/1542\/revisions"}],"predecessor-version":[{"id":1574,"href":"https:\/\/szkolawszpitalu.ovh\/index.php?rest_route=\/wp\/v2\/pages\/1542\/revisions\/1574"}],"wp:attachment":[{"href":"https:\/\/szkolawszpitalu.ovh\/index.php?rest_route=%2Fwp%2Fv2%2Fmedia&parent=1542"}],"curies":[{"name":"wp","href":"https:\/\/api.w.org\/{rel}","templated":true}]}}