{"id":1485,"date":"2020-05-09T11:12:47","date_gmt":"2020-05-09T09:12:47","guid":{"rendered":"http:\/\/szkolawszpitalu.ovh\/?page_id=1485"},"modified":"2020-05-09T11:12:47","modified_gmt":"2020-05-09T09:12:47","slug":"stymulowanie-tworczego-myslenia-mgr-ewelina-wielgocka","status":"publish","type":"page","link":"https:\/\/szkolawszpitalu.ovh\/?page_id=1485","title":{"rendered":"&#8222;Stymulowanie tw\u00f3rczego my\u015blenia&#8221; &#8211; mgr Ewelina Wielg\u00f3cka"},"content":{"rendered":"\n<figure class=\"wp-block-image size-large is-resized\"><a href=\"https:\/\/szkolawszpitalu.ovh\/wp-content\/uploads\/2020\/05\/twor1.jpg\"><img loading=\"lazy\" decoding=\"async\" src=\"https:\/\/szkolawszpitalu.ovh\/wp-content\/uploads\/2020\/05\/twor1-1024x763.jpg\" alt=\"\" class=\"wp-image-1468\" width=\"435\" height=\"324\" srcset=\"https:\/\/szkolawszpitalu.ovh\/wp-content\/uploads\/2020\/05\/twor1-1024x763.jpg 1024w, https:\/\/szkolawszpitalu.ovh\/wp-content\/uploads\/2020\/05\/twor1-300x224.jpg 300w, https:\/\/szkolawszpitalu.ovh\/wp-content\/uploads\/2020\/05\/twor1-768x573.jpg 768w, https:\/\/szkolawszpitalu.ovh\/wp-content\/uploads\/2020\/05\/twor1.jpg 1159w\" sizes=\"auto, (max-width: 435px) 100vw, 435px\" \/><\/a><\/figure>\n\n\n\n<figure class=\"wp-block-image size-large is-resized\"><a href=\"https:\/\/szkolawszpitalu.ovh\/wp-content\/uploads\/2020\/05\/twor2.jpg\"><img loading=\"lazy\" decoding=\"async\" src=\"https:\/\/szkolawszpitalu.ovh\/wp-content\/uploads\/2020\/05\/twor2-1024x763.jpg\" alt=\"\" class=\"wp-image-1469\" width=\"434\" height=\"323\" srcset=\"https:\/\/szkolawszpitalu.ovh\/wp-content\/uploads\/2020\/05\/twor2-1024x763.jpg 1024w, https:\/\/szkolawszpitalu.ovh\/wp-content\/uploads\/2020\/05\/twor2-300x223.jpg 300w, https:\/\/szkolawszpitalu.ovh\/wp-content\/uploads\/2020\/05\/twor2-768x572.jpg 768w, https:\/\/szkolawszpitalu.ovh\/wp-content\/uploads\/2020\/05\/twor2.jpg 1140w\" sizes=\"auto, (max-width: 434px) 100vw, 434px\" \/><\/a><\/figure>\n\n\n\n<figure class=\"wp-block-image size-large is-resized\"><a href=\"https:\/\/szkolawszpitalu.ovh\/wp-content\/uploads\/2020\/05\/twor3.jpg\"><img loading=\"lazy\" decoding=\"async\" src=\"https:\/\/szkolawszpitalu.ovh\/wp-content\/uploads\/2020\/05\/twor3-1024x763.jpg\" alt=\"\" class=\"wp-image-1470\" width=\"432\" height=\"322\" srcset=\"https:\/\/szkolawszpitalu.ovh\/wp-content\/uploads\/2020\/05\/twor3-1024x763.jpg 1024w, https:\/\/szkolawszpitalu.ovh\/wp-content\/uploads\/2020\/05\/twor3-300x223.jpg 300w, https:\/\/szkolawszpitalu.ovh\/wp-content\/uploads\/2020\/05\/twor3-768x572.jpg 768w, https:\/\/szkolawszpitalu.ovh\/wp-content\/uploads\/2020\/05\/twor3.jpg 1136w\" sizes=\"auto, (max-width: 432px) 100vw, 432px\" \/><\/a><\/figure>\n\n\n\n<figure class=\"wp-block-image size-large is-resized\"><a href=\"https:\/\/szkolawszpitalu.ovh\/wp-content\/uploads\/2020\/05\/twor4.jpg\"><img loading=\"lazy\" decoding=\"async\" src=\"https:\/\/szkolawszpitalu.ovh\/wp-content\/uploads\/2020\/05\/twor4-1024x760.jpg\" alt=\"\" class=\"wp-image-1471\" width=\"431\" height=\"320\" srcset=\"https:\/\/szkolawszpitalu.ovh\/wp-content\/uploads\/2020\/05\/twor4-1024x760.jpg 1024w, https:\/\/szkolawszpitalu.ovh\/wp-content\/uploads\/2020\/05\/twor4-300x223.jpg 300w, https:\/\/szkolawszpitalu.ovh\/wp-content\/uploads\/2020\/05\/twor4-768x570.jpg 768w, https:\/\/szkolawszpitalu.ovh\/wp-content\/uploads\/2020\/05\/twor4.jpg 1143w\" sizes=\"auto, (max-width: 431px) 100vw, 431px\" \/><\/a><\/figure>\n\n\n\n<figure class=\"wp-block-image size-large is-resized\"><a href=\"https:\/\/szkolawszpitalu.ovh\/wp-content\/uploads\/2020\/05\/twor5.jpg\"><img loading=\"lazy\" decoding=\"async\" src=\"https:\/\/szkolawszpitalu.ovh\/wp-content\/uploads\/2020\/05\/twor5-1024x760.jpg\" alt=\"\" class=\"wp-image-1472\" width=\"434\" height=\"322\" srcset=\"https:\/\/szkolawszpitalu.ovh\/wp-content\/uploads\/2020\/05\/twor5-1024x760.jpg 1024w, https:\/\/szkolawszpitalu.ovh\/wp-content\/uploads\/2020\/05\/twor5-300x223.jpg 300w, https:\/\/szkolawszpitalu.ovh\/wp-content\/uploads\/2020\/05\/twor5-768x570.jpg 768w, https:\/\/szkolawszpitalu.ovh\/wp-content\/uploads\/2020\/05\/twor5.jpg 1141w\" sizes=\"auto, (max-width: 434px) 100vw, 434px\" \/><\/a><\/figure>\n\n\n\n<figure class=\"wp-block-image size-large is-resized\"><a href=\"https:\/\/szkolawszpitalu.ovh\/wp-content\/uploads\/2020\/05\/twor6.jpg\"><img loading=\"lazy\" decoding=\"async\" src=\"https:\/\/szkolawszpitalu.ovh\/wp-content\/uploads\/2020\/05\/twor6-1024x757.jpg\" alt=\"\" class=\"wp-image-1473\" width=\"436\" height=\"322\" srcset=\"https:\/\/szkolawszpitalu.ovh\/wp-content\/uploads\/2020\/05\/twor6-1024x757.jpg 1024w, https:\/\/szkolawszpitalu.ovh\/wp-content\/uploads\/2020\/05\/twor6-300x222.jpg 300w, https:\/\/szkolawszpitalu.ovh\/wp-content\/uploads\/2020\/05\/twor6-768x568.jpg 768w, https:\/\/szkolawszpitalu.ovh\/wp-content\/uploads\/2020\/05\/twor6.jpg 1141w\" sizes=\"auto, (max-width: 436px) 100vw, 436px\" \/><\/a><\/figure>\n\n\n\n<figure class=\"wp-block-image size-large is-resized\"><a href=\"https:\/\/szkolawszpitalu.ovh\/wp-content\/uploads\/2020\/05\/twor7.jpg\"><img loading=\"lazy\" decoding=\"async\" src=\"https:\/\/szkolawszpitalu.ovh\/wp-content\/uploads\/2020\/05\/twor7-1024x759.jpg\" alt=\"\" class=\"wp-image-1474\" width=\"433\" height=\"320\" srcset=\"https:\/\/szkolawszpitalu.ovh\/wp-content\/uploads\/2020\/05\/twor7-1024x759.jpg 1024w, https:\/\/szkolawszpitalu.ovh\/wp-content\/uploads\/2020\/05\/twor7-300x222.jpg 300w, https:\/\/szkolawszpitalu.ovh\/wp-content\/uploads\/2020\/05\/twor7-768x569.jpg 768w, https:\/\/szkolawszpitalu.ovh\/wp-content\/uploads\/2020\/05\/twor7.jpg 1142w\" sizes=\"auto, (max-width: 433px) 100vw, 433px\" \/><\/a><\/figure>\n\n\n\n<figure class=\"wp-block-image size-large is-resized\"><a href=\"https:\/\/szkolawszpitalu.ovh\/wp-content\/uploads\/2020\/05\/twor8.jpg\"><img loading=\"lazy\" decoding=\"async\" src=\"https:\/\/szkolawszpitalu.ovh\/wp-content\/uploads\/2020\/05\/twor8-1024x761.jpg\" alt=\"\" class=\"wp-image-1475\" width=\"431\" height=\"319\" srcset=\"https:\/\/szkolawszpitalu.ovh\/wp-content\/uploads\/2020\/05\/twor8-1024x761.jpg 1024w, https:\/\/szkolawszpitalu.ovh\/wp-content\/uploads\/2020\/05\/twor8-300x223.jpg 300w, https:\/\/szkolawszpitalu.ovh\/wp-content\/uploads\/2020\/05\/twor8-768x571.jpg 768w, https:\/\/szkolawszpitalu.ovh\/wp-content\/uploads\/2020\/05\/twor8.jpg 1138w\" sizes=\"auto, (max-width: 431px) 100vw, 431px\" \/><\/a><\/figure>\n","protected":false},"excerpt":{"rendered":"","protected":false},"author":1,"featured_media":0,"parent":0,"menu_order":0,"comment_status":"closed","ping_status":"closed","template":"","meta":{"footnotes":""},"class_list":["post-1485","page","type-page","status-publish","hentry"],"_links":{"self":[{"href":"https:\/\/szkolawszpitalu.ovh\/index.php?rest_route=\/wp\/v2\/pages\/1485","targetHints":{"allow":["GET"]}}],"collection":[{"href":"https:\/\/szkolawszpitalu.ovh\/index.php?rest_route=\/wp\/v2\/pages"}],"about":[{"href":"https:\/\/szkolawszpitalu.ovh\/index.php?rest_route=\/wp\/v2\/types\/page"}],"author":[{"embeddable":true,"href":"https:\/\/szkolawszpitalu.ovh\/index.php?rest_route=\/wp\/v2\/users\/1"}],"replies":[{"embeddable":true,"href":"https:\/\/szkolawszpitalu.ovh\/index.php?rest_route=%2Fwp%2Fv2%2Fcomments&post=1485"}],"version-history":[{"count":1,"href":"https:\/\/szkolawszpitalu.ovh\/index.php?rest_route=\/wp\/v2\/pages\/1485\/revisions"}],"predecessor-version":[{"id":1486,"href":"https:\/\/szkolawszpitalu.ovh\/index.php?rest_route=\/wp\/v2\/pages\/1485\/revisions\/1486"}],"wp:attachment":[{"href":"https:\/\/szkolawszpitalu.ovh\/index.php?rest_route=%2Fwp%2Fv2%2Fmedia&parent=1485"}],"curies":[{"name":"wp","href":"https:\/\/api.w.org\/{rel}","templated":true}]}}