{"id":1430,"date":"2020-05-04T07:52:22","date_gmt":"2020-05-04T05:52:22","guid":{"rendered":"http:\/\/szkolawszpitalu.ovh\/?page_id=1430"},"modified":"2020-05-04T07:52:22","modified_gmt":"2020-05-04T05:52:22","slug":"podroze-dookola-swiata-mgr-ewelina-wielgocka","status":"publish","type":"page","link":"https:\/\/szkolawszpitalu.ovh\/?page_id=1430","title":{"rendered":"&#8222;Podr\u00f3\u017ce dooko\u0142a \u015bwiata&#8221; &#8211; mgr Ewelina Wielg\u00f3cka"},"content":{"rendered":"\n<p><strong>Scenariusz zaj<\/strong><strong>\u0119\u0107<\/strong><\/p>\n\n\n\n<p>Temat zaj\u0119\u0107 \u2013 Podr\u00f3\u017ce dooko\u0142a \u015bwiata<br>Obszar aktywno\u015bci : Google Earth, Story Dice, nagrywanie g\u0142osu, model 3D, palcem po mapie. <\/p>\n\n\n\n<ol class=\"wp-block-list\"><li>Cele og\u00f3lne :<\/li><\/ol>\n\n\n\n<ul class=\"wp-block-list\"><li>pobudzanie aktywno\u015bci tw\u00f3rczej,<\/li><li>rozwijanie zainteresowa\u0144 r\u00f3\u017cnorodnymi technikami mulLmedialnymi,<\/li><li>pobudzanie ciekawo\u015bci poznawczej,<\/li><li>rozwijanie fantazji dziecka,<\/li><li>kszta\u0142towanie poprawnych wypowiedzi i umiej\u0119tno\u015bci wyra\u017cania my\u015bli,<\/li><li>usprawnienie funkcji wzrokowych, s\u0142uchowych i manualnych,<\/li><li>stwarzanie uczniom, przebywaj\u0105cym w szpitalu mo\u017cliwo\u015bci osi\u0105gania sukces\u00f3w.<\/li><\/ul>\n\n\n\n<p>2. Cele operacyjne &#8211; wychowanek:<\/p>\n\n\n\n<ul class=\"wp-block-list\"><li>potrafi pos\u0142ugiwa\u0107 si\u0119 tabletem w celu zdobycia wiedzy,<\/li><li>zna aplikacje Google Earth, Story Dice, Story Telling i potrafi je wykorzysta\u0107 w celu zdobywania wiedzy,<\/li><li>rozwijanie umiej\u0119tno\u015bci j\u0119zykowych i kreatywno\u015bci ,<\/li><li>potrafi korzysta\u0107 z dost\u0119pnego na tablecie narz\u0119dzia przekszta\u0142caj\u0105cego mow\u0119 w tekst,<\/li><li>potrafi korzysta\u0107 z modeli 3D w aplikacjach mobilnych, rozwijaj\u0105c w ten spos\u00f3b wyobra\u017ani\u0119 przestrzenn\u0105,<\/li><li>potrafi pracowa\u0107 w zespole przy wsp\u00f3lnym projekcie,<\/li><li>umie kreatywnie wykorzysta\u0107 cechy i funkcjonalno\u015bci tabletu.Formy pracy :<\/li><li>indywidualna<\/li><li>zbiorowa<\/li><\/ul>\n\n\n\n<p>3. Potrzebny sprz\u0119t i oprogramowanie:<\/p>\n\n\n\n<ul class=\"wp-block-list\"><li>tablet<\/li><li>aplikacja Google Earth<\/li><li>aplikacja Story Dice \u2013 Story Telling<\/li><\/ul>\n\n\n\n<p><strong>Przebieg zaj\u0119\u0107:<\/strong><\/p>\n\n\n\n<ol class=\"wp-block-list\"><li>Powitanie dzieci.<\/li><li>Wyja\u015bnienie nieznanych s\u0142\u00f3w.<\/li><li>Rozmowa z dzie\u0107mi nawi\u0105zuj\u0105ca do aplikacji: &#8222;Czym jest Google Earth?&#8221;, &#8222;Co to jest Story Dice, Story Telling?&#8221;, &#8222;Czy lubicie prac\u0119 na tablecie?&#8221;<\/li><li>Dzieci siadaj\u0105 przy stolikach z komputerami.<\/li><li>Zadaniem dzieci jest znalezienie odpowiedzi na pytania o danym miejscu, np.:\u201eCzy miasto znajduje si\u0119 na wsch\u00f3d, czy na zach\u00f3d od Warszawy?\u201d,&#8221;Czy znajduje si\u0119 na p\u00f3\u0142nocy, czy na po\u0142udniu Pary\u017ca?&#8221;<\/li><li>Osoba, kt\u00f3ra wybra\u0142a miasto odpowiada \u201etak\u201d lub \u201enie\u201d albo \u201eciep\u0142o\u201d lub \u201ezimno\u201d.<\/li><li>Uczniowie staraj\u0105 si\u0119 jak najszybciej odgadn\u0105\u0107 miejsce wirtualnej wycieczki. W ustaleniu miejsca mo\u017ce pom\u00f3c aplikacja Google Earth.<\/li><li>Po zako\u0144czeniu gry, uczniowie wymieniaj\u0105 stolic\u0119, kt\u00f3re wybrali na swoj\u0105 wirtualn\u0105 wycieczk\u0119.<\/li><\/ol>\n\n\n\n<p><a href=\"https:\/\/www.google.com\/intl\/pl\/earth\/\">https:\/\/www.google.com\/intl\/pl\/earth\/<\/a><\/p>\n","protected":false},"excerpt":{"rendered":"<p>Scenariusz zaj\u0119\u0107 Temat zaj\u0119\u0107 \u2013 Podr\u00f3\u017ce dooko\u0142a \u015bwiataObszar aktywno\u015bci : Google Earth, Story Dice, nagrywanie g\u0142osu, model 3D, palcem po mapie. Cele og\u00f3lne : pobudzanie aktywno\u015bci tw\u00f3rczej, rozwijanie zainteresowa\u0144 r\u00f3\u017cnorodnymi technikami mulLmedialnymi, pobudzanie ciekawo\u015bci poznawczej, rozwijanie fantazji dziecka, kszta\u0142towanie poprawnych &hellip; <a href=\"https:\/\/szkolawszpitalu.ovh\/?page_id=1430\">Czytaj dalej <span class=\"meta-nav\">&rarr;<\/span><\/a><\/p>\n","protected":false},"author":1,"featured_media":0,"parent":0,"menu_order":0,"comment_status":"closed","ping_status":"closed","template":"","meta":{"footnotes":""},"class_list":["post-1430","page","type-page","status-publish","hentry"],"_links":{"self":[{"href":"https:\/\/szkolawszpitalu.ovh\/index.php?rest_route=\/wp\/v2\/pages\/1430","targetHints":{"allow":["GET"]}}],"collection":[{"href":"https:\/\/szkolawszpitalu.ovh\/index.php?rest_route=\/wp\/v2\/pages"}],"about":[{"href":"https:\/\/szkolawszpitalu.ovh\/index.php?rest_route=\/wp\/v2\/types\/page"}],"author":[{"embeddable":true,"href":"https:\/\/szkolawszpitalu.ovh\/index.php?rest_route=\/wp\/v2\/users\/1"}],"replies":[{"embeddable":true,"href":"https:\/\/szkolawszpitalu.ovh\/index.php?rest_route=%2Fwp%2Fv2%2Fcomments&post=1430"}],"version-history":[{"count":1,"href":"https:\/\/szkolawszpitalu.ovh\/index.php?rest_route=\/wp\/v2\/pages\/1430\/revisions"}],"predecessor-version":[{"id":1431,"href":"https:\/\/szkolawszpitalu.ovh\/index.php?rest_route=\/wp\/v2\/pages\/1430\/revisions\/1431"}],"wp:attachment":[{"href":"https:\/\/szkolawszpitalu.ovh\/index.php?rest_route=%2Fwp%2Fv2%2Fmedia&parent=1430"}],"curies":[{"name":"wp","href":"https:\/\/api.w.org\/{rel}","templated":true}]}}