{"id":1428,"date":"2020-05-04T07:45:10","date_gmt":"2020-05-04T05:45:10","guid":{"rendered":"http:\/\/szkolawszpitalu.ovh\/?page_id=1428"},"modified":"2020-05-04T07:45:10","modified_gmt":"2020-05-04T05:45:10","slug":"rozmieszczenie-ladow-i-oceanow-na-ziemi-mgr-katarzyna-osiecka-geografia","status":"publish","type":"page","link":"https:\/\/szkolawszpitalu.ovh\/?page_id=1428","title":{"rendered":"&#8222;Rozmieszczenie l\u0105d\u00f3w i ocean\u00f3w na Ziemi&#8221; &#8211; mgr Katarzyna Osiecka (geografia)"},"content":{"rendered":"\n<p><strong>Katarzyna Osiecka<\/strong><\/p>\n\n\n\n<p><strong>Temat lekcji: Rozmieszczenie l\u0105d\u00f3w i ocean\u00f3w na Ziemi. <\/strong><\/p>\n\n\n\n<p><strong>Cel lekcji :\u00a0<\/strong>odczytywanie tre\u015bci mapy hipsometrycznej\u00a0\u015bwiata.<\/p>\n\n\n\n<p><strong>Cele operacyjne lekcji\u00a0<\/strong>:<br>Ucze\u0144:<br>&#8211; wskazuje i nazywa na mapie fizycznej\u00a0\u015bwiata kontynenty i oceany,<br>&#8211; okre\u015bla rozmieszczenie l\u0105d\u00f3w i m\u00f3rz na kuli ziemskiej,<br>&#8211; wyja\u015bnia znaczenie poj\u0119\u0107: kontynent, wyspa, archipelag, ocean, morze, cie\u015bnina, zatoka,<br>&#8211; por\u00f3wnuje dane liczbowe przedstawiaj\u0105ce powierzchni\u0119\u00a0l\u0105d\u00f3w.<\/p>\n\n\n\n<p><strong>Metody:<\/strong><\/p>\n\n\n\n<p>&#8211; burza m\u00f3zg\u00f3w, praca z map\u0105.<\/p>\n\n\n\n<p><strong>Formy pracy:<\/strong><\/p>\n\n\n\n<p>&#8211; indywidualna, zbiorowa.<\/p>\n\n\n\n<p><strong>\u015a<\/strong><strong>rodki dydaktyczne:<\/strong><\/p>\n\n\n\n<p>&#8211; globusy,<br>&#8211; mapa hipsometryczna&nbsp;\u015bwiata,<br>&#8211; mapki konturowe poszczeg\u00f3lnych kontynent\u00f3w, &#8211; rozsypanki,<br>&#8211; karty pracy,<br>&#8211; klej.<\/p>\n\n\n\n<p><strong>Przebieg lekcji:<\/strong><\/p>\n\n\n\n<p>I. Faza wprowadzaj\u0105ca.<br>1. Podanie tematu lekcji.<br>2. Nauczyciel pokazuje uczniom globus i przypomina,&nbsp;\u017ce jest to model Ziemi. Co znajduje si\u0119&nbsp;na Ziemi? ( L\u0105dy i oceany).<br>3. Zapisanie tematu lekcji.<\/p>\n\n\n\n<p class=\"has-text-align-left\">II. Faza realizacyjna.<br>1. Mapa hipsometryczna\u00a0\u015bwiata: odczytanie tytu\u0142u, skali, skali bar.<br>2. Wskazanie i odczytanie na mapie du\u017cych, zwartych obszar\u00f3w l\u0105dowych.<br>3. Uczniowie korzystaj\u0105\u00a0w tym czasie z atlasu geograficznego.<br>4. Na tablicy pojawiaj\u0105\u00a0si\u0119\u00a0terminy i ich okre\u015blenia, kt\u00f3re wsp\u00f3lnie zostaj\u0105\u00a0przyporz\u0105dkowane (kontynent, wyspa, archipelag).<br>5. Wskazanie i odczytanie na mapie oraz w atlasach nazwy du\u017cych, zwartych akwen\u00f3w wodnych.<br>6. Na tablicy pojawiaj\u0105\u00a0si\u0119\u00a0terminy i ich okre\u015blenia, kt\u00f3re zostaj\u0105\u00a0przyporz\u0105dkowane (ocean, morze, zatoka, cie\u015bnina).<br>7. Zabawa: jeden ucze\u0144\u00a0daje has\u0142o znalezienia wyspy, morza, zatoki lub cie\u015bniny,<br>a reszta szuka w atlasie. Kto pierwszy wska\u017ce, ten podnosi r\u0119k\u0119, wskazuje na mapie hipsometrycznej\u00a0\u015bwiata i otrzymuje \u201e+\u201d.<\/p>\n\n\n\n<p class=\"has-text-align-left\">8. Ka\u017cdy ucze\u0144\u00a0otrzymuje od nauczyciela kontur kontynentu, musi zgadn\u0105\u0107, co on przedstawia, wklei\u0107\u00a0do zeszytu i wyszuka\u0107\u00a0w atlasie kilka informacji np.: najwy\u017cszy szczyt,\u00a0\u0142a\u0144cuchy g\u00f3rskie, jakie morza b\u0105d\u017a\u00a0oceany oblewaj\u0105\u00a0ten kontynent, z jakim kontynentem graniczy, jak przedstawia si\u0119\u00a0ukszta\u0142towanie powierzchni, itd.<\/p>\n\n\n\n<p>9. Kr\u00f3tka prezentacja.<br>10. Uczniowie otrzymuj\u0105&nbsp;zestaw nazw kontynent\u00f3w i zestaw cyfr okre\u015blaj\u0105cych powierzchni\u0119. Na podstawie wielko\u015bci obszar\u00f3w w atlasie lub wcze\u015bniej zdobytych wiadomo\u015bci uczniowie uk\u0142adaj\u0105&nbsp;kontynenty wg. wielko\u015bci, mog\u0105&nbsp;wklei\u0107&nbsp;to do zeszytu.<\/p>\n\n\n\n<p>III. Faza podsumowuj\u0105ca.<br>1. Uczniowie otrzymuj\u0105\u00a0kart\u0119\u00a0pracy, kt\u00f3r\u0105\u00a0powinni samodzielnie wype\u0142ni\u0107. 2. Nauczyciel zbiera prace, ocenione oddaje na nast\u0119pnej lekcji.<\/p>\n\n\n\n<figure class=\"wp-block-image size-large is-resized\"><a href=\"https:\/\/szkolawszpitalu.ovh\/wp-content\/uploads\/2020\/05\/kartageo.jpg\"><img loading=\"lazy\" decoding=\"async\" src=\"https:\/\/szkolawszpitalu.ovh\/wp-content\/uploads\/2020\/05\/kartageo-763x1024.jpg\" alt=\"\" class=\"wp-image-1418\" width=\"429\" height=\"576\" srcset=\"https:\/\/szkolawszpitalu.ovh\/wp-content\/uploads\/2020\/05\/kartageo-763x1024.jpg 763w, https:\/\/szkolawszpitalu.ovh\/wp-content\/uploads\/2020\/05\/kartageo-223x300.jpg 223w, https:\/\/szkolawszpitalu.ovh\/wp-content\/uploads\/2020\/05\/kartageo-768x1031.jpg 768w, https:\/\/szkolawszpitalu.ovh\/wp-content\/uploads\/2020\/05\/kartageo.jpg 885w\" sizes=\"auto, (max-width: 429px) 100vw, 429px\" \/><\/a><\/figure>\n\n\n\n<figure class=\"wp-block-image\"><img decoding=\"async\" src=\"blob:https:\/\/szkolawszpitalu.ovh\/9b6e0cee-dec0-4263-a89e-204925dba3c6\" alt=\"page3image48884608\"\/><\/figure>\n","protected":false},"excerpt":{"rendered":"<p>Katarzyna Osiecka Temat lekcji: Rozmieszczenie l\u0105d\u00f3w i ocean\u00f3w na Ziemi. Cel lekcji :\u00a0odczytywanie tre\u015bci mapy hipsometrycznej\u00a0\u015bwiata. Cele operacyjne lekcji\u00a0:Ucze\u0144:&#8211; wskazuje i nazywa na mapie fizycznej\u00a0\u015bwiata kontynenty i oceany,&#8211; okre\u015bla rozmieszczenie l\u0105d\u00f3w i m\u00f3rz na kuli ziemskiej,&#8211; wyja\u015bnia znaczenie poj\u0119\u0107: kontynent, &hellip; <a href=\"https:\/\/szkolawszpitalu.ovh\/?page_id=1428\">Czytaj dalej <span class=\"meta-nav\">&rarr;<\/span><\/a><\/p>\n","protected":false},"author":1,"featured_media":0,"parent":0,"menu_order":0,"comment_status":"closed","ping_status":"closed","template":"","meta":{"footnotes":""},"class_list":["post-1428","page","type-page","status-publish","hentry"],"_links":{"self":[{"href":"https:\/\/szkolawszpitalu.ovh\/index.php?rest_route=\/wp\/v2\/pages\/1428","targetHints":{"allow":["GET"]}}],"collection":[{"href":"https:\/\/szkolawszpitalu.ovh\/index.php?rest_route=\/wp\/v2\/pages"}],"about":[{"href":"https:\/\/szkolawszpitalu.ovh\/index.php?rest_route=\/wp\/v2\/types\/page"}],"author":[{"embeddable":true,"href":"https:\/\/szkolawszpitalu.ovh\/index.php?rest_route=\/wp\/v2\/users\/1"}],"replies":[{"embeddable":true,"href":"https:\/\/szkolawszpitalu.ovh\/index.php?rest_route=%2Fwp%2Fv2%2Fcomments&post=1428"}],"version-history":[{"count":1,"href":"https:\/\/szkolawszpitalu.ovh\/index.php?rest_route=\/wp\/v2\/pages\/1428\/revisions"}],"predecessor-version":[{"id":1429,"href":"https:\/\/szkolawszpitalu.ovh\/index.php?rest_route=\/wp\/v2\/pages\/1428\/revisions\/1429"}],"wp:attachment":[{"href":"https:\/\/szkolawszpitalu.ovh\/index.php?rest_route=%2Fwp%2Fv2%2Fmedia&parent=1428"}],"curies":[{"name":"wp","href":"https:\/\/api.w.org\/{rel}","templated":true}]}}