{"id":1346,"date":"2020-04-18T08:46:24","date_gmt":"2020-04-18T06:46:24","guid":{"rendered":"http:\/\/szkolawszpitalu.ovh\/?page_id=1346"},"modified":"2020-04-18T08:46:24","modified_gmt":"2020-04-18T06:46:24","slug":"dzien-z-bajka-mgr-barbara-nowakowska","status":"publish","type":"page","link":"https:\/\/szkolawszpitalu.ovh\/?page_id=1346","title":{"rendered":"&#8222;Dzie\u0144 z bajk\u0105&#8221; &#8211; mgr Barbara Nowakowska"},"content":{"rendered":"\n<p><strong>SCENARIUSZ ZAJ\u0118\u0106 DLA GRUPY DZIECI M\u0141ODSZYCH&nbsp;<\/strong><\/p>\n\n\n\n<p><strong>Temat: \u201eDzie\u0144 z bajk\u0105\u201d<\/strong><\/p>\n\n\n\n<p><strong>Cele:<br><\/strong>\u2022 doskonalenie umiej\u0119tno\u015bci wypowiadania si\u0119,rozbudzenie zainteresowa\u0144 czytelniczych,<br>\u2022 rozpoznawanie bajkowych bohater\u00f3w oraz znajomo\u015bci tytu\u0142\u00f3w bajek \u2022 wdra\u017canie do w\u0142a\u015bciwego obchodzenia si\u0119 z ksi\u0105\u017ckami,<br>\u2022 rozbudzenie wyobra\u017ani,<br>\u2022 kszta\u0142cenie logicznego my\u015blenia.<\/p>\n\n\n\n<p><strong>Metody pracy: <\/strong>pogadanka, zagadka, zadanie do wykonania.&nbsp;<\/p>\n\n\n\n<p><strong>Formy pracy:<\/strong> indywidualna, zbiorowa.&nbsp;<\/p>\n\n\n\n<p><strong>\u015arodki dydaktyczne: <\/strong>Wiersz Czes\u0142awa Janczarskiego pt. \u201ePos\u0142uchajcie bajeczki\u201d, ksi\u0105\u017cki z bajkami , obrazki przedstawiaj\u0105ce postacie i rekwizyty z r\u00f3\u017cnych bajek.&nbsp;<\/p>\n\n\n\n<p><strong>Przebieg zaj\u0119\u0107:<\/strong><br>1. Wys\u0142uchanie wiersza Czes\u0142awa Janczarskiego \u201ePos\u0142uchajcie bajeczki\u201d:&nbsp;<\/p>\n\n\n\n<p><em>Wiatr szele\u015bci: -Irenko,<\/em><\/p>\n\n\n\n<p><em>co masz w r\u0119ku? -Pisemko.&nbsp;<\/em><\/p>\n\n\n\n<p><em>Jest w nim bajka o lisie&nbsp;<\/em><\/p>\n\n\n\n<p><em>jak na spacer szed\u0142 z misiem&#8230;.&nbsp;<\/em><\/p>\n\n\n\n<p><em>Jak zaj\u0105czka spotkali&nbsp;<\/em><\/p>\n\n\n\n<p><em>i jak poszli dalej\u2026.<\/em><\/p>\n\n\n\n<p><em>Wiatr szele\u015bci weso\u0142o,&nbsp;<\/em><\/p>\n\n\n\n<p><em>garnie loki na czo\u0142o<\/em><\/p>\n\n\n\n<p><em>Porwa\u0142 bajk\u0119 dziewczynki,<\/em><\/p>\n\n\n\n<p><em>zani\u00f3s\u0142 wprost do kotlinki.<br><\/em><\/p>\n\n\n\n<p><em>A tam zaj\u0105c, szaraczek, rzek\u0142:&nbsp;<\/em><\/p>\n\n\n\n<p><em>-O, bajka! Zobacz\u0119&#8230;.&nbsp;<\/em><\/p>\n\n\n\n<p><em>Wo\u0142a syn\u00f3w i c\u00f3rki.<\/em><\/p>\n\n\n\n<p><em>Kic, kic-biegn\u0105 zza rzeczki.&nbsp;<\/em><\/p>\n\n\n\n<p><em>Kic, kic-spiesz\u0105 zza rzeczki.&nbsp;<\/em><\/p>\n\n\n\n<p><em>Kic, kic \u2013spiesz\u0105 w d\u00f3\u0142 z g\u00f3rki.&nbsp;<\/em><\/p>\n\n\n\n<p><em>-Pos\u0142uchajcie bajeczki!&#8230;.&nbsp;<\/em><\/p>\n\n\n\n<p>Rozmowa z dzie\u0107mi nawi\u0105zuj\u0105ca do tre\u015bci utworu:&nbsp;<\/p>\n\n\n\n<ul class=\"wp-block-list\"><li>Co trzyma\u0142a w r\u0119ku Irenka?\u00a0<\/li><li>O czym by\u0142a ta bajka?\u00a0<\/li><li>Co si\u0119 sta\u0142o z bajk\u0105 Irenki?<\/li><li>Czy lubicie, kiedy kto\u015b opowiada wam lub czyta bajki?<\/li><li>Kt\u00f3re bajki lubicie najbardziej?\u00a0<\/li><\/ul>\n\n\n\n<p>2. Rozwi\u0105zywanie zagadek.\u00a0<\/p>\n\n\n\n<p><em>Dzieci ko\u0144cz\u0105 wersy i opowiadaj\u0105, co spotka\u0142o dziewczynk\u0119.&nbsp;<\/em><\/p>\n\n\n\n<p>Las, rzeczka, pag\u00f3rek. Przez las idzie \u015bcie\u017ck\u0105&#8230;.. (Czerwony Kapturek)&nbsp;<\/p>\n\n\n\n<p>Wilk skry\u0142 si\u0119 za g\u00f3rk\u0105 I oczami b\u0142yska. Ach, strze\u017c si\u0119 Kapturku, Gro\u017anego &#8230;. (wilczyska)&nbsp;<\/p>\n\n\n\n<p>Sukni\u0119, pi\u0119kne pantofelki darowa\u0142a wr\u00f3\u017cka. Po balu kogo szuka\u0142 ksi\u0105\u017c\u0119 ? Wiadomo&#8230;.(Kopciuszka)&nbsp;<\/p>\n\n\n\n<p>Ojciec z drewna go wystruga\u0142 , wieloryb go po\u0142kn\u0105\u0142. Kim jest ch\u0142opiec z d\u0142ugim nosem ? To przecie\u017c&#8230;.(Pinokio).&nbsp;<\/p>\n\n\n\n<p>W jakiej bajce sprytny kocur olbrzyma oszuka\u0142, dla m\u0142ynarza zdoby\u0142 zamek? To jasne: \u201eKot w&#8230;.( butach)\u201d.&nbsp;<\/p>\n\n\n\n<p>Siedem krasnoludk\u00f3w w skalnej grocie mieszka. Kto im gotuje? Czarnow\u0142osa&#8230;&#8230;. (\u015anie\u017cka)&nbsp;<\/p>\n\n\n\n<p>Kapelusz z pi\u00f3rem nosi na g\u0142owie? Co to za kotek? Kto mi powie? (Kot w butach)&nbsp;<\/p>\n\n\n\n<p>3. Dzieci nazywaj\u0105 bohatera ba\u015bni, o kt\u00f3rym m\u00f3wi wierszyk.&nbsp;<\/p>\n\n\n\n<p>Dwoje dzieciak\u00f3w zab\u0142\u0105dzi\u0142o noc\u0105. Patrz\u0105-okienka w\u015br\u00f3d drzew migoc\u0105.&nbsp;<\/p>\n\n\n\n<p>Domek z piernika! Wejd\u017amy do \u015brodka. Ach, czy nic z\u0142ego dzieci nie spotka?&nbsp;<\/p>\n\n\n\n<p>O kim by\u0142a mowa w zagadce? Kto mieszka\u0142 w domku z piernika?&nbsp;<\/p>\n\n\n\n<p>4. Dzieci siadaj\u0105 przy stolikach.&nbsp;<\/p>\n\n\n\n<p>Ka\u017cde dostaje kartki z sze\u015bcioma obrazkami. Dzieci licz\u0105 obrazki, ogl\u0105daj\u0105 je i m\u00f3wi\u0105, co one przedstawiaj\u0105. Nast\u0119pnie koloruj\u0105 cztery b\u0119d\u0105ce ilustracjami tej samej bajki, a dwa zostawiaj\u0105 nie pokolorowane. Podaj\u0105 tytu\u0142 utworu, do kt\u00f3rego odnosz\u0105 si\u0119 wybrane obrazki i nazywaj\u0105 przedstawionych bohater\u00f3w i przedmioty.&nbsp;<\/p>\n\n\n\n<p>5. Praca plastyczna \u2013 kolorowanie postaci z wybranej bajki. <em>Propozycje w za\u0142\u0105czniku.&nbsp;<\/em><\/p>\n\n\n\n<p>mgr Barbara Nowakowska&nbsp;<\/p>\n\n\n\n<figure class=\"wp-block-image size-large is-resized\"><a href=\"https:\/\/szkolawszpitalu.ovh\/wp-content\/uploads\/2020\/04\/baj1.jpg\"><img loading=\"lazy\" decoding=\"async\" src=\"https:\/\/szkolawszpitalu.ovh\/wp-content\/uploads\/2020\/04\/baj1.jpg\" alt=\"\" class=\"wp-image-1326\" width=\"309\" height=\"432\"\/><\/a><\/figure>\n\n\n\n<figure class=\"wp-block-image size-large is-resized\"><a href=\"https:\/\/szkolawszpitalu.ovh\/wp-content\/uploads\/2020\/04\/baj2.jpg\"><img loading=\"lazy\" decoding=\"async\" src=\"https:\/\/szkolawszpitalu.ovh\/wp-content\/uploads\/2020\/04\/baj2.jpg\" alt=\"\" class=\"wp-image-1327\" width=\"310\" height=\"439\"\/><\/a><\/figure>\n\n\n\n<figure class=\"wp-block-image size-large is-resized\"><a href=\"https:\/\/szkolawszpitalu.ovh\/wp-content\/uploads\/2020\/04\/pinokio2.jpg\"><img loading=\"lazy\" decoding=\"async\" src=\"https:\/\/szkolawszpitalu.ovh\/wp-content\/uploads\/2020\/04\/pinokio2.jpg\" alt=\"\" class=\"wp-image-1239\" width=\"309\" height=\"366\"\/><\/a><\/figure>\n\n\n\n<figure class=\"wp-block-image size-large is-resized\"><a href=\"https:\/\/szkolawszpitalu.ovh\/wp-content\/uploads\/2020\/04\/baj3.jpg\"><img loading=\"lazy\" decoding=\"async\" src=\"https:\/\/szkolawszpitalu.ovh\/wp-content\/uploads\/2020\/04\/baj3.jpg\" alt=\"\" class=\"wp-image-1328\" width=\"282\" height=\"348\"\/><\/a><\/figure>\n\n\n\n<figure class=\"wp-block-image size-large is-resized\"><a href=\"https:\/\/szkolawszpitalu.ovh\/wp-content\/uploads\/2020\/04\/baj4.jpg\"><img loading=\"lazy\" decoding=\"async\" src=\"https:\/\/szkolawszpitalu.ovh\/wp-content\/uploads\/2020\/04\/baj4.jpg\" alt=\"\" class=\"wp-image-1329\" width=\"280\" height=\"313\"\/><\/a><\/figure>\n\n\n\n<figure class=\"wp-block-image size-large is-resized\"><a href=\"https:\/\/szkolawszpitalu.ovh\/wp-content\/uploads\/2020\/04\/baj5.jpg\"><img loading=\"lazy\" decoding=\"async\" src=\"https:\/\/szkolawszpitalu.ovh\/wp-content\/uploads\/2020\/04\/baj5.jpg\" alt=\"\" class=\"wp-image-1330\" width=\"262\" height=\"304\"\/><\/a><\/figure>\n\n\n\n<figure class=\"wp-block-image size-large is-resized\"><a href=\"https:\/\/szkolawszpitalu.ovh\/wp-content\/uploads\/2020\/04\/baj6.jpg\"><img loading=\"lazy\" decoding=\"async\" src=\"https:\/\/szkolawszpitalu.ovh\/wp-content\/uploads\/2020\/04\/baj6.jpg\" alt=\"\" class=\"wp-image-1331\" width=\"263\" height=\"349\" srcset=\"https:\/\/szkolawszpitalu.ovh\/wp-content\/uploads\/2020\/04\/baj6.jpg 230w, https:\/\/szkolawszpitalu.ovh\/wp-content\/uploads\/2020\/04\/baj6-226x300.jpg 226w\" sizes=\"auto, (max-width: 263px) 100vw, 263px\" \/><\/a><\/figure>\n\n\n\n<figure class=\"wp-block-image size-large is-resized\"><a href=\"https:\/\/szkolawszpitalu.ovh\/wp-content\/uploads\/2020\/04\/baj7.jpg\"><img loading=\"lazy\" decoding=\"async\" src=\"https:\/\/szkolawszpitalu.ovh\/wp-content\/uploads\/2020\/04\/baj7.jpg\" alt=\"\" class=\"wp-image-1332\" width=\"248\" height=\"300\"\/><\/a><\/figure>\n\n\n\n<figure class=\"wp-block-image size-large is-resized\"><a href=\"https:\/\/szkolawszpitalu.ovh\/wp-content\/uploads\/2020\/04\/baj8.jpg\"><img loading=\"lazy\" decoding=\"async\" src=\"https:\/\/szkolawszpitalu.ovh\/wp-content\/uploads\/2020\/04\/baj8.jpg\" alt=\"\" class=\"wp-image-1333\" width=\"247\" height=\"348\" srcset=\"https:\/\/szkolawszpitalu.ovh\/wp-content\/uploads\/2020\/04\/baj8.jpg 228w, https:\/\/szkolawszpitalu.ovh\/wp-content\/uploads\/2020\/04\/baj8-213x300.jpg 213w\" sizes=\"auto, (max-width: 247px) 100vw, 247px\" \/><\/a><\/figure>\n","protected":false},"excerpt":{"rendered":"<p>SCENARIUSZ ZAJ\u0118\u0106 DLA GRUPY DZIECI M\u0141ODSZYCH&nbsp; Temat: \u201eDzie\u0144 z bajk\u0105\u201d Cele:\u2022 doskonalenie umiej\u0119tno\u015bci wypowiadania si\u0119,rozbudzenie zainteresowa\u0144 czytelniczych,\u2022 rozpoznawanie bajkowych bohater\u00f3w oraz znajomo\u015bci tytu\u0142\u00f3w bajek \u2022 wdra\u017canie do w\u0142a\u015bciwego obchodzenia si\u0119 z ksi\u0105\u017ckami,\u2022 rozbudzenie wyobra\u017ani,\u2022 kszta\u0142cenie logicznego my\u015blenia. Metody pracy: pogadanka, &hellip; <a href=\"https:\/\/szkolawszpitalu.ovh\/?page_id=1346\">Czytaj dalej <span class=\"meta-nav\">&rarr;<\/span><\/a><\/p>\n","protected":false},"author":1,"featured_media":0,"parent":0,"menu_order":0,"comment_status":"closed","ping_status":"closed","template":"","meta":{"footnotes":""},"class_list":["post-1346","page","type-page","status-publish","hentry"],"_links":{"self":[{"href":"https:\/\/szkolawszpitalu.ovh\/index.php?rest_route=\/wp\/v2\/pages\/1346","targetHints":{"allow":["GET"]}}],"collection":[{"href":"https:\/\/szkolawszpitalu.ovh\/index.php?rest_route=\/wp\/v2\/pages"}],"about":[{"href":"https:\/\/szkolawszpitalu.ovh\/index.php?rest_route=\/wp\/v2\/types\/page"}],"author":[{"embeddable":true,"href":"https:\/\/szkolawszpitalu.ovh\/index.php?rest_route=\/wp\/v2\/users\/1"}],"replies":[{"embeddable":true,"href":"https:\/\/szkolawszpitalu.ovh\/index.php?rest_route=%2Fwp%2Fv2%2Fcomments&post=1346"}],"version-history":[{"count":1,"href":"https:\/\/szkolawszpitalu.ovh\/index.php?rest_route=\/wp\/v2\/pages\/1346\/revisions"}],"predecessor-version":[{"id":1347,"href":"https:\/\/szkolawszpitalu.ovh\/index.php?rest_route=\/wp\/v2\/pages\/1346\/revisions\/1347"}],"wp:attachment":[{"href":"https:\/\/szkolawszpitalu.ovh\/index.php?rest_route=%2Fwp%2Fv2%2Fmedia&parent=1346"}],"curies":[{"name":"wp","href":"https:\/\/api.w.org\/{rel}","templated":true}]}}