{"id":1344,"date":"2020-04-18T08:40:47","date_gmt":"2020-04-18T06:40:47","guid":{"rendered":"http:\/\/szkolawszpitalu.ovh\/?page_id=1344"},"modified":"2020-04-18T08:40:47","modified_gmt":"2020-04-18T06:40:47","slug":"nasza-ziemia-mgr-justyna-osiecka","status":"publish","type":"page","link":"https:\/\/szkolawszpitalu.ovh\/?page_id=1344","title":{"rendered":"&#8222;Nasza Ziemia&#8221; &#8211; mgr Justyna Osiecka"},"content":{"rendered":"\n<p><strong>Justyna Osiecka&nbsp;<\/strong><\/p>\n\n\n\n<p>Wychowawca, oddzia\u0142 Pediatrii Szpitala Miejskiego w Gdyni<\/p>\n\n\n\n<p><strong>Temat: Nasza Ziemia \u2013 scenariusz zaj\u0119cia na Dzie\u0144 Ziemi<\/strong><\/p>\n\n\n\n<p><strong>Grupa: <\/strong>5 \u2013 6 latki<\/p>\n\n\n\n<p><strong>Cele og\u00f3lne:<\/strong><\/p>\n\n\n\n<ul class=\"wp-block-list\"><li>wzbogacenie wiedzy i s\u0142ownictwa dzieci na temat Ziemi jako planety;<\/li><li>zwr\u00f3cenie uwagi na konieczno\u015b\u0107 ochrony Ziemi przed szkodliw\u0105 dzia\u0142alno\u015bci\u0105 ludzi;<\/li><li>ca\u0142o\u015bciowe czytanie wyrazu: ZIEMIA,<\/li><li>uog\u00f3lnianie i rozwijanie tw\u00f3rczego my\u015blenia poprzez rozwi\u0105zywanie zagadek;<\/li><li>rozwijanie umiej\u0119tno\u015bci plastycznych dzieci;<\/li><\/ul>\n\n\n\n<p><strong>\u015arodki dydaktyczne:<\/strong>&nbsp;<\/p>\n\n\n\n<ul class=\"wp-block-list\"><li>kostium Ziemi (peleryna),&nbsp;<\/li><li>p\u0142yta z piosenkami,&nbsp;<\/li><li>karta pracy,&nbsp;<\/li><li>model Ziemi i S\u0142o\u0144ca,&nbsp;<\/li><li>ilustracje,&nbsp;<\/li><li>napisy,<\/li><li>teksty zagadek;<\/li><\/ul>\n\n\n\n<p><strong>Przebieg zaj\u0119\u0107:<\/strong><\/p>\n\n\n\n<p><strong><em>1. Rozwi\u0105zywanie zagadek<\/em><\/strong>:<\/p>\n\n\n\n<p><em>Co to za z\u0142ota \u015bwietlana kula, kt\u00f3ra swym ciep\u0142em Ziemi\u0119 otula? (S\u0142o\u0144ce)<\/em><\/p>\n\n\n\n<p><em>Kiedy po niebie w\u0119druje noc\u0105, doko\u0142a niego gwiazdy migoc\u0105.<br>Raz jest jak rogalik, raz okr\u0105g\u0142y jak talerz.<br>Kiedy s\u0142o\u0144ce wschodzi, wnet z nieba ucieka. (Ksi\u0119\u017cyc)<\/em><\/p>\n\n\n\n<p><em>W dzie\u0144 ich nie ujrzysz, chocia\u017c s\u0105 nad nami.<br>Mo\u017cna je zobaczy\u0107 noc\u0105 i wieczorami. (gwiazdy)<\/em><\/p>\n\n\n\n<p><em>Co to za okr\u0105g\u0142a planeta, na kt\u00f3rej bez wody,<br>tlenu i s\u0142o\u0144ca nie by\u0142oby \u017cycia. (Ziemia)<\/em><\/p>\n\n\n\n<p><strong><em>2.Zabawa \u2013 do\u015bwiadczenie<\/em><\/strong> u\u015bwiadamiaj\u0105ce, w jaki spos\u00f3b Ziemia kr\u0105\u017cy wok\u00f3\u0142 S\u0142o\u0144ca, (Dwoje dzieci wciela si\u0119 w role Ziemi i S\u0142o\u0144ca, S\u0142o\u0144ce stoi nieruchomo, natomiast Ziemia porusza si\u0119 dooko\u0142a S\u0142o\u0144ca i dodatkowo dooko\u0142a w\u0142asnej osi. S\u0142o\u0144ce trzyma lampk\u0119, kt\u00f3ra o\u015bwietla Ziemi\u0119 t\u0119 cz\u0119\u015b\u0107 Ziemi , kt\u00f3ra jest zwr\u00f3cona\u00a0w jego stron\u0119).<\/p>\n\n\n\n<p><strong><em>3.Rozmowa z dzie\u0107mi<\/em><\/strong> n.t.: czasu okr\u0105\u017cenia S\u0142o\u0144ca przez Ziemi\u0119 (rok); czasu obrotu Ziemi wok\u00f3\u0142 w\u0142asnej osi (doba); oraz pory dnia w zale\u017cno\u015bci od o\u015bwietlania Ziemi (dzie\u0144 i noc).<\/p>\n\n\n\n<p><strong><em>4.Zabawa: \u201dDzie\u0144 \u2013 noc\u201d<\/em><\/strong>: Dzieci poruszaj\u0105 si\u0119 po sali w rytm muzyki. Na has\u0142o \u201edzie\u0144\u201d na\u015bladuj\u0105 czynno\u015bci, jakie mo\u017cna wykonywa\u0107 w ci\u0105gu dnia, na has\u0142o \u201enoc\u201d, k\u0142ad\u0105 si\u0119 na dywanie i \u201e\u015bpi\u0105\u201d.<\/p>\n\n\n\n<p><strong><em>5.\u201eZiemia prosi o pomoc\u201d<\/em><\/strong>\u2013 nauczycielka ubrana w kostium Ziemi ( peleryna, do kt\u00f3rej przyczepione s\u0105 \u015bmieci wyrzucane przez ludzi), \u017cali si\u0119, \u017ce jest jej ci\u0119\u017cko, wsz\u0119dzie pe\u0142no \u015bmieci, brudna woda i gleba, gin\u0105 zwierz\u0119ta, ludzie wycinaj\u0105 lasy. Ziemia wo\u0142a na pomoc dzieci, \u017ceby uwolni\u0142y j\u0105 od g\u00f3ry \u015bmieci i odpad\u00f3w. Dzieci ch\u0119tnie odpowiadaj\u0105 na pro\u015bb\u0119 Ziemi, \u201euwalniaj\u0105\u201d planet\u0119 spod g\u00f3ry \u015bmieci\u00a0i ods\u0142aniaj\u0105 pi\u0119kno czystej Ziemi\u201d: las, kwiaty, czysta woda, itp.\u00a0<\/p>\n\n\n\n<p><strong><em>6. Zabawa dydaktyczna <\/em><\/strong>\u2013 segregowanie \u015bmieci, spod kt\u00f3rych zosta\u0142a uwolniona Ziemia. Wrzucanie ich do wyznaczonych pojemnik\u00f3w (pojemnikami s\u0105 kartonowe pude\u0142ka pomalowane na odpowiednie kolory: \u017c\u00f3\u0142ty \u2013 plastik, zielony \u2013 szk\u0142o, niebieski \u2013 papier),<\/p>\n\n\n\n<p><strong><em>7. Zabawa przy piosence \u201eTo Ziemia\u201d.<\/em><\/strong> Na\u015bladowanie ro\u015blin i zwierz\u0105t.<\/p>\n\n\n\n<p><strong><em>8. \u201eZdrowa Ziemia\u201d<\/em><\/strong> \u2013 <strong><em>karty pracy<\/em><\/strong>. Kolorowanie mapy Ziemi, rysowanie, jak Ziemia powinna wygl\u0105da\u0107 teraz i w przysz\u0142o\u015bci. Czytanie globalne wyrazu <em>Ziemia.<\/em><\/p>\n\n\n\n<p><strong><em>9. Zako\u0144czenie \u2013 Quiz<\/em><\/strong>:<\/p>\n\n\n\n<ul class=\"wp-block-list\"><li><em>Planet\u0105, na kt\u00f3rej \u017cyj\u0105 ludzie i zwierz\u0119ta jest:<\/em><\/li><\/ul>\n\n\n\n<p>\u2013 Wenus<br>\u2013 Ziemia<br>\u2013 Jowisz?<\/p>\n\n\n\n<ul class=\"wp-block-list\"><li><em>\u015amieci wyrzucamy:<\/em><\/li><\/ul>\n\n\n\n<p>\u2013 do lasu<br>\u2013 do pojemnik\u00f3w na \u015bmieci<br>\u2013 przez okno?<\/p>\n\n\n\n<ul class=\"wp-block-list\"><li><em>Ziemia kr\u0105\u017cy dooko\u0142a:<\/em><\/li><\/ul>\n\n\n\n<p>\u2013 S\u0142o\u0144ca<br>\u2013 Ksi\u0119\u017cyca?<\/p>\n\n\n\n<ul class=\"wp-block-list\"><li><em>\u201eWstrzyma\u0142 S\u0142o\u0144ce, ruszy\u0142 Ziemi\u0119\u2026\u201d<\/em><\/li><\/ul>\n\n\n\n<p>\u2013 Miko\u0142aj Kopernik<br>\u2013 Julian Tuwim<br>\u2013 Jan Brzechwa<\/p>\n","protected":false},"excerpt":{"rendered":"<p>Justyna Osiecka&nbsp; Wychowawca, oddzia\u0142 Pediatrii Szpitala Miejskiego w Gdyni Temat: Nasza Ziemia \u2013 scenariusz zaj\u0119cia na Dzie\u0144 Ziemi Grupa: 5 \u2013 6 latki Cele og\u00f3lne: wzbogacenie wiedzy i s\u0142ownictwa dzieci na temat Ziemi jako planety; zwr\u00f3cenie uwagi na konieczno\u015b\u0107 ochrony &hellip; <a href=\"https:\/\/szkolawszpitalu.ovh\/?page_id=1344\">Czytaj dalej <span class=\"meta-nav\">&rarr;<\/span><\/a><\/p>\n","protected":false},"author":1,"featured_media":0,"parent":0,"menu_order":0,"comment_status":"closed","ping_status":"closed","template":"","meta":{"footnotes":""},"class_list":["post-1344","page","type-page","status-publish","hentry"],"_links":{"self":[{"href":"https:\/\/szkolawszpitalu.ovh\/index.php?rest_route=\/wp\/v2\/pages\/1344","targetHints":{"allow":["GET"]}}],"collection":[{"href":"https:\/\/szkolawszpitalu.ovh\/index.php?rest_route=\/wp\/v2\/pages"}],"about":[{"href":"https:\/\/szkolawszpitalu.ovh\/index.php?rest_route=\/wp\/v2\/types\/page"}],"author":[{"embeddable":true,"href":"https:\/\/szkolawszpitalu.ovh\/index.php?rest_route=\/wp\/v2\/users\/1"}],"replies":[{"embeddable":true,"href":"https:\/\/szkolawszpitalu.ovh\/index.php?rest_route=%2Fwp%2Fv2%2Fcomments&post=1344"}],"version-history":[{"count":1,"href":"https:\/\/szkolawszpitalu.ovh\/index.php?rest_route=\/wp\/v2\/pages\/1344\/revisions"}],"predecessor-version":[{"id":1345,"href":"https:\/\/szkolawszpitalu.ovh\/index.php?rest_route=\/wp\/v2\/pages\/1344\/revisions\/1345"}],"wp:attachment":[{"href":"https:\/\/szkolawszpitalu.ovh\/index.php?rest_route=%2Fwp%2Fv2%2Fmedia&parent=1344"}],"curies":[{"name":"wp","href":"https:\/\/api.w.org\/{rel}","templated":true}]}}