{"id":1299,"date":"2020-04-07T12:39:54","date_gmt":"2020-04-07T10:39:54","guid":{"rendered":"http:\/\/szkolawszpitalu.ovh\/?page_id=1299"},"modified":"2020-04-07T12:41:34","modified_gmt":"2020-04-07T10:41:34","slug":"dlaczego-pinokio-ma-dlugi-nos-kilka-slow-na-temat-klamstwa-mgr-barbara-nowakowska-zajecia-wychowawcze-dla-dzieci-5-6-letnich","status":"publish","type":"page","link":"https:\/\/szkolawszpitalu.ovh\/?page_id=1299","title":{"rendered":"&#8222;Dlaczego Pinokio ma d\u0142ugi nos &#8211; kilka s\u0142\u00f3w na temat k\u0142amstwa&#8221; &#8211; mgr Barbara Nowakowska"},"content":{"rendered":"\n<p><strong>DLACZEGO PINOKIO MA D\u0141UGI NOS \u2013 KILKA S\u0141\u00d3W NA TEMAT K\u0141AMSTWA&nbsp;<\/strong><\/p>\n\n\n\n<p>Grupa dzieci 5-6 letnich&nbsp;<\/p>\n\n\n\n<p><strong>Cele og\u00f3lne:&nbsp;<\/strong><\/p>\n\n\n\n<p>o utrwalenie tre\u015bci bajki C. Collodiego \u201ePinokio\u201d;<br>o rozwijanie logicznego my\u015blenia (my\u015blenie przyczynowo \u2013 skutkowe),<br>o kszta\u0142towanie postaw spo\u0142ecznych zgodnych z warto\u015bciami, tj. uczciwo\u015b\u0107, prawdom\u00f3wno\u015b\u0107, szacunek, mi\u0142o\u015b\u0107.&nbsp;<\/p>\n\n\n\n<p><strong>\u015arodki dydaktyczne:&nbsp;<\/strong><\/p>\n\n\n\n<p>ilustracje do bajki \u201ePinokio\u201d C. Collodiego, papierowe czapki w kolorze bia\u0142ym i czarnym (dla ka\u017cdego dziecka), kartki A4, flamastry, no\u017cyczki.&nbsp;<\/p>\n\n\n\n<p><strong>Przebieg zaj\u0119\u0107:&nbsp;<\/strong><\/p>\n\n\n\n<p><strong>Zagadka. <\/strong>Wprowadzenie w tematyk\u0119 zaj\u0119\u0107 \u2013 rozwi\u0105zanie zagadki: Bardzo wiele przyg\u00f3d mia\u0142a drewniana ch\u0142opczyna, zanim z ojcem si\u0119 spotka\u0142a w brzuchu rekina.&nbsp;<\/p>\n\n\n\n<p><strong>Ba\u015b\u0144 \u201ePinokio\u201d<\/strong> opowiadana przez nauczycielk\u0119 przy serii obrazk\u00f3w i rozmowa na jej temat:&nbsp;<\/p>\n\n\n\n<ul class=\"wp-block-list\"><li>Jakim ch\u0142opcem by\u0142 Pinokio?<\/li><li>Dlaczego sk\u0142ama\u0142 wr\u00f3\u017cce?<\/li><li>Co to znaczy, \u017ce k\u0142amstwo ma kr\u00f3tkie nogi?&nbsp;<\/li><li>Czy wy k\u0142amiecie, dlaczego?&nbsp;<\/li><\/ul>\n\n\n\n<p><strong>Quiz \u201eCzapki prawdy \u2013 czapki k\u0142amstwa\u201d. <\/strong>Dzieci wskazuj\u0105 prawdziwe b\u0105d\u017a fa\u0142szywe stwierdzenia dotycz\u0105ce Pinokia, zak\u0142adaj\u0105c bia\u0142e czapki \u2013 gdy informacja jest prawdziwa, lub czarne czapki \u2013 gdy informacja jest fa\u0142szywa.<\/p>\n\n\n\n<ol class=\"wp-block-list\"><li>Pinokio by\u0142 lalk\u0105 wykonan\u0105 z plastiku. [FA\u0141SZ]&nbsp;<\/li><li>Ojcem Pinokia by\u0142 D\u017ceppetto. [PRAWDA]<\/li><li>Pinokio mia\u0142 pi\u0119kn\u0105 siostr\u0119. [FA\u0141SZ]<\/li><li>Najlepszym przyjacielem Pinokia by\u0142 ma\u0142y \u015bwierszcz.[PRAWDA]<\/li><li>Nos Pinokia wyd\u0142u\u017ca\u0142 si\u0119, kiedy pajacyk k\u0142ama\u0142. [PRAWDA]<\/li><li>Pinokio uratowa\u0142 ojca, kt\u00f3rego po\u0142kn\u0105\u0142 gro\u017any smok.[FA\u0141SZ]<\/li><li>Pinokio bardzo lubi\u0142 si\u0119 uczy\u0107 i chodzi\u0107 do szko\u0142y. [FA\u0141SZ]<\/li><li>Pinokio obieca\u0142 Wr\u00f3\u017cce i swojemu ojcu, \u017ce nie b\u0119dzie k\u0142ama\u0142. [PRAWDA]&nbsp;<\/li><\/ol>\n\n\n\n<p><strong>Pinokio \u2013 uk\u0142adanie puzzli<\/strong>: sk\u0142adanie obrazka z cz\u0119\u015bci, kolorowanie.&nbsp;<\/p>\n\n\n\n<figure class=\"wp-block-image size-large is-resized\"><a href=\"https:\/\/szkolawszpitalu.ovh\/wp-content\/uploads\/2020\/04\/pinokio1.jpg\"><img loading=\"lazy\" decoding=\"async\" src=\"https:\/\/szkolawszpitalu.ovh\/wp-content\/uploads\/2020\/04\/pinokio1.jpg\" alt=\"\" class=\"wp-image-1238\" width=\"507\" height=\"507\" srcset=\"https:\/\/szkolawszpitalu.ovh\/wp-content\/uploads\/2020\/04\/pinokio1.jpg 234w, https:\/\/szkolawszpitalu.ovh\/wp-content\/uploads\/2020\/04\/pinokio1-150x150.jpg 150w\" sizes=\"auto, (max-width: 507px) 100vw, 507px\" \/><\/a><\/figure>\n\n\n\n<figure class=\"wp-block-image size-large is-resized\"><a href=\"https:\/\/szkolawszpitalu.ovh\/wp-content\/uploads\/2020\/04\/pinokio2.jpg\"><img loading=\"lazy\" decoding=\"async\" src=\"https:\/\/szkolawszpitalu.ovh\/wp-content\/uploads\/2020\/04\/pinokio2.jpg\" alt=\"\" class=\"wp-image-1239\" width=\"477\" height=\"565\"\/><\/a><\/figure>\n\n\n\n<p><strong>Rozwi\u0105\u017c krzy\u017c\u00f3wk\u0119:<\/strong><\/p>\n\n\n\n<p>Czytaj has\u0142a, zapisuj rozwi\u0105zania wpisuj pierwsze litery wyraz\u00f3w b\u0119d\u0105cych rozwi\u0105zaniem kolorow\u0105 kred\u0105\/pisakiem.<\/p>\n\n\n\n<ol class=\"wp-block-list\"><li>Nosi\u0142 j\u0105 na g\u0142owie D\u017ceppetto.&nbsp;<\/li><li>Imi\u0119 majstra Wisienki.&nbsp;<\/li><li>D\u017ceppetto to polskie zdrobnienie imienia&#8230;&#8230;&#8230;&#8230;&#8230;..&nbsp;<\/li><li>Kukie\u0142ka z teatru Ogniojada, pierwszy dostrzeg\u0142 Pinokia.&nbsp;<\/li><li>Z\u0142ote &#8230;&#8230;&#8230;&#8230;.., Pinokio dosta\u0142 je od Ogniojada.<\/li><\/ol>\n\n\n\n<figure class=\"wp-block-image size-large is-resized\"><a href=\"https:\/\/szkolawszpitalu.ovh\/wp-content\/uploads\/2020\/04\/pinokio3.jpg\"><img loading=\"lazy\" decoding=\"async\" src=\"https:\/\/szkolawszpitalu.ovh\/wp-content\/uploads\/2020\/04\/pinokio3.jpg\" alt=\"\" class=\"wp-image-1240\" width=\"569\" height=\"161\" srcset=\"https:\/\/szkolawszpitalu.ovh\/wp-content\/uploads\/2020\/04\/pinokio3.jpg 470w, https:\/\/szkolawszpitalu.ovh\/wp-content\/uploads\/2020\/04\/pinokio3-300x85.jpg 300w\" sizes=\"auto, (max-width: 569px) 100vw, 569px\" \/><\/a><\/figure>\n\n\n\n<p><strong>Rozwi\u0105zanie:<\/strong><\/p>\n\n\n\n<figure class=\"wp-block-image size-large is-resized\"><a href=\"https:\/\/szkolawszpitalu.ovh\/wp-content\/uploads\/2020\/04\/pinokio4.jpg\"><img loading=\"lazy\" decoding=\"async\" src=\"https:\/\/szkolawszpitalu.ovh\/wp-content\/uploads\/2020\/04\/pinokio4.jpg\" alt=\"\" class=\"wp-image-1241\" width=\"582\" height=\"167\" srcset=\"https:\/\/szkolawszpitalu.ovh\/wp-content\/uploads\/2020\/04\/pinokio4.jpg 464w, https:\/\/szkolawszpitalu.ovh\/wp-content\/uploads\/2020\/04\/pinokio4-300x86.jpg 300w\" sizes=\"auto, (max-width: 582px) 100vw, 582px\" \/><\/a><\/figure>\n\n\n\n<p><strong>Ewaluacja<\/strong>&nbsp;<\/p>\n\n\n\n<p>Czy po dzisiejszym zaj\u0119ciu b\u0119dziesz wybiera\u0142 prawd\u0119, czy b\u0119dziesz k\u0142ama\u0142? Je\u017celi chcesz m\u00f3wi\u0107 prawd\u0119, to zabierz ze sob\u0105 czapk\u0119 bia\u0142\u0105, a je\u017celi wolisz k\u0142ama\u0107 \u2013 zabierz czapk\u0119 czarn\u0105. Czapki, kt\u00f3rych nie chcecie nosi\u0107, wrzu\u0107cie do kosza.&nbsp;<\/p>\n\n\n\n<p><strong>\u201eMoja czapka\u201d&nbsp;<\/strong><\/p>\n\n\n\n<p>Ozdabianie papierem kolorowym wybranej czapki.&nbsp;<\/p>\n","protected":false},"excerpt":{"rendered":"<p>DLACZEGO PINOKIO MA D\u0141UGI NOS \u2013 KILKA S\u0141\u00d3W NA TEMAT K\u0141AMSTWA&nbsp; Grupa dzieci 5-6 letnich&nbsp; Cele og\u00f3lne:&nbsp; o utrwalenie tre\u015bci bajki C. Collodiego \u201ePinokio\u201d;o rozwijanie logicznego my\u015blenia (my\u015blenie przyczynowo \u2013 skutkowe),o kszta\u0142towanie postaw spo\u0142ecznych zgodnych z warto\u015bciami, tj. uczciwo\u015b\u0107, prawdom\u00f3wno\u015b\u0107, &hellip; <a href=\"https:\/\/szkolawszpitalu.ovh\/?page_id=1299\">Czytaj dalej <span class=\"meta-nav\">&rarr;<\/span><\/a><\/p>\n","protected":false},"author":1,"featured_media":0,"parent":0,"menu_order":0,"comment_status":"closed","ping_status":"closed","template":"","meta":{"footnotes":""},"class_list":["post-1299","page","type-page","status-publish","hentry"],"_links":{"self":[{"href":"https:\/\/szkolawszpitalu.ovh\/index.php?rest_route=\/wp\/v2\/pages\/1299","targetHints":{"allow":["GET"]}}],"collection":[{"href":"https:\/\/szkolawszpitalu.ovh\/index.php?rest_route=\/wp\/v2\/pages"}],"about":[{"href":"https:\/\/szkolawszpitalu.ovh\/index.php?rest_route=\/wp\/v2\/types\/page"}],"author":[{"embeddable":true,"href":"https:\/\/szkolawszpitalu.ovh\/index.php?rest_route=\/wp\/v2\/users\/1"}],"replies":[{"embeddable":true,"href":"https:\/\/szkolawszpitalu.ovh\/index.php?rest_route=%2Fwp%2Fv2%2Fcomments&post=1299"}],"version-history":[{"count":3,"href":"https:\/\/szkolawszpitalu.ovh\/index.php?rest_route=\/wp\/v2\/pages\/1299\/revisions"}],"predecessor-version":[{"id":1303,"href":"https:\/\/szkolawszpitalu.ovh\/index.php?rest_route=\/wp\/v2\/pages\/1299\/revisions\/1303"}],"wp:attachment":[{"href":"https:\/\/szkolawszpitalu.ovh\/index.php?rest_route=%2Fwp%2Fv2%2Fmedia&parent=1299"}],"curies":[{"name":"wp","href":"https:\/\/api.w.org\/{rel}","templated":true}]}}