{"id":1160,"date":"2020-03-30T10:38:58","date_gmt":"2020-03-30T08:38:58","guid":{"rendered":"http:\/\/szkolawszpitalu.ovh\/?page_id=1160"},"modified":"2020-03-30T15:52:14","modified_gmt":"2020-03-30T13:52:14","slug":"teatrzyk-kukielkowy-na-podstawie-bajki-czerwony-kapturek-mgr-miroslawa-kedzierska","status":"publish","type":"page","link":"https:\/\/szkolawszpitalu.ovh\/?page_id=1160","title":{"rendered":"Teatrzyk kukie\u0142kowy na podstawie bajki &#8222;Czerwony Kapturek&#8221; &#8211; mgr Miros\u0142awa K\u0119dzierska i mgr Ma\u0142gorzata Zawada"},"content":{"rendered":"\n<p>Scenariusz przedstawienia dla teatrzyku kukie\u0142kowego &nbsp;<\/p>\n\n\n\n<p>NA PODSTAWIE BAJKI&nbsp;<\/p>\n\n\n\n<p>&#8221; CZERWONY KAPTUREK &#8221;&nbsp;<\/p>\n\n\n\n<p><strong>WYST\u0118PUJ\u0104:<\/strong><\/p>\n\n\n\n<p><strong>NARRATOR, Czerwony Kapturek, Mama Czerwonego Kapturka , Wilk,  Zaj\u0105czek, Babcia Czerwonego Kapturka,  Le\u015bniczy&nbsp;<\/strong><\/p>\n\n\n\n<p><strong>NARRATOR :&nbsp;<\/strong><\/p>\n\n\n\n<figure class=\"wp-block-image size-large\"><img loading=\"lazy\" decoding=\"async\" width=\"904\" height=\"381\" src=\"https:\/\/szkolawszpitalu.ovh\/wp-content\/uploads\/2020\/03\/kapt1.jpg\" alt=\"\" class=\"wp-image-1173\" srcset=\"https:\/\/szkolawszpitalu.ovh\/wp-content\/uploads\/2020\/03\/kapt1.jpg 904w, https:\/\/szkolawszpitalu.ovh\/wp-content\/uploads\/2020\/03\/kapt1-300x126.jpg 300w, https:\/\/szkolawszpitalu.ovh\/wp-content\/uploads\/2020\/03\/kapt1-768x324.jpg 768w\" sizes=\"auto, (max-width: 904px) 100vw, 904px\" \/><\/figure>\n\n\n\n<p>Pewnego wiosennego ranka przykica\u0142 do domu Czerwonego Kapturka ma\u0142y zaj\u0105czek.&nbsp;<\/p>\n\n\n\n<p><strong>ZAJ\u0104CZEK :&nbsp;<\/strong><\/p>\n\n\n\n<p>&#8230;Przysy\u0142a mnie twoja babcia . Ma kaszel , le\u017cy w \u0142\u00f3\u017cku i \u017ale si\u0119 czuje . Powinna\u015b ja odwiedzi\u0107 . Wtedy na pewno poczuje si\u0119 lepiej .&nbsp;<\/p>\n\n\n\n<p><strong>NARRATOR :&nbsp;<\/strong><\/p>\n\n\n\n<p>&#8230;Mama przygotowa\u0142a koszyczek pe\u0142en pyszno\u015bci . Nie zapomnia\u0142a te\u017c o syropie na kaszel .&nbsp;<\/p>\n\n\n\n<p><strong>Mama :&nbsp;<\/strong><\/p>\n\n\n\n<p>&#8230; Czerwony Kapturku ! Zanie\u015b to babci . Nie zatrzymuj si\u0119 po drodza ani nie zbaczaj ze \u015bcie\u017cki .&nbsp;<\/p>\n\n\n\n<p><strong>NARRATOR :&nbsp;<\/strong><\/p>\n\n\n\n<p>&#8230; Dziewczynka wyruszy\u0142a w drog\u0119 , w towarzystwie swoich przyjaci\u00f3\u0142 : Ma\u0142ego zaj\u0105czka , wiewi\u00f3rki , jelonka i ptaszk\u00f3w .<br>\nKiedy byli w \u015brodku lasu Czerwony Kapt\u00f3rek powiedzia\u0142 :&nbsp;<\/p>\n\n\n\n<p><strong>CZERWONY KAPTUREK :&nbsp;<\/strong><\/p>\n\n\n\n<p>&#8230;Jestem Wam bardzo wdzi\u0119czna za towarzystwo , ale wracajcie ju\u017c do domu bo wasze mamy b\u0119d\u0105 si\u0119 martwi\u0107 .&nbsp;<\/p>\n\n\n\n<p><strong>NARRATOR :&nbsp;<\/strong><\/p>\n\n\n\n<p>&#8230; Zwierz\u0105tka zanim odesz\u0142y , przestrzeg\u0142y dziewczynk\u0119 :<br>\nSpiesz si\u0119 Kapturku i nie zatrzymuj si\u0119 ani na chwil\u0119 . Musisz zd\u0105\u017cy\u0107<br>\ndo babci przed wieczorem bo potem WILK wychodzi na przechadzk\u0119 po lsie , a on po\u017cera dzieci.&nbsp;<\/p>\n\n\n\n<p><strong>CZERWONY KAPTUREK :&nbsp;<\/strong><\/p>\n\n\n\n<p>&#8230; Nie martwcie si\u0119 . B\u0119d\u0119 ostro\u017cna .&nbsp;<\/p>\n\n\n\n<p><strong>NARRATOR :&nbsp;<\/strong><\/p>\n\n\n\n<figure class=\"wp-block-image size-large\"><img loading=\"lazy\" decoding=\"async\" width=\"891\" height=\"469\" src=\"https:\/\/szkolawszpitalu.ovh\/wp-content\/uploads\/2020\/03\/kapt2.jpg\" alt=\"\" class=\"wp-image-1174\" srcset=\"https:\/\/szkolawszpitalu.ovh\/wp-content\/uploads\/2020\/03\/kapt2.jpg 891w, https:\/\/szkolawszpitalu.ovh\/wp-content\/uploads\/2020\/03\/kapt2-300x158.jpg 300w, https:\/\/szkolawszpitalu.ovh\/wp-content\/uploads\/2020\/03\/kapt2-768x404.jpg 768w\" sizes=\"auto, (max-width: 891px) 100vw, 891px\" \/><\/figure>\n\n\n\n<p><strong>WILK :&nbsp;<\/strong><\/p>\n\n\n\n<p>&#8230;Dok\u0105d idziesz \u015bliczna dziewczynko o tej porze ?&nbsp;<\/p>\n\n\n\n<p><strong>CZERWONY KAPTUREK :&nbsp;<\/strong><\/p>\n\n\n\n<p>&#8230;Id\u0119 odwiedzi\u0107 chor\u0105 babci\u0119 . Nios\u0119 jej mi\u00f3d , chleb , poziomki i syrop na kaszel .&nbsp;<\/p>\n\n\n\n<p><strong>WILK :&nbsp;<\/strong><\/p>\n\n\n\n<p>&#8230; A gdzie mieszka Twoja babunia ?&nbsp;<\/p>\n\n\n\n<p><strong>CZERWONY KAPTUREK :&nbsp;<\/strong><\/p>\n\n\n\n<p>&#8230; W domku za lasem .&nbsp;<\/p>\n\n\n\n<p><strong>NARRATOR :&nbsp;<\/strong><\/p>\n\n\n\n<p>&#8230; Sprytny Wilk poprosi\u0142 o przekazanie babci \u017cycze\u0144 szybkiego powrotu do zdrowia , po\u017cegna\u0142 si\u0119 z Czerwonym Kapturkiem i znikn\u0105\u0142 w g\u0105szczu . Dziewczynka ruszy\u0142a w dalsz\u0105 drog\u0119 .<br>\nTymczasem wilk , p\u0119dz\u0105c ile si\u0142 w \u0142apach , dobieg\u0142 do domku babci . Przed domkiem nazrywa\u0142 kwiat\u00f3w i zrobi\u0142 z nich wielki bukiet , \u017ceby zas\u0142oni\u0107 sw\u00f3j pysk .&nbsp;<\/p>\n\n\n\n<p>&#8230; &#8222;Jak starsza pani zerknie przez wizjer , nie rozpozna mnie od razu .&nbsp;<\/p>\n\n\n\n<p>Pomy\u015bli , \u017ce to jej wnuczka i otworzy drzwi&#8221; &#8230; wilk i zapuka\u0142 trzy razy do drzwi &#8230;&nbsp;<\/p>\n\n\n\n<p><strong>BABCIA :&nbsp;<\/strong><\/p>\n\n\n\n<p>&#8230;Kto tam ?&nbsp;<\/p>\n\n\n\n<p><strong>WILK :&nbsp;<\/strong><\/p>\n\n\n\n<p>Pomy\u015bla\u0142 sprytnie&nbsp;<\/p>\n\n\n\n<p>( Udaj\u0105c Czerwonego Kapturka )<br>\n&#8230;To ja ,Czerwony Kapturek . Przynios\u0142am ci lekarstwa i troch\u0119 jedzenia&nbsp;<\/p>\n\n\n\n<p><strong>BABCIA :&nbsp;<\/strong><\/p>\n\n\n\n<p>&#8230;Poci\u0105gnij za rygiel , a drzwi si\u0119 otworz\u0105.&nbsp;<\/p>\n\n\n\n<p><strong>NARRATOR :&nbsp;<\/strong><\/p>\n\n\n\n<p>&#8230;Wilk szubrawiec tylko na to czeka\u0142 . Wszed\u0142 do domku &#8230;&nbsp;<\/p>\n\n\n\n<p><strong>BABCIA :&nbsp;<\/strong><\/p>\n\n\n\n<p>&#8230; Zbli\u017c si\u0119 male\u0144ka , chod\u017a , niech ci\u0119 uca\u0142uj\u0119 !&nbsp;<\/p>\n\n\n\n<p><strong>NARRATOR :&nbsp;<\/strong><\/p>\n\n\n\n<p>&#8230;Babcia porosi\u0142a Czerwonego Kapturka , zupe\u0142nie nie\u015bwiadoma strasznego niebezpiecze\u0144stwa !<br>\nWilk nie da\u0142 si\u0119 d\u0142ugo prosi\u0107 . Jednym susem znalaz\u0142 si\u0119 przy babci i po\u0142kn\u0105\u0142 ja w ca\u0142o\u015bci , jednym k\u0142apni\u0119ciem paszcy . Babcia nie zd\u0105\u017cy\u0142a nawet krzykn\u0105\u0107 !&nbsp;<\/p>\n\n\n\n<p>Poklepa\u0142 si\u0119 po pe\u0142nym brzuchu i zacz\u0105\u0142 buszowa\u0107 w szafie . W jego g\u0142owie zrodzi\u0142 si\u0119 bowiem kolejny pod\u0142y plan . Znalaz\u0142 w ko\u0144cu to , czego szuka\u0142 , czyli koszul\u0119 nocn\u0105 i czepek .<br>\nPrzebra\u0142 si\u0119 w znalezione rzeczy nale\u017c\u0105ce do babci i zerkn\u0105\u0142 w lustro . Kiedy stwierdzi\u0142 , \u017ce mi\u0119dzy nim a baci\u0105 nie ma \u017cadnej r\u00f3\u017cnicy , u\u015bmiechn\u0105\u0142 si\u0119 z zadowoleniem .<br>\nZamkn\u0105\u0142 drzwi , po\u0142o\u017cy\u0142 si\u0119 w \u0142\u00f3\u017cku i mrukn\u0105\u0142 do siebie :&nbsp;<\/p>\n\n\n\n<p>&#8230;Teraz poczekam na deser , to znaczy na wnuczk\u0119 . MNIAM ! Ju\u017c po kilku minutach us\u0142ysza\u0142 trzykrotne pukanie do drzwi .&nbsp;<\/p>\n\n\n\n<p><strong>WILK : ( udaj\u0105cy babci\u0119 )&nbsp;<\/strong><\/p>\n\n\n\n<p>&#8230;Kto tam ?&nbsp;<\/p>\n\n\n\n<p><strong>CZERWONY KAPTUREK :&nbsp;<\/strong><\/p>\n\n\n\n<p>&#8230; To ja , Czerwony Kapturek .&nbsp;<\/p>\n\n\n\n<p><strong>WILK : ( udaj\u0105cy babci\u0119 , chowa si\u0119 pod ko\u0142dr\u0119 )&nbsp;<\/strong><\/p>\n\n\n\n<p>&#8230;Poci\u0105gnij za rygiel , a drzwi si\u0119 otworz\u0105 ;&nbsp;<\/p>\n\n\n\n<p><strong>NARRATOR :&nbsp;<\/strong><\/p>\n\n\n\n<p>&#8230;Dziewczynka otworzy\u0142a drzwi , a kiedy wesz\u0142a do \u015brodka , zobaczy\u0142a babci\u0119 w\u0142\u00f3\u017cku . Babcia nie wygl\u0105da\u0142a jednak tak jak zwykle . Czerwony Kapturek pomy\u015bla\u0142 , \u017ce zmieni\u0142a si\u0119 przez chorob\u0119 ;<br>\nJednak zapyta\u0142 :&nbsp;<\/p>\n\n\n\n<p><strong>CZERWONY KAPTUREK :&nbsp;<\/strong><\/p>\n\n\n\n<p>&#8230; Babciu &#8230; A dlaczego ty masz takie wielkie oczy ?&nbsp;<\/p>\n\n\n\n<p><strong>WILK : ( udaj\u0105cy babci\u0119 )&nbsp;<\/strong><\/p>\n\n\n\n<p>&#8230; \u017bebym mog\u0142a Ci\u0119 lepiej widzie\u0107 kochany Kapturku !&nbsp;<\/p>\n\n\n\n<p><strong>CZERWONY KAPTUREK :&nbsp;<\/strong><\/p>\n\n\n\n<p>&#8230; A dlaczego ty masz takie wielkie uszy ?&nbsp;<\/p>\n\n\n\n<p><strong>WILK : ( udaj\u0105cy babci\u0119 )&nbsp;<\/strong><\/p>\n\n\n\n<p>&#8230; \u017bebym mog\u0142a Ci\u0119 lepiej s\u0142ysze\u0107 !&nbsp;<\/p>\n\n\n\n<p><strong>CZERWONY KAPTUREK :&nbsp;<\/strong><\/p>\n\n\n\n<p>&#8230; A dlaczego ty masz takie wielkie r\u0119ce ?&nbsp;<\/p>\n\n\n\n<p><strong>WILK : ( udaj\u0105cy babci\u0119 )&nbsp;<\/strong><\/p>\n\n\n\n<p>&#8230;\u017bebym mog\u0142a ci\u0119 mocniej u\u015bciska\u0107 Kapturku !&nbsp;<\/p>\n\n\n\n<p><strong>CZERWONY KAPTUREK :&nbsp;<\/strong><\/p>\n\n\n\n<p>&#8230;No a ten wielki nos to po co ?&nbsp;<\/p>\n\n\n\n<p><strong>WILK : ( udaj\u0105cy babci\u0119 )&nbsp;<\/strong><\/p>\n\n\n\n<p>&#8230;Ten nos to po to , \u017cebym mog\u0142a lepiej poczu\u0107 zapach tych wszystkich pyszno\u015bci , kt\u00f3re mi przynios\u0142a\u015b w koszyczku .&nbsp;<\/p>\n\n\n\n<p><strong>CZERWONY KAPTUREK :&nbsp;<\/strong><\/p>\n\n\n\n<p>&#8230; A po co babciu masz takie wielkie z\u0119by ?&nbsp;<\/p>\n\n\n\n<p><strong>WILK : ( przestaje udawa\u0107 babci\u0119 )&nbsp;<\/strong><\/p>\n\n\n\n<p>&#8230; Te wielkie z\u0119by mam Kapturku po to , \u017cebym m\u00f3g\u0142 Ci\u0119 szybciej zje\u015b\u0107!!!&nbsp;<\/p>\n\n\n\n<p><strong>NARRATOR :&nbsp;<\/strong><\/p>\n\n\n\n<p>&#8230; Wilk , kiedy tylko to powiedzia\u0142 , wyskoczy\u0142 spod ko\u0142dry , k\u0142apn\u0105\u0142 paszcz\u0105 i w ca\u0142o\u015bci po\u0142kn\u0105\u0142 biednego Czerwonego Kapturka .<br>\nNajedzony i rozleniwiony postanowi\u0142 si\u0119 zdrzemn\u0105\u0107 w wygodnym \u0142\u00f3\u017cku babci . Nikomu popo\u0142udniowa drzemka nie mo\u017ce przecie\u017c zaszkodzi\u0107 . Jak wymy\u015bli\u0142 &#8211; tak zrobi\u0142 . W wygodnym \u0142\u00f3\u017ceczku , pod ciep\u0142\u0105 ko\u0142derk\u0105 natychmiast zasn\u0105\u0142 .&nbsp;<\/p>\n\n\n\n<p>Nie przypuszcza\u0142 , \u017ce sen nie sko\u0144czy si\u0119 dla niego zbyt przyjemnie.<br> W pobli\u017cu chatki przechodzi\u0142 le\u015bniczy . On r\u00f3wnie\u017c wiedzia\u0142 o chorobie babci Kapturka . By\u0142a jego dobr\u0105 znajom\u0105 , wi\u0119c postanowi\u0142 sprawdzi\u0107 czy niczego jej nie potrzeba .<br> Kiedy pan le\u015bniczy zbli\u017cy\u0142 si\u0119 do chatki , zobaczy\u0142 \u017ce zwykle zamkni\u0119te<br> drzwi s\u0105 uchylone . Podszed\u0142 bli\u017cej i us\u0142ysza\u0142 bardzo g\u0142o\u015bne chrapanie .<br> Ale to nie chrapa\u0142a starsza pani ! To chrapa\u0142 z\u0142y wilk !<br> Le\u015bniczy wszed\u0142 do \u015brodka i natychmiast zrozumia\u0142 co si\u0119 sta\u0142o .<br> Wilk po\u017car\u0142 babci\u0119 . Dlatego jego brzuszysko jest takie wielkie .<br> Nie wiedzia\u0142 jeszcze o tym , \u017ce w tym brzuch jest r\u00f3wnie\u017c Czerwony<br> Kapturek .<br> Nie namy\u015blaj\u0105c si\u0119 d\u0142ugo , my\u015bliwy postanowi\u0142 uwolni\u0107 uwi\u0119zion\u0105&nbsp;babci\u0119 . Wyci\u0105gn\u0105\u0142 n\u00f3\u017c i zanim si\u0119 wilk obudzi\u0142 , jednym ci\u0119ciem otworzy\u0142 wilcze brzuszysko .&nbsp;<\/p>\n\n\n\n<p><strong>LE\u015aNICZY :&nbsp;<\/strong><\/p>\n\n\n\n<p>&#8230;Ty wilczy \u0142otrze ! Oddawaj babci\u0119 ! Nie pozwol\u0119 jej skrzywdzi\u0107 . Ty paskudny darmozjadzie !&nbsp;<\/p>\n\n\n\n<p><strong>WILK :&nbsp;<\/strong><\/p>\n\n\n\n<p>&#8230; Oj boli ! We\u017a babci\u0119 , we\u017a wnuczk\u0119 tylko daruj mi . By\u0142em z\u0142ym wilkiem ale obiecuj\u0119 si\u0119 poprawi\u0107 .&nbsp;<\/p>\n\n\n\n<p><strong>NARRATOR :&nbsp;<\/strong><\/p>\n\n\n\n<p>&#8230; Le\u015bniczy nie zd\u0105\u017cy\u0142 odpowiedzie\u0107 , kiedy z brzucha wilka wyskoczy\u0142 najpierw Czerwony Kapturek , a po nim babcia .<br>\nWielka by\u0142a rado\u015b\u0107 . Babcia i wnuczka u\u015bciska\u0142y si\u0119 serdecznie .<br>\nObie podzi\u0119kowa\u0142y te\u017c le\u015bniczemu za uwolnienie .&nbsp;<\/p>\n\n\n\n<p><strong>CZERWONY KAPTUREK :&nbsp;<\/strong><\/p>\n\n\n\n<p>&#8230; Dzi\u0119kuj\u0119 . Ju\u017c my\u015bla\u0142am , \u017ce nie ma dla nas ratunku &#8230;&nbsp;<\/p>\n\n\n\n<p><strong>BABCIA :&nbsp;<\/strong><\/p>\n\n\n\n<p>&#8230;Ja r\u00f3wnie\u017c dzi\u0119kuj\u0119 bardzo . Niech pan usi\u0105dzie . Zaparz\u0119 herbatki . Prosz\u0119 si\u0119 pocz\u0119stowa\u0107 smacznymi ciasteczkami , kt\u00f3re przyni\u00f3s\u0142 Czerwony Kapturek .&nbsp;<\/p>\n\n\n\n<p><strong>LE\u015aNICZY :&nbsp;<\/strong><\/p>\n\n\n\n<p>&#8230;Dzi\u0119kuj\u0119 . Bardzo ch\u0119tnie napij\u0119 si\u0119 z Wami herbatki i zjem ciasteczko. Zastanawiam si\u0119 tylko co zrobi\u0107 z tym wstr\u0119tnym zb\u00f3jem &#8211; wilkiem .&nbsp;<\/p>\n\n\n\n<p><strong>WILK :&nbsp;<\/strong><\/p>\n\n\n\n<p>&#8230; O zmi\u0142owanie prosz\u0119 . Obiecuj\u0119 popraw\u0119 . B\u0119d\u0119 dobrym wilkiem .&nbsp;<\/p>\n\n\n\n<p><strong>BABCIA :&nbsp;<\/strong><\/p>\n\n\n\n<p>&#8230; Zaszyj\u0119 Twoje rozprute brzuszysko wilku . Mam nadziej\u0119 , \u017ce naprawd\u0119 si\u0119 zmienisz i zamiast napada\u0107 na innych b\u0119dziesz w przysz\u0142o\u015bci im pomaga\u0142 . Co ty na to .&nbsp;<\/p>\n\n\n\n<p><strong>WILK :&nbsp;<\/strong><\/p>\n\n\n\n<p>&#8230; Obiecuj\u0119 ,\u017ce nie zrobi\u0119 ju\u017c nikomu krzywdy . W lesie obok mam rodzin\u0119 . Przenios\u0119 si\u0119 tam i b\u0119d\u0119 pomaga\u0142 starszym wilkom w gospodarstwie &#8230;&nbsp;<\/p>\n\n\n\n<p><strong>BABCIA :&nbsp;<\/strong><\/p>\n\n\n\n<p>&#8230;Co ty na to Kapturku ? Co pan na to panie Le\u015bniczy ?&nbsp;<\/p>\n\n\n\n<p><strong>CZERWONY KAPTUREK :&nbsp;<\/strong><\/p>\n\n\n\n<p>Zgoda .&nbsp;<\/p>\n\n\n\n<p><strong>LE\u015aNICZY :&nbsp;<\/strong><\/p>\n\n\n\n<p>&#8230; Zgoda . By\u0142 z\u0142y , ale obieca\u0142 popraw\u0119 . Ka\u017cdy zas\u0142uguje na drug\u0105 szans\u0119 , wi\u0119c dajmy j\u0105 i wilkowi. Niech zrobi jak obieca\u0142.&nbsp;<\/p>\n\n\n\n<p><strong>NARRATOR :&nbsp;<\/strong><\/p>\n\n\n\n<p>&#8230; Babcia wyj\u0119\u0142a z szuflady ig\u0142\u0119 oraz nici , za\u0142o\u017cy\u0142a na nos okulary i sprawnie , pi\u0119knym \u015bciegiem &#8221; na okr\u0119tk\u0119 &#8221; zaszy\u0142a rozpruty brzuch. \u017beby nie by\u0142 g\u0142odny , przed podr\u00f3\u017c\u0105 nakarmi\u0142a go i napoi\u0142a. Zawstydzony dobroci\u0105 ludzi wilk podzi\u0119kowa\u0142 i odszed\u0142.<\/p>\n\n\n\n<figure class=\"wp-block-image size-large\"><img loading=\"lazy\" decoding=\"async\" width=\"888\" height=\"311\" src=\"https:\/\/szkolawszpitalu.ovh\/wp-content\/uploads\/2020\/03\/kapt3.jpg\" alt=\"\" class=\"wp-image-1175\" srcset=\"https:\/\/szkolawszpitalu.ovh\/wp-content\/uploads\/2020\/03\/kapt3.jpg 888w, https:\/\/szkolawszpitalu.ovh\/wp-content\/uploads\/2020\/03\/kapt3-300x105.jpg 300w, https:\/\/szkolawszpitalu.ovh\/wp-content\/uploads\/2020\/03\/kapt3-768x269.jpg 768w\" sizes=\"auto, (max-width: 888px) 100vw, 888px\" \/><\/figure>\n\n\n\n<p>&#8230; No i jak to zwykle w bajkach bywa : Wszyscy \u017cyli d\u0142ugo i szcz\u0119\u015bliwie, a WILK ( kiedy\u015b bardzo z\u0142y ) zaopiekowa\u0142 si\u0119 swoj\u0105 rodzin\u0105 w Innym LESIE i ju\u017c nikomu nie robi krzywdy .&nbsp;<br><\/p>\n","protected":false},"excerpt":{"rendered":"<p>Scenariusz przedstawienia dla teatrzyku kukie\u0142kowego &nbsp; NA PODSTAWIE BAJKI&nbsp; &#8221; CZERWONY KAPTUREK &#8221;&nbsp; WYST\u0118PUJ\u0104: NARRATOR, Czerwony Kapturek, Mama Czerwonego Kapturka , Wilk, Zaj\u0105czek, Babcia Czerwonego Kapturka, Le\u015bniczy&nbsp; NARRATOR :&nbsp; Pewnego wiosennego ranka przykica\u0142 do domu Czerwonego Kapturka ma\u0142y zaj\u0105czek.&nbsp; ZAJ\u0104CZEK &hellip; <a href=\"https:\/\/szkolawszpitalu.ovh\/?page_id=1160\">Czytaj dalej <span class=\"meta-nav\">&rarr;<\/span><\/a><\/p>\n","protected":false},"author":1,"featured_media":0,"parent":1092,"menu_order":1,"comment_status":"closed","ping_status":"closed","template":"","meta":{"footnotes":""},"class_list":["post-1160","page","type-page","status-publish","hentry"],"_links":{"self":[{"href":"https:\/\/szkolawszpitalu.ovh\/index.php?rest_route=\/wp\/v2\/pages\/1160","targetHints":{"allow":["GET"]}}],"collection":[{"href":"https:\/\/szkolawszpitalu.ovh\/index.php?rest_route=\/wp\/v2\/pages"}],"about":[{"href":"https:\/\/szkolawszpitalu.ovh\/index.php?rest_route=\/wp\/v2\/types\/page"}],"author":[{"embeddable":true,"href":"https:\/\/szkolawszpitalu.ovh\/index.php?rest_route=\/wp\/v2\/users\/1"}],"replies":[{"embeddable":true,"href":"https:\/\/szkolawszpitalu.ovh\/index.php?rest_route=%2Fwp%2Fv2%2Fcomments&post=1160"}],"version-history":[{"count":4,"href":"https:\/\/szkolawszpitalu.ovh\/index.php?rest_route=\/wp\/v2\/pages\/1160\/revisions"}],"predecessor-version":[{"id":1213,"href":"https:\/\/szkolawszpitalu.ovh\/index.php?rest_route=\/wp\/v2\/pages\/1160\/revisions\/1213"}],"up":[{"embeddable":true,"href":"https:\/\/szkolawszpitalu.ovh\/index.php?rest_route=\/wp\/v2\/pages\/1092"}],"wp:attachment":[{"href":"https:\/\/szkolawszpitalu.ovh\/index.php?rest_route=%2Fwp%2Fv2%2Fmedia&parent=1160"}],"curies":[{"name":"wp","href":"https:\/\/api.w.org\/{rel}","templated":true}]}}