{"id":1156,"date":"2020-03-30T10:35:25","date_gmt":"2020-03-30T08:35:25","guid":{"rendered":"http:\/\/szkolawszpitalu.ovh\/?page_id=1156"},"modified":"2020-06-06T20:10:36","modified_gmt":"2020-06-06T18:10:36","slug":"tradycje-i-symbole-wielkanocne-mgr-justyna-osiecka","status":"publish","type":"page","link":"https:\/\/szkolawszpitalu.ovh\/?page_id=1156","title":{"rendered":"&#8222;Tradycje i symbole wielkanocne&#8221; &#8211; mgr Justyna Osiecka"},"content":{"rendered":"\n<p><strong>Temat: \u201eTradycje i symbole wielkanocne\u201d\u2013 zabawy muzyczno-ruchowe&nbsp;<\/strong><\/p>\n\n\n\n<p><strong>i plastyczne.<\/strong><\/p>\n\n\n\n<p><br>\n<strong>Grupa: <\/strong>5 \u2013 6 latki&nbsp;\t<\/p>\n\n\n\n<p><br>\n<strong>Cele og\u00f3lne:<\/strong><\/p>\n\n\n\n<ul class=\"wp-block-list\"><li>Zapoznanie dzieci z niekt\u00f3rymi zwyczajami wielkanocnymi.<\/li><li>Stwarzanie og\u00f3lnej atmosfery wychowawczej opartej na \u017cyczliwo\u015bci, wsp\u00f3\u0142pracy oraz opieku\u0144czo\u015bci w stosunku do potrzebuj\u0105cych pomocy.<\/li><li>Rozwijanie logicznego my\u015blenia.<\/li><li>Wyrabianie umiej\u0119tno\u015bci wsp\u00f3\u0142dzia\u0142ania w zespole.<\/li><li>Wprowadzenie nastroju oczekiwania na zbli\u017caj\u0105ce si\u0119 \u015awi\u0119ta Wielkanocne.<\/li><li>Stwarzanie rodzicom mo\u017cliwo\u015bci obserwacji dzieci podczas zaj\u0119\u0107.<\/li><li>Stwarzanie rodzicom mo\u017cliwo\u015bci wsp\u00f3\u0142udzia\u0142u w zaj\u0119ciach plastycznych.<\/li><\/ul>\n\n\n\n<p><br>\n<strong>Cele szczeg\u00f3\u0142owe<\/strong><\/p>\n\n\n\n<p>Dziecko:<strong>&nbsp;<\/strong><\/p>\n\n\n\n<ul class=\"wp-block-list\"><li>wsp\u00f3\u0142pracuje z rodzicem,<\/li><li>wykonuje prac\u0119 plastyczn\u0105 o tematyce wielkanocnej z pomoc\u0105 rodzica,<\/li><li>potrafi wsp\u00f3\u0142pracowa\u0107 z innymi dzie\u0107mi i rodzicami,<\/li><li>doskonali umiej\u0119tno\u015b\u0107 pos\u0142ugiwania si\u0119 przyborem podczas klejenia, uk\u0142adania, odwzorowywania,<\/li><li>kszta\u0142tuje umiej\u0119tno\u015b\u0107 wyra\u017cania muzyki i ilustruje j\u0105 ruchem,<\/li><li>\u0107wiczy r\u00f3\u017cnorodne techniki plastyczne zwi\u0105zane z Wielkanoc\u0105.<\/li><\/ul>\n\n\n\n<p><br>\n<strong>Metody:&nbsp;<\/strong><\/p>\n\n\n\n<ul class=\"wp-block-list\"><li>podaj\u0105ce: pokaz<\/li><li>aktywizuj\u0105ce: zabawy integracyjne<\/li><li>praktycznego dzia\u0142ania: metoda zada\u0144, pedagogika zabawy<\/li><\/ul>\n\n\n\n<p><br>\n<strong>Formy:<\/strong><\/p>\n\n\n\n<ul class=\"wp-block-list\"><li>indywidualna<\/li><li>zbiorowa<\/li><li>zespo\u0142owa<\/li><\/ul>\n\n\n\n<p><br>\n<strong>Pomoce:<\/strong><\/p>\n\n\n\n<ul class=\"wp-block-list\"><li>p\u0142yta CD z podk\u0142adem muzycznym do piosenki \u201eWszyscy s\u0105, witam Was\u201d,<\/li><li>p\u0142yta CD z piosenk\u0105 \u201e\u015awi\u0119ta z jajkiem i zaj\u0105cem\u201d,<\/li><li>p\u0142yta CD z melodi\u0105 ludow\u0105 \u201eKaczuszki\u201d,<\/li><li>\u015bcinki z kolorowej krepiny,<\/li><li>wycinanki z dziurkaczy w r\u00f3\u017cnych wzorach,<\/li><li>kleje,<\/li><li>jajka styropianowe,<\/li><li>pi\u00f3rka,<\/li><li>pompony,<\/li><li>ko\u0142a \u017c\u00f3\u0142te &#8211; orgiami,<\/li><li>kr\u00f3liki wzory,<\/li><li>brokaty,<\/li><li>wzory prac plastycznych,<\/li><li>bazie,<\/li><li>bukszpan,<\/li><li>kokardy,<\/li><li>elementy wyci\u0119te na kur\u0119 i kurczaka.<\/li><\/ul>\n\n\n\n<p><strong>PRZEBIEG ZAJ\u0118\u0106<\/strong><\/p>\n\n\n\n<p><br>\n<strong>1.<\/strong>&nbsp; Powitanie rodzic\u00f3w piosenk\u0105 \u201eWszyscy s\u0105 witam Was\u201d.<br>\n<br>\n<strong>2.<\/strong>&nbsp; Podanie celu spotkania, rozmowa na temat nadchodz\u0105cych \u015bwi\u0105t Wielkanocnych:<br>\n<\/p>\n\n\n\n<p><em>Spotkali\u015bmy si\u0119 dzisiaj poniewa\u017c zbli\u017caj\u0105 si\u0119 \u015bwi\u0119ta\u2026 (jakie? \u2013 pytanie do dzieci) \u2013 WIELKANOCNE.<br>\n&#8211; Co robi si\u0119 w czasie gdy zbli\u017ca si\u0119 Wielkanoc?\u2026 (pisanki, kraszanki, inne ozdoby)<br>\n&#8211; Jakie ozdoby? (kurczaki, kartki \u015bwi\u0105teczne, palmy Wielkanocne)<br>\nWszystkie symbole wielkanocne maj\u0105 zwi\u0105zek z nadziej\u0105 i symbolizuj\u0105 nowe \u017cycie: jajka, ga\u0142\u0105zki drzew, malutkie kurczaki, dominuj\u0105cy zielony kolor, baranek.<br>\n<\/em><br>\n<strong>3.<\/strong>&nbsp; Wsp\u00f3lne \u015bpiewanie piosenki \u201e\u015awi\u0119ta z jajkiem i zaj\u0105cem\u201d<br>\n<br>\nSkacze drog\u0105 zaj\u0105c, skacze pomalutku,<br>\nPrzykucn\u0105\u0142 za p\u0142otem \u2013 hop<br>\ni ju\u017c w ogr\u00f3dku.<br>\nKic, kic, kic cichutko skrada si\u0119 do domu,<br>\nKa\u017cdemu zostawia prezent po kryjomu.<\/p>\n\n\n\n<p>\u015awi\u0119ta Wielkanocne z jajkiem i zaj\u0105cem.<br> S\u0142oneczne pachn\u0105ce \u015awi\u0119ta wielkanocne.<br> (bis)<br> Id\u0105 ch\u0142opcy droga, id\u0105 pomalutku.<br> Przykucn\u0119li cicho \u2013 hop<br> Hop i ju\u017c w ogr\u00f3dku.<br> Naraz \u015bmiech i wrzawa<br> \u015amigus \u2013 dyngus! \u2013 krzycz\u0105<br> I dziewczynki \u0142api\u0105 i wod\u0105 je chlapi\u0105\u2026<br> \u015awi\u0119ta Wielkanocne z jajkiem i zaj\u0105cem.<br> S\u0142oneczne pachn\u0105ce \u015awi\u0119ta wielkanocne. (bis)<br> <br> <strong>4.<\/strong>&nbsp; \u201eKroimy wyrazy\u201d \u2013 Zabawa dydaktyczna \u2013 dzieci sylabizuj\u0105 (klaszcz\u0105c) nazwy wyraz\u00f3w podanych przez nauczycielk\u0119. Podaj\u0105 liczb\u0119 sylab w wyrazie.<br> WYRAZY zwi\u0105zane z \u015bwitami wielkanocnymi: Wielkanoc, \u015bwi\u0119ta, jajko, pisanki, palma, \u017cyczenia, kurcz\u0105tko, zaj\u0105czek, baranek. \u015amigus-dyngus.<br> <br> <strong>5.<\/strong>&nbsp; Wsp\u00f3lny taniec z rodzicami do melodii \u201eKaczuszki\u201d.<\/p>\n\n\n\n<p><strong>6.<\/strong>&nbsp; Prezentowanie ozd\u00f3b Wielkanocnych, kt\u00f3re wykonaj\u0105 rodzice wsp\u00f3lnie z dzie\u0107mi<\/p>\n\n\n\n<ul class=\"wp-block-list\"><li>Kura &#8211; \u0142\u0105czenie element\u00f3w klejenie, uk\u0142adanie wyciskanie, przek\u0142adanie pi\u00f3rek.<\/li><li>Kogut &#8211; uk\u0142adanie z element\u00f3w koguta przestrzennego.<\/li><li>Palma wielkanocna &#8211; uk\u0142adanie w\u0142asnej kompozycji palmy z bazi i bukszpanu wi\u0105zanie wst\u0105\u017ck\u0105.<\/li><li>Kurczaczek na wyka\u0142aczce, ozdobiony rafi\u0105.<\/li><li>W\u0142asna kartka wielkanocna &#8211; elementy do klejenia tytu\u0142, jajka lub zaj\u0105czki.<\/li><li>Jajka styropianowe &#8211; w\u0142asna kompozycja wiele mo\u017cliwo\u015bci ozdobienia brokatami, cekinami, pomponami, pi\u00f3rkami wst\u0105\u017ckami klejenie klejem wikolem.&nbsp;<\/li><\/ul>\n\n\n\n<p>Gotowe prace zabieraj\u0105 dzieci z rodzicami do domu.<br>\n<br>\n<br><\/p>\n","protected":false},"excerpt":{"rendered":"<p>Temat: \u201eTradycje i symbole wielkanocne\u201d\u2013 zabawy muzyczno-ruchowe&nbsp; i plastyczne. Grupa: 5 \u2013 6 latki&nbsp; Cele og\u00f3lne: Zapoznanie dzieci z niekt\u00f3rymi zwyczajami wielkanocnymi. Stwarzanie og\u00f3lnej atmosfery wychowawczej opartej na \u017cyczliwo\u015bci, wsp\u00f3\u0142pracy oraz opieku\u0144czo\u015bci w stosunku do potrzebuj\u0105cych pomocy. Rozwijanie logicznego my\u015blenia. &hellip; <a href=\"https:\/\/szkolawszpitalu.ovh\/?page_id=1156\">Czytaj dalej <span class=\"meta-nav\">&rarr;<\/span><\/a><\/p>\n","protected":false},"author":1,"featured_media":0,"parent":1083,"menu_order":6,"comment_status":"closed","ping_status":"closed","template":"","meta":{"footnotes":""},"class_list":["post-1156","page","type-page","status-publish","hentry"],"_links":{"self":[{"href":"https:\/\/szkolawszpitalu.ovh\/index.php?rest_route=\/wp\/v2\/pages\/1156","targetHints":{"allow":["GET"]}}],"collection":[{"href":"https:\/\/szkolawszpitalu.ovh\/index.php?rest_route=\/wp\/v2\/pages"}],"about":[{"href":"https:\/\/szkolawszpitalu.ovh\/index.php?rest_route=\/wp\/v2\/types\/page"}],"author":[{"embeddable":true,"href":"https:\/\/szkolawszpitalu.ovh\/index.php?rest_route=\/wp\/v2\/users\/1"}],"replies":[{"embeddable":true,"href":"https:\/\/szkolawszpitalu.ovh\/index.php?rest_route=%2Fwp%2Fv2%2Fcomments&post=1156"}],"version-history":[{"count":3,"href":"https:\/\/szkolawszpitalu.ovh\/index.php?rest_route=\/wp\/v2\/pages\/1156\/revisions"}],"predecessor-version":[{"id":1618,"href":"https:\/\/szkolawszpitalu.ovh\/index.php?rest_route=\/wp\/v2\/pages\/1156\/revisions\/1618"}],"up":[{"embeddable":true,"href":"https:\/\/szkolawszpitalu.ovh\/index.php?rest_route=\/wp\/v2\/pages\/1083"}],"wp:attachment":[{"href":"https:\/\/szkolawszpitalu.ovh\/index.php?rest_route=%2Fwp%2Fv2%2Fmedia&parent=1156"}],"curies":[{"name":"wp","href":"https:\/\/api.w.org\/{rel}","templated":true}]}}