{"id":1151,"date":"2020-03-30T10:33:01","date_gmt":"2020-03-30T08:33:01","guid":{"rendered":"http:\/\/szkolawszpitalu.ovh\/?page_id=1151"},"modified":"2020-06-06T20:10:13","modified_gmt":"2020-06-06T18:10:13","slug":"dzien-pracownika-sluzby-zdrowia-mgr-justyna-osiecka","status":"publish","type":"page","link":"https:\/\/szkolawszpitalu.ovh\/?page_id=1151","title":{"rendered":"&#8222;Dzie\u0144 pracownika S\u0142u\u017cby zdrowia&#8221; &#8211; mgr Justyna Osiecka"},"content":{"rendered":"\n<p><strong> Temat:\u00a0 \u201eDzie\u0144 Pracownika<\/strong> <strong>S\u0142u\u017cby Zdrowia\u201d \u2013 scenariusz uroczysto\u015bci.<\/strong><\/p>\n\n\n\n<p><strong>Grupa: <\/strong>5 \u2013 6 latki<\/p>\n\n\n\n<p><strong>Cele operacyjne<\/strong>:&nbsp;<\/p>\n\n\n\n<ul class=\"wp-block-list\"><li>Wychowankowie rozumiej\u0105 wa\u017cno\u015b\u0107 pracy pracownik\u00f3w S\u0142u\u017cby Zdrowia.&nbsp;<\/li><li>Buduj\u0105 poszanowanie dla pracy ca\u0142ego personelu medycznego.<\/li><li>Ucz\u0105 si\u0119 zgodnej wsp\u00f3\u0142pracy w grupie oraz poczucia wsp\u00f3\u0142dzia\u0142alno\u015bci.&nbsp;<\/li><li>Rozwijaj\u0105 sprawno\u015b\u0107 ruchow\u0105 oraz umiej\u0119tno\u015bci taneczne.&nbsp;<\/li><li>Rozwijaj\u0105 swoje umiej\u0119tno\u015bci poprawnej recytacji.&nbsp;<\/li><li>Doskonal\u0105 pami\u0119\u0107.<\/li><\/ul>\n\n\n\n<p><strong>Cele terapeutyczne:<\/strong>&nbsp;<\/p>\n\n\n\n<ul class=\"wp-block-list\"><li>dzieci pragn\u0105 wyrazi\u0107 sw\u00f3j szacunek i podzi\u0119kowanie prezentuj\u0105c przygotowany program artystyczny,<\/li><li>anga\u017cuj\u0105 si\u0119 we wsp\u00f3ln\u0105 prac\u0119 zapominaj\u0105c o trudach zwi\u0105zanych&nbsp;<\/li><\/ul>\n\n\n\n<p>&nbsp; &nbsp; &nbsp; z leczeniem,<\/p>\n\n\n\n<ul class=\"wp-block-list\"><li>ucz\u0105 si\u0119 wsp\u00f3\u0142dzia\u0142ania oraz dostrzegaj\u0105 sw\u00f3j wk\u0142ad pracy we wsp\u00f3lnie przygotowanym przedstawieniu.<\/li><\/ul>\n\n\n\n<p><strong>Formy:<\/strong><\/p>\n\n\n\n<ul class=\"wp-block-list\"><li>indywidualna<\/li><li>zbiorowa<\/li><li>zespo\u0142owa<\/li><\/ul>\n\n\n\n<p><strong>Program uroczysto\u015bci<\/strong>&nbsp;<\/p>\n\n\n\n<p><strong>1. Narrator.&nbsp;<\/strong><\/p>\n\n\n\n<p>Powitanie wszystkich zebranych Go\u015bci:&nbsp;<\/p>\n\n\n\n<p><em>\u201eObchodzimy dzisiaj wspania\u0142e \u015bwi\u0119to. Chcia\u0142abym bardzo gor\u0105co powita\u0107 wszystkich, kt\u00f3rzy troszcz\u0105 si\u0119 o nasze zdrowie&nbsp; aby tu na oddziale by\u0142o nam jak najlepiej. Niech przygotowane przez nas wiersze i piosenki b\u0119d\u0105 podzi\u0119kowaniem dla wszystkich Pracownik\u00f3w S\u0142u\u017cby Zdrowia\u201d.&nbsp;<\/em><\/p>\n\n\n\n<p><strong>2. Piosenka dla Pa\u0144 Piel\u0119gniarek<\/strong>&nbsp;<\/p>\n\n\n\n<p>Gdy rano budzisz si\u0119&nbsp;&nbsp;&nbsp;&nbsp;&nbsp;&nbsp;&nbsp;&nbsp;&nbsp;&nbsp;&nbsp;&nbsp;&nbsp;&nbsp;&nbsp;&nbsp;&nbsp;&nbsp;&nbsp;&nbsp;&nbsp;&nbsp;&nbsp; &nbsp; <br>\nju\u017c o\u00adna wita ci\u0119&nbsp;&nbsp;&nbsp;&nbsp;&nbsp;&nbsp;&nbsp;&nbsp;&nbsp;&nbsp;&nbsp;&nbsp;&nbsp;&nbsp;&nbsp;&nbsp;&nbsp;&nbsp;&nbsp;&nbsp;&nbsp;&nbsp;&nbsp;&nbsp;&nbsp;&nbsp;&nbsp;&nbsp;&nbsp;&nbsp;&nbsp; &nbsp;&nbsp; <br>\npogodna, ciep\u0142a jak wiosna.&nbsp;&nbsp;&nbsp;&nbsp;&nbsp;&nbsp;&nbsp;&nbsp;&nbsp;&nbsp;&nbsp;&nbsp;&nbsp; &nbsp; <br>\nGdy trzeba otrze \u0142zy,<br>\nlekarstwo poda ci<br>\nPrzyjaciel wierny tw\u00f3j \u2013 dobra Siostra.&nbsp;<\/p>\n\n\n\n<p><strong>Ref.<\/strong> Ty zawsze przy mnie jeste\u015b,&nbsp;&nbsp;&nbsp;&nbsp;&nbsp; <br>\nZawsze gotowa mi pom\u00f3c&nbsp;&nbsp;&nbsp;&nbsp;&nbsp;&nbsp;&nbsp;&nbsp;&nbsp;&nbsp;&nbsp;&nbsp;&nbsp;&nbsp;&nbsp;&nbsp; <br>\nTy zawsze przy mnie jeste\u015b&nbsp;&nbsp;&nbsp;&nbsp;&nbsp;&nbsp;&nbsp;&nbsp;&nbsp;&nbsp;&nbsp;&nbsp;&nbsp;&nbsp; &nbsp; <br>\nDzi\u0119kuj\u0119 Ci!&nbsp;&nbsp;&nbsp;&nbsp;&nbsp;&nbsp;&nbsp;&nbsp;&nbsp;&nbsp;&nbsp;&nbsp;&nbsp;&nbsp;&nbsp;&nbsp;&nbsp;&nbsp;&nbsp;&nbsp;&nbsp;&nbsp;&nbsp;&nbsp;&nbsp;&nbsp;&nbsp;&nbsp;&nbsp;&nbsp;&nbsp;&nbsp;&nbsp;&nbsp;&nbsp;&nbsp; <br>\nTy zawsze przy mnie jeste\u015b<br>\ntroszczysz si\u0119 o moje zdrowie<br>\nTy zawsze przy mnie jeste\u015b<br>\nDzi\u0119kuj\u0119 Ci!&nbsp;<\/p>\n\n\n\n<p><strong>3. narrator<\/strong>&nbsp;<\/p>\n\n\n\n<p><em>\u201eNasze Panie Piel\u0119gniarki zawsze bardzo si\u0119 o nas troszcz\u0105, mamy dla nich kilka weso\u0142ych rad\u201d.&nbsp;<\/em><\/p>\n\n\n\n<p><strong>4. wiersz<\/strong>&nbsp;<\/p>\n\n\n\n<p>Paniom Piel\u0119gniarkom, w dniu pi\u0119knego \u015bwi\u0119ta <br>\n\u017cycz\u0119 by ka\u017cda by\u0142a radosna, zawsze u\u015bmiechni\u0119ta.<br>\nBy wszyscy Was kochali doro\u015bli i dzieci,<br>\ni ptak, i wiatr, i s\u0142o\u0144ce co w g\u00f3rze jasno \u015bwieci.<br>\nA do tych \u017cycze\u0144 gor\u0105cych \u2013 tak si\u0119 jako\u015b sk\u0142ada<br>\nprzysz\u0142a mi do g\u0142owy pewna dobra rada.<br>\nJestem jeszcze ma\u0142a, ale ma\u0142y cz\u0142owiek<br>\nprzecie\u017c te\u017c niekiedy co\u015b m\u0105drego powie.<br>\nProsz\u0119 Siostry: niech siostra cz\u0119sto nas mierzy i wa\u017cy<br>\nbo z tym siostrze naprawd\u0119 do twarzy.<br>\nNiech bajk\u0119 opowie, pog\u0142aszcze po g\u0142owie.<br>\nAle czas po\u015bwi\u0119cony na zastrzyki, wenflony<br>\nto, prosz\u0119 siostry, czas stracony!!!<br>\nA te gorzkie leki?!<br>\nTo &#8230; prosz\u0119 zanie\u015b\u0107 z powrotem do apteki!<br>\nA kropl\u00f3wki?!<br>\nzupe\u0142nie nie pasuj\u0105 do siostry mini\u00f3wki.<br>\nNiech siostra raczej pacjentowi poduszk\u0119 poprawi,<br>\nbo to pacjent lubi, bo to pacjent trawi.<br>\nNiech siostra z dzieckiem pogada, pogwarzy,<br>\na wieczorem o podr\u00f3\u017cach dalekich pomarzy.<br>\nAle lewatywy? Te potworne m\u0119ki?!<br>\nwcale nie pasuj\u0105 do Twej siostro r\u0119ki!<br>\nNiech nam siostra za to mierzy gor\u0105czki,<br>\nbo to pasuje do siostry delikatnej r\u0105czki!<br>\nTakie mam rady, ale wiem to na pewno,<br>\n\u017ce ka\u017cda siostra zgadza si\u0119 ze mn\u0105!<br>\nI dlatego nie powiem nic wi\u0119cej,<br>\nbo wiem, \u017ce NASZE SIOSTRY MAJ\u0104<br>\nTA&#8230;KIE WIELKIE SERCE!!!!&nbsp;<\/p>\n\n\n\n<p><strong>5. narrator<\/strong>&nbsp;<\/p>\n\n\n\n<p><em>\u201eNasi lekarze bardzo o nas dbaj\u0105 i co dzie\u0144 wypisuj\u0105 dla nas recepty.<br>\nDzisiaj w dniu ich \u015bwi\u0119ta my przygotowali\u015bmy weso\u0142\u0105, ale pe\u0142n\u0105 zdrowia recept\u0119\u201d.&nbsp;<\/em><\/p>\n\n\n\n<p><strong>7. wiersz <br> RECEPTA<\/strong><br> Czasem mi si\u0119 marzy wypisa\u0107 recept\u0119 dla naszych lekarzy &#8230;ach! <br> Nie by\u0142oby tam &#8211; rzecz jasna &#8211; \u017cadnych zastrzyk\u00f3w <br> za to przepisa\u0142abym, przepisa\u0142a &#8230; <br> codziennie po 5 lizak\u00f3w na patyku<br> Nie by\u0142oby tabletek, ani nic do ssania ,<br> za to przepisa\u0142abym, przepisa\u0142a &#8230;po dwie godziny dziennie wi\u0119cej spania.<br> Nie by\u0142oby kropl\u00f3wek, \u017cadna chemia, \u017cadne specyfiki!!!,<br> Za to mo\u017ce&#8230; dwie godziny dziennie gimnastyki!<br> Ach! Jaka pi\u0119kna ta moja recepta, samo zdrowie.<br> Ka\u017cdy lekarz na pewno te\u017c tak powie!<br> Wi\u0119c na dodatek przepisuj\u0119 wszystkim wiosenny spacer!!!&nbsp;<\/p>\n\n\n\n<p><strong>8. Wiersz na zako\u0144czenie<\/strong>&nbsp;<\/p>\n\n\n\n<p>Dzi\u0119kuj\u0119 Wam drodzy moi Przyjaciele za ka\u017cd\u0105 wsp\u00f3ln\u0105 rado\u015b\u0107, kt\u00f3r\u0105 z Wami dziel\u0119. <br>\nZa dotyk dobrej d\u0142oni, za jasne spojrzenia <br>\nZa ka\u017cd\u0105 Wasz\u0105 pomoc w czasie mojego leczenia!!!&nbsp;<\/p>\n\n\n\n<p><strong>9. Z\u0142o\u017cenie \u017cycze\u0144, wr\u0119czenie wykonanych upomink\u00f3w i za\u015bpiewanie \u201eSto lat\u201d<\/strong><br><\/p>\n","protected":false},"excerpt":{"rendered":"<p>Temat:\u00a0 \u201eDzie\u0144 Pracownika S\u0142u\u017cby Zdrowia\u201d \u2013 scenariusz uroczysto\u015bci. Grupa: 5 \u2013 6 latki Cele operacyjne:&nbsp; Wychowankowie rozumiej\u0105 wa\u017cno\u015b\u0107 pracy pracownik\u00f3w S\u0142u\u017cby Zdrowia.&nbsp; Buduj\u0105 poszanowanie dla pracy ca\u0142ego personelu medycznego. Ucz\u0105 si\u0119 zgodnej wsp\u00f3\u0142pracy w grupie oraz poczucia wsp\u00f3\u0142dzia\u0142alno\u015bci.&nbsp; Rozwijaj\u0105 sprawno\u015b\u0107 &hellip; <a href=\"https:\/\/szkolawszpitalu.ovh\/?page_id=1151\">Czytaj dalej <span class=\"meta-nav\">&rarr;<\/span><\/a><\/p>\n","protected":false},"author":1,"featured_media":0,"parent":1083,"menu_order":6,"comment_status":"closed","ping_status":"closed","template":"","meta":{"footnotes":""},"class_list":["post-1151","page","type-page","status-publish","hentry"],"_links":{"self":[{"href":"https:\/\/szkolawszpitalu.ovh\/index.php?rest_route=\/wp\/v2\/pages\/1151","targetHints":{"allow":["GET"]}}],"collection":[{"href":"https:\/\/szkolawszpitalu.ovh\/index.php?rest_route=\/wp\/v2\/pages"}],"about":[{"href":"https:\/\/szkolawszpitalu.ovh\/index.php?rest_route=\/wp\/v2\/types\/page"}],"author":[{"embeddable":true,"href":"https:\/\/szkolawszpitalu.ovh\/index.php?rest_route=\/wp\/v2\/users\/1"}],"replies":[{"embeddable":true,"href":"https:\/\/szkolawszpitalu.ovh\/index.php?rest_route=%2Fwp%2Fv2%2Fcomments&post=1151"}],"version-history":[{"count":4,"href":"https:\/\/szkolawszpitalu.ovh\/index.php?rest_route=\/wp\/v2\/pages\/1151\/revisions"}],"predecessor-version":[{"id":1617,"href":"https:\/\/szkolawszpitalu.ovh\/index.php?rest_route=\/wp\/v2\/pages\/1151\/revisions\/1617"}],"up":[{"embeddable":true,"href":"https:\/\/szkolawszpitalu.ovh\/index.php?rest_route=\/wp\/v2\/pages\/1083"}],"wp:attachment":[{"href":"https:\/\/szkolawszpitalu.ovh\/index.php?rest_route=%2Fwp%2Fv2%2Fmedia&parent=1151"}],"curies":[{"name":"wp","href":"https:\/\/api.w.org\/{rel}","templated":true}]}}