{"id":1089,"date":"2020-03-30T09:04:18","date_gmt":"2020-03-30T07:04:18","guid":{"rendered":"http:\/\/szkolawszpitalu.ovh\/?page_id=1089"},"modified":"2020-04-18T08:38:27","modified_gmt":"2020-04-18T06:38:27","slug":"dydaktyka-online","status":"publish","type":"page","link":"https:\/\/szkolawszpitalu.ovh\/?page_id=1089","title":{"rendered":"Dydaktyka online"},"content":{"rendered":"\n<ol class=\"wp-block-list\"><li><span class=\"has-inline-color has-vivid-cyan-blue-color\"><strong>PASMO EDUKACYJNE TVP:<\/strong><\/span><\/li><\/ol>\n\n\n\n<figure class=\"wp-block-image size-large is-resized\"><img loading=\"lazy\" decoding=\"async\" src=\"https:\/\/szkolawszpitalu.ovh\/wp-content\/uploads\/2020\/03\/men1.png\" alt=\"\" class=\"wp-image-957\" width=\"447\" height=\"189\" srcset=\"https:\/\/szkolawszpitalu.ovh\/wp-content\/uploads\/2020\/03\/men1.png 729w, https:\/\/szkolawszpitalu.ovh\/wp-content\/uploads\/2020\/03\/men1-300x127.png 300w\" sizes=\"auto, (max-width: 447px) 100vw, 447px\" \/><\/figure>\n\n\n\n<p>2. <span class=\"has-inline-color has-vivid-cyan-blue-color\"><strong>DOST\u0118P DO DARMOWYCH PODR\u0118CZNIK\u00d3W I LEKCJI:<\/strong><\/span><\/p>\n\n\n\n<p><a href=\"http:\/\/www.e-podreczniki.pl\">www.e-podreczniki.pl<\/a><\/p>\n\n\n\n<p><a href=\"http:\/\/lekcjewsieci.pl\">www.lekcjewsieci.pl<\/a><\/p>\n\n\n\n<p>3. <strong><span class=\"has-inline-color has-vivid-cyan-blue-color\">STRONY Z \u0106WICZENIAMI DO MATEMATYKI &#8211; MGR IWONA RUCI\u0143SKA:<\/span><\/strong><\/p>\n\n\n\n<ul class=\"wp-block-list\"><li><a href=\"http:\/\/www.matzoo.pl\">matzoo.pl<\/a> &#8211; super \u0107wiczenia praktyczne, \u0107wicz\u0105 wiedz\u0119 i umiej\u0119tno\u015bci matematyczne<\/li><li><a href=\"http:\/\/www.szaloneliczby.pl\">szaloneliczby.pl<\/a> &#8211; zakres tematyczny \u0107wicze\u0144 obejmuje przede wszystkim zagadnienia z poziomu szko\u0142y podstawowej. Tutaj znajdziesz r\u00f3wnie\u017c sprawdziany i zadania, kt\u00f3re zosta\u0142y przygotowane oddzielnie dla ka\u017cdej z klas oraz gry matematyczne (to najlepsza forma \u0107wicze\u0144 z matematyki, kt\u00f3ra pozwoli Ci opanowa\u0107 dane zagadnienia do perfekcji). Znajduj\u0105 si\u0119 tutaj r\u00f3wnie\u017c: QUIZY , ZAGADKI MATEMATYCZNE, \u0141AMIG\u0142\u00d3WKI MATEMATYCZNE, GRY PLANSZOWE.&nbsp;<\/li><li><a href=\"http:\/\/www.scholaris.pl\">scholaris.pl<\/a> &#8211; prezentowany portal zawiera mn\u00f3stwo zasob\u00f3w z matematyki&nbsp;<\/li><li><a href=\"http:\/\/www.math.edu.pl\">math.edu.pl<\/a> -tutaj znajdziesz zadania o zr\u00f3\u017cnicowanym poziomie, przyk\u0142adowe testy matematyczne do \u0107wicze\u0144&nbsp;<\/li><li><a href=\"http:\/\/www.matematykadladzieci.pl\">matematykadladzieci.pl<\/a> &#8211; gry matematyczne dla dzieci to bezp\u0142atny program wspomagaj\u0105cy nauk\u0119 dzieci z zakresu podstawowych zagadnie\u0144 matematycznych takich jak liczenie dodawanie, odejmowanie, por\u00f3wnywanie liczb czy tabliczka mno\u017cenia&nbsp;<\/li><\/ul>\n\n\n\n<p>4. <span class=\"has-inline-color has-vivid-cyan-blue-color\"><strong>STRONY Z \u0106WICZENIAMI DO FIZYKI &#8211; MGR IWONA RUCI\u0143SKA<\/strong><\/span>:<\/p>\n\n\n\n<ul class=\"wp-block-list\"><li><a href=\"http:\/\/fizykon.org\">fizykon.org<\/a><strong><em>&nbsp;<\/em><\/strong><em>&#8211;<\/em>internetowy podr\u0119cznik do samodzielnej nauki fizyki<\/li><li><a href=\"http:\/\/fizyka.dk\">fizyka.dk<\/a> &#8211;&nbsp;portal po\u015bwi\u0119cony fizyce, daj\u0105cy dost\u0119p do zasob\u00f3w edukacyjnych, dzi\u0119ki kt\u00f3rym mo\u017cecie znacznie polepszy\u0107 swoja wiedz\u0119<\/li><li><a href=\"http:\/\/fizyka.biz\">fizyka.biz<\/a> &#8211;&nbsp;strona b\u0119d\u0105ca pomoc\u0105 dla uczni\u00f3w maj\u0105cych problemy z rozwi\u0105zaniami zada\u0144<\/li><li><a href=\"http:\/\/afizyka.pl\">afizyka.pl<\/a> &#8211;&nbsp;om\u00f3wienie zada\u0144 z fizyki z zakresu szko\u0142y podstawowej i nie tylko, znajdziesz tu r\u00f3wnie\u017c symulacje i animacje fizyczne<\/li><li><a href=\"http:\/\/zapytajfizyka.fuw.edu.pl\">zapytajfizyka.fuw.edu.pl<\/a><strong><em>&nbsp;<\/em><\/strong>&#8211;&nbsp;miejsce gdzie mo\u017cna zada\u0107 pytanie z dziedziny fizyki, a odpowiedz\u0105 na nie naukowcy z Wydzia\u0142u Uniwersytetu Warszawskiego<\/li><li><a href=\"http:\/\/wiw.pl\/fizyka\">wiw.pl\/fizyka<\/a><strong><em>&nbsp;<\/em><\/strong>&#8211;&nbsp;ciekawe wyk\u0142ady z fizyki<\/li><li><a href=\"http:\/\/wiw.pl\/astronomia\">wiw.pl\/astronomia<\/a><strong><em>&nbsp;<\/em><\/strong>&#8211;&nbsp;witryna tematyczna serwisu Wirtualny Wszech\u015bwiat po\u015bwi\u0119cona astronomii, z ciekawymi esejami i artyku\u0142ami<\/li><\/ul>\n\n\n\n<p>5. <strong><span class=\"has-inline-color has-vivid-cyan-blue-color\">CIEKAWOSTKI GEOGRAFICZNE &#8211; MGR KATARZYNA OSIECKA<\/span><\/strong><span class=\"has-inline-color has-vivid-cyan-blue-color\">:<\/span><\/p>\n\n\n\n<ul class=\"wp-block-list\"><li><a href=\"https:\/\/www.quizme.pl\/q\/betsy\/ciekawe_miejsca_w_polsce__znasz_je\">Quiz &#8211; ciekawe miejsca w Polsce<\/a><\/li><li><a href=\"https:\/\/www.youtube.com\/watch?v=M-yWznEUHv8\">Co warto zobaczy\u0107 w Tr\u00f3jmie\u015bcie?<\/a><\/li><\/ul>\n\n\n\n<p>6. <strong><span class=\"has-inline-color has-vivid-cyan-blue-color\">WIRTUALNE ZWIEDZANIE MUZE\u00d3W I GALERII ONLINE &#8211; MGR EWELINA WIELG\u00d3CKA<\/span><\/strong><\/p>\n\n\n\n<ul class=\"wp-block-list\"><li><a href=\"https:\/\/www.smb.museum\/home.html\">Muzeum Pergamo\u0144skie<\/a><\/li><li><a href=\"https:\/\/www.ai360.pl\/panoramy\/279\">Kopalnia Soli w Wieliczce<\/a><\/li><li><a href=\"https:\/\/muzeumzamkowewmalborku.wkraj.pl\/html5\/index.php?id=34844\">Muzeum Zamkowe w Malborku<\/a><\/li><li><a href=\"https:\/\/www.ai360.pl\/panoramy\/85,107.html\">Zamek Kr\u00f3lewski w Warszawie<\/a><\/li><li><a href=\"https:\/\/artsandculture.google.com\/partner?hl=pl\">Materia\u0142y pochodz\u0105ce z ponad 2000 wiod\u0105cych muze\u00f3w i archiw\u00f3w ca\u0142ego \u015bwiata<\/a><\/li><\/ul>\n\n\n\n<p>7. <span class=\"has-inline-color has-vivid-cyan-blue-color\"><strong>DARMOWE LEKTURY W FORMIE AUDIOBOOK\u00d3W I E-BOOK\u00d3W:<\/strong><\/span><\/p>\n\n\n\n<p><a href=\"http:\/\/www.lektury.gov.pl\">www.lektury.gov.pl<\/a><\/p>\n\n\n\n<p><a href=\"http:\/\/storytel.pl\">www.storytel.pl<\/a><\/p>\n\n\n\n<p><a href=\"http:\/\/www.legimi.pl\">www.legimi.pl<\/a><\/p>\n","protected":false},"excerpt":{"rendered":"<p>PASMO EDUKACYJNE TVP: 2. DOST\u0118P DO DARMOWYCH PODR\u0118CZNIK\u00d3W I LEKCJI: www.e-podreczniki.pl www.lekcjewsieci.pl 3. STRONY Z \u0106WICZENIAMI DO MATEMATYKI &#8211; MGR IWONA RUCI\u0143SKA: matzoo.pl &#8211; super \u0107wiczenia praktyczne, \u0107wicz\u0105 wiedz\u0119 i umiej\u0119tno\u015bci matematyczne szaloneliczby.pl &#8211; zakres tematyczny \u0107wicze\u0144 obejmuje przede wszystkim &hellip; <a href=\"https:\/\/szkolawszpitalu.ovh\/?page_id=1089\">Czytaj dalej <span class=\"meta-nav\">&rarr;<\/span><\/a><\/p>\n","protected":false},"author":1,"featured_media":0,"parent":934,"menu_order":2,"comment_status":"closed","ping_status":"closed","template":"","meta":{"footnotes":""},"class_list":["post-1089","page","type-page","status-publish","hentry"],"_links":{"self":[{"href":"https:\/\/szkolawszpitalu.ovh\/index.php?rest_route=\/wp\/v2\/pages\/1089","targetHints":{"allow":["GET"]}}],"collection":[{"href":"https:\/\/szkolawszpitalu.ovh\/index.php?rest_route=\/wp\/v2\/pages"}],"about":[{"href":"https:\/\/szkolawszpitalu.ovh\/index.php?rest_route=\/wp\/v2\/types\/page"}],"author":[{"embeddable":true,"href":"https:\/\/szkolawszpitalu.ovh\/index.php?rest_route=\/wp\/v2\/users\/1"}],"replies":[{"embeddable":true,"href":"https:\/\/szkolawszpitalu.ovh\/index.php?rest_route=%2Fwp%2Fv2%2Fcomments&post=1089"}],"version-history":[{"count":12,"href":"https:\/\/szkolawszpitalu.ovh\/index.php?rest_route=\/wp\/v2\/pages\/1089\/revisions"}],"predecessor-version":[{"id":1343,"href":"https:\/\/szkolawszpitalu.ovh\/index.php?rest_route=\/wp\/v2\/pages\/1089\/revisions\/1343"}],"up":[{"embeddable":true,"href":"https:\/\/szkolawszpitalu.ovh\/index.php?rest_route=\/wp\/v2\/pages\/934"}],"wp:attachment":[{"href":"https:\/\/szkolawszpitalu.ovh\/index.php?rest_route=%2Fwp%2Fv2%2Fmedia&parent=1089"}],"curies":[{"name":"wp","href":"https:\/\/api.w.org\/{rel}","templated":true}]}}