{"id":1058,"date":"2020-03-25T13:53:19","date_gmt":"2020-03-25T12:53:19","guid":{"rendered":"http:\/\/szkolawszpitalu.ovh\/?page_id=1058"},"modified":"2020-03-30T08:50:27","modified_gmt":"2020-03-30T06:50:27","slug":"scenariusz-zajec-wychowawczych-zajaczek-wielkanocny-praca-plastyczna-mgr-justyna-osiecka","status":"publish","type":"page","link":"https:\/\/szkolawszpitalu.ovh\/?page_id=1058","title":{"rendered":"&#8222;Zaj\u0105czek wielkanocny &#8211; praca plastyczna&#8221; &#8211; mgr Justyna Osiecka"},"content":{"rendered":"\n<p><strong>Temat:&nbsp; \u201eZaj\u0105czek Wielkanocny\u201d \u2013 zaj\u0119cia plastyczne.<\/strong><\/p>\n\n\n\n<p><br>\n<strong>Grupa: <\/strong>3 \u2013 4 latki&nbsp;\t<\/p>\n\n\n\n<p><br>\n<strong>Cele og\u00f3lne:<\/strong><\/p>\n\n\n\n<ul class=\"wp-block-list\"><li>Przybli\u017cenie tradycji \u015awi\u0105t Wielkanocnych.<\/li><li>Rozwijanie inwencji tw\u00f3rczej.<\/li><li>Rozwijanie aktywno\u015bci plastycznej.<\/li><\/ul>\n\n\n\n<p><br>\n<strong>Cele szczeg\u00f3\u0142owe<\/strong><br>\nDziecko:<\/p>\n\n\n\n<ul class=\"wp-block-list\"><li>pog\u0142\u0119bia swoj\u0105 wiedz\u0119 na temat \u015awi\u0105t Wielkanocnych,<\/li><li>rozmawia o wielkanocnych zwyczajach,<\/li><li>wie, jakie zwierz\u0105tka s\u0105 symbolem \u015awi\u0105t Wielkanocnych,<\/li><li>umie powiedzie\u0107 z jakich podstawowych cz\u0119\u015bci cia\u0142a sk\u0142ada si\u0119 zaj\u0105c,<\/li><li>przykleja w\u0142\u00f3czk\u0119 i papierowe elementy do swojej pracy,<\/li><li>wykonuje estetycznie swoj\u0105 prac\u0119,<\/li><li>dba o porz\u0105dek i bezpiecze\u0144stwo podczas wykonywania zadania,<\/li><li>rozwija swoje zainteresowania artystyczne.<\/li><\/ul>\n\n\n\n<p><br>\n<strong>Pomoce:<\/strong><\/p>\n\n\n\n<ul class=\"wp-block-list\"><li>pomalowane na br\u0105zowo rolki od papieru toaletowego,&nbsp;<\/li><li>poci\u0119ta w\u0142\u00f3czka w kolorze br\u0105zowym,&nbsp;<\/li><li>papierowe oczka,&nbsp;<\/li><li>wata,&nbsp;<\/li><li>r\u00f3\u017cowy \u201enosek\u201d z papieru,&nbsp;<\/li><li>kleje dla ka\u017cdego dziecka,&nbsp;<\/li><li>szablony zaj\u0105czka,&nbsp;<\/li><li>zielone karteczki z imionami dzieci w kszta\u0142cie trawy. &nbsp;<\/li><\/ul>\n\n\n\n<p><strong>PRZEBIEG ZAJ\u0118\u0106<\/strong><\/p>\n\n\n\n<ul class=\"wp-block-list\"><li>Pogadanka na temat zbli\u017caj\u0105cych si\u0119 \u015awi\u0105t Wielkanocnych. Rozmowa\u00a0z dzie\u0107mi o wielkanocnych symbolach i jakie zwierz\u0105tka kojarz\u0105 nam si\u0119\u00a0z tymi \u015bwi\u0119tami.<\/li><\/ul>\n\n\n\n<ul class=\"wp-block-list\"><li>Nauczyciel przekazuje dzieciom, \u017ce na dzisiejszych zaj\u0119ciach b\u0119dziemy w\u0142a\u015bnie wykonywa\u0107 jedno z tych zwierz\u0105tek, a dok\u0142adniej zaj\u0105czka. Zaj\u0105czek b\u0119dzie nam umila\u0142 \u015bwi\u0119ta.<\/li><\/ul>\n\n\n\n<ul class=\"wp-block-list\"><li>Rozdanie dzieciom szablon\u00f3w z zaj\u0105czkami. Ka\u017cde dziecko m\u00f3wi jakie cz\u0119\u015bci cia\u0142a ma jego zaj\u0105czek (g\u0142owa, dwoje uszu, dwoje oczu, nosek, dwie \u0142apki\u00a0i n\u00f3\u017cki, brzuszek, ogonek) i co takie zaj\u0105czki lubi\u0105 je\u015b\u0107.<\/li><\/ul>\n\n\n\n<ul class=\"wp-block-list\"><li>Dzieci dobrze wiedz\u0105, \u017ce zaj\u0105ce maj\u0105 futerko i nauczyciel daje propozycj\u0119,\u00a0\u017ce takie milutkie futerko mo\u017cemy zrobi\u0107 z br\u0105zowej w\u0142\u00f3czki. Rozdaje dzieciom klej i kawa\u0142k\u00f3w w\u0142\u00f3czki aby wyklei\u0142y ni\u0105 swoje szablony.<\/li><\/ul>\n\n\n\n<ul class=\"wp-block-list\"><li>Prowadz\u0105cy rozdaje r\u00f3wnie\u017c wat\u0119, by wychowankowie wykleili ni\u0105 \u015brodki uszu, policzki i ogonek.\u00a0<\/li><\/ul>\n\n\n\n<ul class=\"wp-block-list\"><li>Na koniec dzieci doklejaj\u0105 swoim zaj\u0105czkom papierowe oczy i nosek.&nbsp;<\/li><\/ul>\n\n\n\n<ul class=\"wp-block-list\"><li>Kiedy prace s\u0105 ju\u017c gotowe, nauczyciel pomaga dzieciom przyklei\u0107 zaj\u0105czki\u00a0do papierowej rolki.\u00a0<\/li><\/ul>\n\n\n\n<ul class=\"wp-block-list\"><li>Nauczyciel podpisuje ka\u017cd\u0105 prac\u0119 i umieszcza je na wystawie.<\/li><\/ul>\n","protected":false},"excerpt":{"rendered":"<p>Temat:&nbsp; \u201eZaj\u0105czek Wielkanocny\u201d \u2013 zaj\u0119cia plastyczne. Grupa: 3 \u2013 4 latki&nbsp; Cele og\u00f3lne: Przybli\u017cenie tradycji \u015awi\u0105t Wielkanocnych. Rozwijanie inwencji tw\u00f3rczej. Rozwijanie aktywno\u015bci plastycznej. Cele szczeg\u00f3\u0142owe Dziecko: pog\u0142\u0119bia swoj\u0105 wiedz\u0119 na temat \u015awi\u0105t Wielkanocnych, rozmawia o wielkanocnych zwyczajach, wie, jakie zwierz\u0105tka &hellip; <a href=\"https:\/\/szkolawszpitalu.ovh\/?page_id=1058\">Czytaj dalej <span class=\"meta-nav\">&rarr;<\/span><\/a><\/p>\n","protected":false},"author":1,"featured_media":0,"parent":985,"menu_order":4,"comment_status":"closed","ping_status":"closed","template":"","meta":{"footnotes":""},"class_list":["post-1058","page","type-page","status-publish","hentry"],"_links":{"self":[{"href":"https:\/\/szkolawszpitalu.ovh\/index.php?rest_route=\/wp\/v2\/pages\/1058","targetHints":{"allow":["GET"]}}],"collection":[{"href":"https:\/\/szkolawszpitalu.ovh\/index.php?rest_route=\/wp\/v2\/pages"}],"about":[{"href":"https:\/\/szkolawszpitalu.ovh\/index.php?rest_route=\/wp\/v2\/types\/page"}],"author":[{"embeddable":true,"href":"https:\/\/szkolawszpitalu.ovh\/index.php?rest_route=\/wp\/v2\/users\/1"}],"replies":[{"embeddable":true,"href":"https:\/\/szkolawszpitalu.ovh\/index.php?rest_route=%2Fwp%2Fv2%2Fcomments&post=1058"}],"version-history":[{"count":2,"href":"https:\/\/szkolawszpitalu.ovh\/index.php?rest_route=\/wp\/v2\/pages\/1058\/revisions"}],"predecessor-version":[{"id":1077,"href":"https:\/\/szkolawszpitalu.ovh\/index.php?rest_route=\/wp\/v2\/pages\/1058\/revisions\/1077"}],"up":[{"embeddable":true,"href":"https:\/\/szkolawszpitalu.ovh\/index.php?rest_route=\/wp\/v2\/pages\/985"}],"wp:attachment":[{"href":"https:\/\/szkolawszpitalu.ovh\/index.php?rest_route=%2Fwp%2Fv2%2Fmedia&parent=1058"}],"curies":[{"name":"wp","href":"https:\/\/api.w.org\/{rel}","templated":true}]}}