{"id":1055,"date":"2020-03-25T13:50:48","date_gmt":"2020-03-25T12:50:48","guid":{"rendered":"http:\/\/szkolawszpitalu.ovh\/?page_id=1055"},"modified":"2020-03-30T08:48:15","modified_gmt":"2020-03-30T06:48:15","slug":"scenariusz-zajec-wychowawczych-powitanie-wiosny-mgr-ewelina-wielgocka","status":"publish","type":"page","link":"https:\/\/szkolawszpitalu.ovh\/?page_id=1055","title":{"rendered":"&#8222;Powitanie Wiosny&#8221; &#8211; mgr Ewelina Wielg\u00f3cka"},"content":{"rendered":"\n<p>Temat: Powitanie wiosny&nbsp;<\/p>\n\n\n\n<p>Grupa zr\u00f3\u017cnicowana wiekowo<\/p>\n\n\n\n<p>Cele og\u00f3lne:&nbsp;<\/p>\n\n\n\n<ul class=\"wp-block-list\"><li>Kultywowanie tradycji ludowych zwi\u0105zanych z okresem wiosennym poprzez: &#8211; wykonanie Marzanny<br>\n&#8211; pokolorowanie Pani Wiosny<br>\n&#8211; wykonanie bociana <br>\n&#8211; odczytanie listu od Pani Wiosny &#8211; odczytanie tradycji ludowych<br>\n&#8211; zagadki wiosenne<br>\n&#8211; piosenki wiosenne <br>\n<\/li><li>Przypomnienie i utrwalenie wiadomo\u015bci dotycz\u0105cych zwiastun\u00f3w wiosny. <br>\n<\/li><li>Rozwijanie pomys\u0142owo\u015bci i wiary we w\u0142asne zdolno\u015bci i umiej\u0119tno\u015bci. <br>\n<\/li><li>Zdobywanie nowych do\u015bwiadcze\u0144 plastycznych. <br>\n<\/li><li>Pobudzanie dzieci do kreatywno\u015bci.&nbsp;<\/li><\/ul>\n\n\n\n<p>Cele operacyjne:<br>\n<\/p>\n\n\n\n<ul class=\"wp-block-list\"><li>Kszta\u0142towanie uczu\u0107 estetycznych. <br>\n<\/li><li>Kszta\u0142towanie harmonijnego wsp\u00f3\u0142\u017cycia, umacniania kontakt\u00f3w kole\u017ce\u0144skich, umiej\u0119tno\u015bci wsp\u00f3\u0142pracy. <br>\n<\/li><li>Rozwijanie sprawno\u015bci manualnej oraz wyrabianie dok\u0142adno\u015bci. <br>\n<\/li><li>Umiej\u0119tno\u015b\u0107 opowiedzenia o zmianach zachodz\u0105cych w przyrodzie wiosn\u0105. <br>\n<\/li><\/ul>\n\n\n\n<p>Metody pracy:&nbsp;<\/p>\n\n\n\n<ul class=\"wp-block-list\"><li>S\u0142owna<\/li><li>Praktycznego dzia\u0142ania&nbsp;<\/li><li>zabawowa&nbsp;<\/li><\/ul>\n\n\n\n<p>Tok zaj\u0119\u0107:&nbsp;<\/p>\n\n\n\n<ol class=\"wp-block-list\"><li>Podanie tematu i celu zaj\u0119\u0107.<\/li><li>Rozmowa wst\u0119pna \u2013 list od Pani wiosny, tradycje wiosenne.&nbsp;<\/li><li>Przygotowanie miejsca pracy.&nbsp;<\/li><li>Zaprezentowanie Marzanny.<\/li><li>Udzielanie instrukta\u017cu jak wykona\u0107 Marzann\u0119.&nbsp;<\/li><li>Ozdabianie kuk\u0142y.&nbsp;<\/li><li>Kolorowanie grupowe Bociana w wersji XL.&nbsp;<\/li><li>Kolorowanie portretu Pani Wiosny.&nbsp;<\/li><li>Zagadki wiosenne.&nbsp;<\/li><\/ol>\n\n\n\n<p>10. Skr\u0119canie balonik\u00f3w w kszta\u0142cie kwiatka.&nbsp;<\/p>\n\n\n\n<p>11. S\u0142uchanie piosenek o wio\u015bnie \u201e Wiosna wiosenka\u201d, \u201eMaszeruje wiosna\u201d, \u201eWiosna w ogrodzie\u201d.&nbsp;<\/p>\n\n\n\n<p>12. Podzi\u0119kowanie za przybycie na imprez\u0119 wszy kim dzieciom, zako\u0144czenie imprezy. 13. Sprz\u0105tanie \u015bwietlicy.&nbsp;<\/p>\n\n\n\n<p><em>Drogie dzieci!&nbsp;<\/em><\/p>\n\n\n\n<p><em>Bardzo si\u0119 za Wami st\u0119skni\u0142am. Ale Zima jest twarda i bardzo kapry\u015bna. Nadal jej wierni s\u0142udzy Mr\u00f3z i \u015anieg panuj\u0105 na Ziemi. Wiem, \u017ce ostatnio troch\u0119 podupadli na si\u0142ach, ale Zima nie chce si\u0119 podda\u0107. Uwi\u0119zi\u0142a mnie w lodowej pieczarze. Tak bardzo chcia\u0142abym by\u0107 ju\u017c z Wami. Marz\u0119, by pomalowa\u0107 \u015bwiat na zielono, by rozgrza\u0107 Was wiosennym s\u0142onkiem i obudzi\u0107 do \u017cycia u\u015bpion\u0105 przyrod\u0119. Niestety sama nie dam rady si\u0119 uwolni\u0107 z niewoli Zimy. Jest jednak na to rada. Wype\u0142nijcie moje pro\u015bby, a zawitam u Was szybko. Pospacerujcie po wsi i poszukajcie znak\u00f3w, kt\u00f3re Wam przesy\u0142am! Zagrajcie na ha\u0142a\u015bnikach, by odstraszy\u0107 Zim\u0119! Spalcie marzann\u0119 symbol odchodz\u0105cej Zimy! Za\u015bpiewajcie piosenk\u0119, kt\u00f3ra s\u0142awi Wiosn\u0119! Powitajcie mnie gaiczkiem zielonym! B\u0105d\u017acie rado\u015bni i u\u015bmiechni\u0119ci! Wasze u\u015bmiechy i gor\u0105ce serduszka roztopi\u0105 z\u0142o\u015b\u0107 Zimy i pozwoli mi ona do Was wr\u00f3ci\u0107. Czekam na Was z ut\u0119sknieniem.&nbsp;<\/em><\/p>\n\n\n\n<p><em>WIOSENNE TRADYCJE&nbsp;<\/em><\/p>\n\n\n\n<p><em>Dawno temu wierzono, \u017ce zima sama nie odejdzie, dlatego nale\u017cy j\u0105 przegna\u0107, aby na jej miejsce mog\u0142a przyj\u015b\u0107 wiosna. Zima, czyli czas u\u015bpienia przyrody, by\u0142a trudna zar\u00f3wno dla zwierz\u0105t, jak i dla ludzi. Wiosna uciele\u015bnia\u0142a wszystko, co \u017cywe i radosne. Aby wiosna mog\u0142a przyj\u015b\u0107 na \u015bwiat, nale\u017ca\u0142o pokona\u0107 zim\u0119. W tym celu ze s\u0142omy robiono niedu\u017c\u0105 kuk\u0142\u0119 i ubierano j\u0105 w kolorowe szmatki. Kuk\u0142\u0119 tak\u0105 nazywano marzann\u0105. Kuk\u0142\u0119 21 marca topiono w rzece albo palono na polu. Nast\u0119pnego dnia do dom\u00f3w przynoszono symbol wiosny gaik maik. By\u0142a to pi\u0119knie przystrojona ga\u0142\u0105\u017a jod\u0142y lub \u015bwierku.&nbsp;<\/em><\/p>\n\n\n\n<p>Co uciele\u015bnia\u0142a wiosna?<br>\nJak nazywano s\u0142omian\u0105 kuk\u0142\u0119? Co robiono z kuk\u0142\u0105 21 marca? Co to by\u0142 gaik-maik?&nbsp;<\/p>\n\n\n\n<ol class=\"wp-block-list\"><li>Przylecia\u0142 szary ptaszek. Nad polem za\u015bpiewa\u0142 jak dzwonek. Znaj\u0105 go dobrze dzieci to jest\u00a0<\/li><li>Powr\u00f3ci\u0142 do nas z dalekiej strony. Ma d\u0142ugie nogi i dzi\u00f3b czerwony.<\/li><li>Nied\u0142ugo zima ju\u017c st\u0105d pry\u015bnie. \u015anieg ju\u017c przebi\u0142em.\u00a0<\/li><li>Nie ma lepszej lotniczki. Ogon niczym no\u017cyczki. Lepi gniazdo pod strzech\u0105, jest dla ludzi pociech\u0105. W powietrzu toczy k\u00f3\u0142ka. Kto to taki?\u00a0<\/li><\/ol>\n\n\n\n<p>Zaj\u0119cia plastyczne&nbsp;<\/p>\n\n\n\n<p>Temat: Kola\u017c &#8211; Pani Wiosna&nbsp;<\/p>\n\n\n\n<p>Materia\u0142y \u2013 klej, papier, no\u017cyczki, makulatura( gazety, ksi\u0105\u017cki, ulotki,).&nbsp;<\/p>\n\n\n\n<p>Kola\u017c \u2013 technika polegaj\u0105ca na u\u017cyciu r\u00f3\u017cnych materia\u0142\u00f3w i tworzyw ( gazeta, zdj\u0119cia, ulotki, drobne przedmioty codziennego u\u017cytku itp.) S\u0105 one naklejane na papier i \u0142\u0105czone z tradycyjnymi technikami plastycznymi.&nbsp;<\/p>\n\n\n\n<p>Inspiracje:<\/p>\n\n\n\n<p><a href=\"https:\/\/www.nationalgalleries.org\/search\/subject\/flowers\">https:\/\/www.nationalgalleries.org\/search\/subject\/flowers<\/a><\/p>\n\n\n\n<p><a href=\"https:\/\/kreatywnepraceplastyczne.blogspot.com\/2015\/05\/jak-zrobic-kolaz-z-papieru.html\">https:\/\/kreatywnepraceplastyczne.blogspot.com\/2015\/05\/jak-zrobic-kolaz-z-papieru.html<\/a><\/p>\n\n\n\n<p>Temat: Kwiatki z popcornu<br>Materia\u0142y : kartk\u0119 A4 najlepiej techniczn\u0105, klej wikol lub magic, p\u0119dzle, farby, zielony&nbsp;<\/p>\n\n\n\n<p>papier lub bibu\u0142\u0119 na li\u015bcie i popcorn.&nbsp;<\/p>\n\n\n\n<p>Instrukcja:&nbsp;<\/p>\n\n\n\n<p><a href=\"https:\/\/mojedziecikreatywnie.pl\/2016\/05\/bez-z-popcornu\/\">https:\/\/mojedziecikreatywnie.pl\/2016\/05\/bez-z-popcornu\/<\/a><\/p>\n\n\n\n<p>Temat: Wianki z kwiatk\u00f3w&nbsp;<\/p>\n\n\n\n<p>Materia\u0142y: wat\u0119, ta\u015bm\u0119 papierow\u0105, ta\u015bm\u0119 dwustronn\u0105, klej, no\u017cyczki i kolorow\u0105 bibu\u0142\u0119 szkoln\u0105.&nbsp;<\/p>\n\n\n\n<p>Instrukcja:&nbsp;<\/p>\n\n\n\n<p><a href=\"https:\/\/mojedziecikreatywnie.pl\/2017\/03\/wianek-z-kwiatow-z-bibuly\/\">https:\/\/mojedziecikreatywnie.pl\/2017\/03\/wianek-z-kwiatow-z-bibuly\/<\/a><\/p>\n\n\n\n<p><br><\/p>\n","protected":false},"excerpt":{"rendered":"<p>Temat: Powitanie wiosny&nbsp; Grupa zr\u00f3\u017cnicowana wiekowo Cele og\u00f3lne:&nbsp; Kultywowanie tradycji ludowych zwi\u0105zanych z okresem wiosennym poprzez: &#8211; wykonanie Marzanny &#8211; pokolorowanie Pani Wiosny &#8211; wykonanie bociana &#8211; odczytanie listu od Pani Wiosny &#8211; odczytanie tradycji ludowych &#8211; zagadki wiosenne &#8211; &hellip; <a href=\"https:\/\/szkolawszpitalu.ovh\/?page_id=1055\">Czytaj dalej <span class=\"meta-nav\">&rarr;<\/span><\/a><\/p>\n","protected":false},"author":1,"featured_media":0,"parent":985,"menu_order":3,"comment_status":"closed","ping_status":"closed","template":"","meta":{"footnotes":""},"class_list":["post-1055","page","type-page","status-publish","hentry"],"_links":{"self":[{"href":"https:\/\/szkolawszpitalu.ovh\/index.php?rest_route=\/wp\/v2\/pages\/1055","targetHints":{"allow":["GET"]}}],"collection":[{"href":"https:\/\/szkolawszpitalu.ovh\/index.php?rest_route=\/wp\/v2\/pages"}],"about":[{"href":"https:\/\/szkolawszpitalu.ovh\/index.php?rest_route=\/wp\/v2\/types\/page"}],"author":[{"embeddable":true,"href":"https:\/\/szkolawszpitalu.ovh\/index.php?rest_route=\/wp\/v2\/users\/1"}],"replies":[{"embeddable":true,"href":"https:\/\/szkolawszpitalu.ovh\/index.php?rest_route=%2Fwp%2Fv2%2Fcomments&post=1055"}],"version-history":[{"count":2,"href":"https:\/\/szkolawszpitalu.ovh\/index.php?rest_route=\/wp\/v2\/pages\/1055\/revisions"}],"predecessor-version":[{"id":1076,"href":"https:\/\/szkolawszpitalu.ovh\/index.php?rest_route=\/wp\/v2\/pages\/1055\/revisions\/1076"}],"up":[{"embeddable":true,"href":"https:\/\/szkolawszpitalu.ovh\/index.php?rest_route=\/wp\/v2\/pages\/985"}],"wp:attachment":[{"href":"https:\/\/szkolawszpitalu.ovh\/index.php?rest_route=%2Fwp%2Fv2%2Fmedia&parent=1055"}],"curies":[{"name":"wp","href":"https:\/\/api.w.org\/{rel}","templated":true}]}}