{"id":1050,"date":"2020-03-25T13:43:05","date_gmt":"2020-03-25T12:43:05","guid":{"rendered":"http:\/\/szkolawszpitalu.ovh\/?page_id=1050"},"modified":"2020-04-18T08:26:00","modified_gmt":"2020-04-18T06:26:00","slug":"scenariusz-zajec-z-informatyki-internet-okno-na-swiat-mgr-dorota-kapela","status":"publish","type":"page","link":"https:\/\/szkolawszpitalu.ovh\/?page_id=1050","title":{"rendered":"&#8222;Internet &#8211; okno na \u015bwiat&#8221; &#8211; mgr Dorota Kapela (informatyka)"},"content":{"rendered":"\n<p><strong>Scenariusz z informatyki dla klas VII\/VII<\/strong><\/p>\n\n\n\n<p><strong>Temat: \u201eInternet \u2013 okno na \u015bwiat\u201d\u00a0<\/strong><\/p>\n\n\n\n<p><strong>Cele \u2013 ucze\u0144:&nbsp;<\/strong><\/p>\n\n\n\n<ul class=\"wp-block-list\"><li>potrafi znale\u017a\u0107 argumenty <em>ZA <\/em>i <em>PRZECIW <\/em>postawionej tezie, potrafi umiej\u0119tnie dobiera\u0107 argumenty i kontrargumenty,<br> nie krytykuje i nie ocenia wypowiedzi przeciwnik\u00f3w, szanuje ich zdanie.&nbsp;<\/li><\/ul>\n\n\n\n<p><strong>Metody pracy:<br> <\/strong>&#8211; <strong>debata <\/strong>jest dobr\u0105 metod\u0105 prowadzenia rozm\u00f3w na trudne tematy, jest to r\u00f3wnie\u017c metoda skutecznego porozumiewania si\u0119 w r\u00f3\u017cnych sytuacjach sprzyjaj\u0105ca wypowiadaniu w\u0142asnego punktu widzenia.<\/p>\n\n\n\n<p><strong>Formy pracy:<br> <\/strong>&#8211; grupowa<br> <strong>\u015arodki dydaktyczne:<br> <\/strong>&#8211; arkusze papieru A4 lub A3.&nbsp;<\/p>\n\n\n\n<p><strong>PRZEBIEG ZAJ\u0118\u0106&nbsp;<\/strong><\/p>\n\n\n\n<p><strong>1. Wprowadzenie:&nbsp;<\/strong><\/p>\n\n\n\n<p>Nauczyciel przedstawia temat i cele lekcji, omawia r\u00f3wnie\u017c metod\u0119, kt\u00f3ra zdominuje te zaj\u0119cia, a nast\u0119pnie dzieli uczni\u00f3w na dwie grupy (podzia\u0142 najlepiej losowy). Uczniowie w ten spos\u00f3b b\u0119d\u0105 reprezentowa\u0107 dwa zespo\u0142y &#8211; pierwszy broni\u0105cy postawionej tezy i drugi neguj\u0105cy j\u0105.&nbsp;<\/p>\n\n\n\n<p><strong>2. Debata na temat \u201eInternet \u2013 okno na \u015bwiat\u201d:&nbsp;<\/strong><\/p>\n\n\n\n<p>Nauczyciel jako prowadz\u0105cy przedstawia zasady przebiegu debaty, kt\u00f3re nale\u017cy przestrzega\u0107. Nast\u0119pnie daje obu grupom czas (10\u201315 minut) na przygotowanie argument\u00f3w ZA i PRZECIW.<br>\nDebat\u0119 rozpoczyna grupa broni\u0105ca postawionej na wst\u0119pie tezy, przedstawia argument(-y) ZA. Natomiast przeciwna dru\u017cyna w odpowiedzi stara si\u0119 obali\u0107 tez\u0119, przytaczaj\u0105c mocne kontrargumenty PRZECIW. Ca\u0142\u0105 wymian\u0105 zda\u0144, obron\u0105 swojego stanowiska steruje prowadz\u0105cy.&nbsp;<\/p>\n\n\n\n<p><strong>3. Podsumowanie:&nbsp;<\/strong><\/p>\n\n\n\n<p>Prowadz\u0105cy prosi obie grupy o wyb\u00f3r osoby, kt\u00f3ra dokona podsumowania.&nbsp;<\/p>\n\n\n\n<p>Nauczyciel ko\u0144cz\u0105c debat\u0119 u\u015bwiadamia uczniom, \u017ce jej celem by\u0142o zwr\u00f3cenie uwagi na postawiony problem korzystania z Internetu oraz znalezienie najlepszego rozwi\u0105zania, a nie wy\u0142onienie zwyci\u0119zc\u00f3w i pokonanych.&nbsp;<br><\/p>\n","protected":false},"excerpt":{"rendered":"<p>Scenariusz z informatyki dla klas VII\/VII Temat: \u201eInternet \u2013 okno na \u015bwiat\u201d\u00a0 Cele \u2013 ucze\u0144:&nbsp; potrafi znale\u017a\u0107 argumenty ZA i PRZECIW postawionej tezie, potrafi umiej\u0119tnie dobiera\u0107 argumenty i kontrargumenty, nie krytykuje i nie ocenia wypowiedzi przeciwnik\u00f3w, szanuje ich zdanie.&nbsp; Metody &hellip; <a href=\"https:\/\/szkolawszpitalu.ovh\/?page_id=1050\">Czytaj dalej <span class=\"meta-nav\">&rarr;<\/span><\/a><\/p>\n","protected":false},"author":1,"featured_media":0,"parent":985,"menu_order":2,"comment_status":"closed","ping_status":"closed","template":"","meta":{"footnotes":""},"class_list":["post-1050","page","type-page","status-publish","hentry"],"_links":{"self":[{"href":"https:\/\/szkolawszpitalu.ovh\/index.php?rest_route=\/wp\/v2\/pages\/1050","targetHints":{"allow":["GET"]}}],"collection":[{"href":"https:\/\/szkolawszpitalu.ovh\/index.php?rest_route=\/wp\/v2\/pages"}],"about":[{"href":"https:\/\/szkolawszpitalu.ovh\/index.php?rest_route=\/wp\/v2\/types\/page"}],"author":[{"embeddable":true,"href":"https:\/\/szkolawszpitalu.ovh\/index.php?rest_route=\/wp\/v2\/users\/1"}],"replies":[{"embeddable":true,"href":"https:\/\/szkolawszpitalu.ovh\/index.php?rest_route=%2Fwp%2Fv2%2Fcomments&post=1050"}],"version-history":[{"count":3,"href":"https:\/\/szkolawszpitalu.ovh\/index.php?rest_route=\/wp\/v2\/pages\/1050\/revisions"}],"predecessor-version":[{"id":1324,"href":"https:\/\/szkolawszpitalu.ovh\/index.php?rest_route=\/wp\/v2\/pages\/1050\/revisions\/1324"}],"up":[{"embeddable":true,"href":"https:\/\/szkolawszpitalu.ovh\/index.php?rest_route=\/wp\/v2\/pages\/985"}],"wp:attachment":[{"href":"https:\/\/szkolawszpitalu.ovh\/index.php?rest_route=%2Fwp%2Fv2%2Fmedia&parent=1050"}],"curies":[{"name":"wp","href":"https:\/\/api.w.org\/{rel}","templated":true}]}}